{"id":5815,"date":"2023-11-13T10:28:36","date_gmt":"2023-11-13T09:28:36","guid":{"rendered":"https:\/\/falken-trade.com\/?page_id=5815"},"modified":"2023-11-13T10:29:13","modified_gmt":"2023-11-13T09:29:13","slug":"flavor-enhancers","status":"publish","type":"page","link":"https:\/\/falken-trade.com\/en\/flavor-enhancers\/","title":{"rendered":"Flavor Enhancers"},"content":{"rendered":"\t\t<div data-elementor-type=\"wp-page\" data-elementor-id=\"5815\" class=\"elementor elementor-5815\">\n\t\t\t\t<div class=\"elementor-element elementor-element-16334d08 e-flex e-con-boxed e-con e-parent\" data-id=\"16334d08\" data-element_type=\"container\">\n\t\t\t\t\t<div class=\"e-con-inner\">\n\t\t<div class=\"elementor-element elementor-element-20ccf73e e-con-full e-flex e-con e-child\" data-id=\"20ccf73e\" data-element_type=\"container\">\n\t\t\t\t<div class=\"elementor-element elementor-element-184b79e1 elementor-align-center elementor-widget elementor-widget-button\" data-id=\"184b79e1\" data-element_type=\"widget\" data-widget_type=\"button.default\">\n\t\t\t\t<div class=\"elementor-widget-container\">\n\t\t\t\t\t\t\t<div class=\"elementor-button-wrapper\">\n\t\t\t\t\t<a class=\"elementor-button elementor-button-link elementor-size-sm\" href=\"#glutaminian\">\n\t\t\t\t\t\t<span class=\"elementor-button-content-wrapper\">\n\t\t\t\t\t\t\t\t\t<span class=\"elementor-button-text\">Monosodium glutamate<\/span>\n\t\t\t\t\t<\/span>\n\t\t\t\t\t<\/a>\n\t\t\t\t<\/div>\n\t\t\t\t\t\t<\/div>\n\t\t\t\t<\/div>\n\t\t\t\t<\/div>\n\t\t<div class=\"elementor-element elementor-element-3294f19a e-con-full e-flex e-con e-child\" data-id=\"3294f19a\" data-element_type=\"container\">\n\t\t\t\t<div class=\"elementor-element elementor-element-5595c2b9 elementor-align-center elementor-widget elementor-widget-button\" data-id=\"5595c2b9\" data-element_type=\"widget\" data-widget_type=\"button.default\">\n\t\t\t\t<div class=\"elementor-widget-container\">\n\t\t\t\t\t\t\t<div class=\"elementor-button-wrapper\">\n\t\t\t\t\t<a class=\"elementor-button elementor-button-link elementor-size-sm\" href=\"#ekstrakty\">\n\t\t\t\t\t\t<span class=\"elementor-button-content-wrapper\">\n\t\t\t\t\t\t\t\t\t<span class=\"elementor-button-text\">Yeast extracts<\/span>\n\t\t\t\t\t<\/span>\n\t\t\t\t\t<\/a>\n\t\t\t\t<\/div>\n\t\t\t\t\t\t<\/div>\n\t\t\t\t<\/div>\n\t\t\t\t<\/div>\n\t\t\t\t\t<\/div>\n\t\t\t\t<\/div>\n\t\t<div class=\"elementor-element elementor-element-772283b5 e-flex e-con-boxed e-con e-parent\" data-id=\"772283b5\" data-element_type=\"container\">\n\t\t\t\t\t<div class=\"e-con-inner\">\n\t\t\t\t<div class=\"elementor-element elementor-element-2d53cc2f elementor-widget-divider--view-line_icon elementor-view-default elementor-widget-divider--element-align-center elementor-widget elementor-widget-divider\" data-id=\"2d53cc2f\" data-element_type=\"widget\" data-widget_type=\"divider.default\">\n\t\t\t\t<div class=\"elementor-widget-container\">\n\t\t\t\t\t<div class=\"elementor-divider\">\n\t\t\t<span class=\"elementor-divider-separator\">\n\t\t\t\t\t\t\t<div class=\"elementor-icon elementor-divider__element\">\n\t\t\t\t\t<i aria-hidden=\"true\" class=\"fas fa-star\"><\/i><\/div>\n\t\t\t\t\t\t<\/span>\n\t\t<\/div>\n\t\t\t\t<\/div>\n\t\t\t\t<\/div>\n\t\t\t\t\t<\/div>\n\t\t\t\t<\/div>\n\t\t<div class=\"elementor-element elementor-element-2ad754b e-flex e-con-boxed e-con e-parent\" data-id=\"2ad754b\" data-element_type=\"container\" id=\"glutaminian\">\n\t\t\t\t\t<div class=\"e-con-inner\">\n\t\t<div class=\"elementor-element elementor-element-70bb46c2 e-con-full e-flex e-con e-child\" data-id=\"70bb46c2\" data-element_type=\"container\">\n\t\t\t\t<div class=\"elementor-element elementor-element-72d93637 elementor-widget elementor-widget-heading\" data-id=\"72d93637\" data-element_type=\"widget\" data-widget_type=\"heading.default\">\n\t\t\t\t<div class=\"elementor-widget-container\">\n\t\t\t<h3 class=\"elementor-heading-title elementor-size-default\">Monosodium glutamate<\/h3>\t\t<\/div>\n\t\t\t\t<\/div>\n\t\t\t\t<div class=\"elementor-element elementor-element-7d4ab733 elementor-widget elementor-widget-text-editor\" data-id=\"7d4ab733\" data-element_type=\"widget\" data-widget_type=\"text-editor.default\">\n\t\t\t\t<div class=\"elementor-widget-container\">\n\t\t\t\t\t\t\t<section class=\"av_textblock_section av-k987o5vy-bc8fa3b42be310c494c818f6abe6f406\" style=\"font-style: normal; font-variant-ligatures: normal; font-variant-caps: normal; font-weight: 400; font-size: 16px; font-family: 'open sans', Helvetica, Arial, sans-serif; color: #666666;\"><div class=\"avia_textblock\"><p>Monosodium glutamate (MSG) is a natural chemical compound that plays a key role in enhancing the flavor of many dishes. Here are some key points about it:<\/p><p><strong>Flavor Enhancement<\/strong>: Monosodium glutamate is known for its ability to enhance the taste of dishes. It is often used in the kitchen to emphasize and highlight the flavors of various dishes, especially in Asian cuisine.<\/p><p><strong>Versatility<\/strong>: It is commonly used in restaurants and the food industry as an ingredient in seasonings, broths, and sauces to increase the overall tastiness of the dishes.<\/p><p><strong>Safety and Compliance with Standards<\/strong>: Monosodium glutamate is approved for use in food by many regulatory agencies worldwide. It is considered safe and complies with existing regulations.<\/p><p>Monosodium glutamate is a natural flavor enhancer that works well in both home cooking and the food industry.<\/p><\/div><\/section>\t\t\t\t\t\t<\/div>\n\t\t\t\t<\/div>\n\t\t\t\t<div class=\"elementor-element elementor-element-5e4cd38d elementor-align-center elementor-widget elementor-widget-button\" data-id=\"5e4cd38d\" data-element_type=\"widget\" data-widget_type=\"button.default\">\n\t\t\t\t<div class=\"elementor-widget-container\">\n\t\t\t\t\t\t\t<div class=\"elementor-button-wrapper\">\n\t\t\t\t\t<a class=\"elementor-button elementor-button-link elementor-size-sm\" href=\"https:\/\/falken-trade.com\/kontakt\/\" target=\"_blank\">\n\t\t\t\t\t\t<span class=\"elementor-button-content-wrapper\">\n\t\t\t\t\t\t\t\t\t<span class=\"elementor-button-text\">Ask about the product<\/span>\n\t\t\t\t\t<\/span>\n\t\t\t\t\t<\/a>\n\t\t\t\t<\/div>\n\t\t\t\t\t\t<\/div>\n\t\t\t\t<\/div>\n\t\t\t\t<div class=\"elementor-element elementor-element-7ecd1c96 elementor-align-center elementor-widget elementor-widget-button\" data-id=\"7ecd1c96\" data-element_type=\"widget\" data-widget_type=\"button.default\">\n\t\t\t\t<div class=\"elementor-widget-container\">\n\t\t\t\t\t\t\t<div class=\"elementor-button-wrapper\">\n\t\t\t\t\t<a class=\"elementor-button elementor-button-link elementor-size-sm\" href=\"http:\/\/falken-trade.com\/wp-content\/uploads\/2023\/11\/SPEC-MSG-E621-FT-ENG-PL-26.08.2022.pdf\" target=\"_blank\">\n\t\t\t\t\t\t<span class=\"elementor-button-content-wrapper\">\n\t\t\t\t\t\t\t\t\t<span class=\"elementor-button-text\">Product specifications<\/span>\n\t\t\t\t\t<\/span>\n\t\t\t\t\t<\/a>\n\t\t\t\t<\/div>\n\t\t\t\t\t\t<\/div>\n\t\t\t\t<\/div>\n\t\t\t\t<\/div>\n\t\t<div class=\"elementor-element elementor-element-64fe1584 e-con-full e-flex e-con e-child\" data-id=\"64fe1584\" data-element_type=\"container\">\n\t\t\t\t<div class=\"elementor-element elementor-element-45f7a00 elementor-widget elementor-widget-image\" data-id=\"45f7a00\" data-element_type=\"widget\" data-widget_type=\"image.default\">\n\t\t\t\t<div class=\"elementor-widget-container\">\n\t\t\t\t\t\t\t\t\t\t\t\t\t<img fetchpriority=\"high\" decoding=\"async\" width=\"1030\" height=\"759\" src=\"https:\/\/falken-trade.com\/wp-content\/uploads\/2023\/10\/crisps-448734_1280-1030x759.jpg\" class=\"attachment-large size-large wp-image-5817\" alt=\"\" srcset=\"https:\/\/falken-trade.com\/wp-content\/uploads\/2023\/10\/crisps-448734_1280-1030x759.jpg 1030w, https:\/\/falken-trade.com\/wp-content\/uploads\/2023\/10\/crisps-448734_1280-300x221.jpg 300w, https:\/\/falken-trade.com\/wp-content\/uploads\/2023\/10\/crisps-448734_1280-768x566.jpg 768w, https:\/\/falken-trade.com\/wp-content\/uploads\/2023\/10\/crisps-448734_1280-705x519.jpg 705w, https:\/\/falken-trade.com\/wp-content\/uploads\/2023\/10\/crisps-448734_1280.jpg 1280w\" sizes=\"(max-width: 1030px) 100vw, 1030px\" \/>\t\t\t\t\t\t\t\t\t\t\t\t\t<\/div>\n\t\t\t\t<\/div>\n\t\t\t\t<\/div>\n\t\t\t\t\t<\/div>\n\t\t\t\t<\/div>\n\t\t<div class=\"elementor-element elementor-element-9ff4bbf e-flex e-con-boxed e-con e-parent\" data-id=\"9ff4bbf\" data-element_type=\"container\" id=\"ekstrakty\" data-settings=\"{&quot;background_background&quot;:&quot;classic&quot;}\">\n\t\t\t\t\t<div class=\"e-con-inner\">\n\t\t<div class=\"elementor-element elementor-element-1831d03f e-con-full e-flex e-con e-child\" data-id=\"1831d03f\" data-element_type=\"container\">\n\t\t\t\t<div class=\"elementor-element elementor-element-68ad9285 elementor-widget elementor-widget-image\" data-id=\"68ad9285\" data-element_type=\"widget\" data-widget_type=\"image.default\">\n\t\t\t\t<div class=\"elementor-widget-container\">\n\t\t\t\t\t\t\t\t\t\t\t\t\t<img decoding=\"async\" width=\"1030\" height=\"672\" src=\"https:\/\/falken-trade.com\/wp-content\/uploads\/2023\/10\/tomatosoup-482403_1280-1030x672.jpg\" class=\"attachment-large size-large wp-image-5820\" alt=\"\" srcset=\"https:\/\/falken-trade.com\/wp-content\/uploads\/2023\/10\/tomatosoup-482403_1280-1030x672.jpg 1030w, https:\/\/falken-trade.com\/wp-content\/uploads\/2023\/10\/tomatosoup-482403_1280-300x196.jpg 300w, https:\/\/falken-trade.com\/wp-content\/uploads\/2023\/10\/tomatosoup-482403_1280-768x501.jpg 768w, https:\/\/falken-trade.com\/wp-content\/uploads\/2023\/10\/tomatosoup-482403_1280-705x460.jpg 705w, https:\/\/falken-trade.com\/wp-content\/uploads\/2023\/10\/tomatosoup-482403_1280.jpg 1280w\" sizes=\"(max-width: 1030px) 100vw, 1030px\" \/>\t\t\t\t\t\t\t\t\t\t\t\t\t<\/div>\n\t\t\t\t<\/div>\n\t\t\t\t<div class=\"elementor-element elementor-element-3a012377 elementor-widget elementor-widget-spacer\" data-id=\"3a012377\" data-element_type=\"widget\" data-widget_type=\"spacer.default\">\n\t\t\t\t<div class=\"elementor-widget-container\">\n\t\t\t\t\t<div class=\"elementor-spacer\">\n\t\t\t<div class=\"elementor-spacer-inner\"><\/div>\n\t\t<\/div>\n\t\t\t\t<\/div>\n\t\t\t\t<\/div>\n\t\t\t\t<\/div>\n\t\t<div class=\"elementor-element elementor-element-202bad17 e-con-full e-flex e-con e-child\" data-id=\"202bad17\" data-element_type=\"container\">\n\t\t\t\t<div class=\"elementor-element elementor-element-33916960 elementor-widget elementor-widget-heading\" data-id=\"33916960\" data-element_type=\"widget\" data-widget_type=\"heading.default\">\n\t\t\t\t<div class=\"elementor-widget-container\">\n\t\t\t<h3 class=\"elementor-heading-title elementor-size-default\">Yeast extracts<\/h3>\t\t<\/div>\n\t\t\t\t<\/div>\n\t\t\t\t<div class=\"elementor-element elementor-element-2cebb43e elementor-widget elementor-widget-text-editor\" data-id=\"2cebb43e\" data-element_type=\"widget\" data-widget_type=\"text-editor.default\">\n\t\t\t\t<div class=\"elementor-widget-container\">\n\t\t\t\t\t\t\t<p>Yeast extract is a natural substance derived from yeast that finds wide application in the food industry and supplementation. Here are some key points about it:<\/p><p><strong>Flavor Enhancement<\/strong>: Yeast extracts are used as a natural flavor enhancer that improves the aroma and taste of dishes. When added to food, they intensify the flavor experience.<\/p><p><strong>Source of Nutrients<\/strong>: They are a rich source of nutrients such as B vitamins, protein, minerals, and amino acids. This makes them used as dietary supplements.<\/p><p><strong>Improvement of Texture and Consistency<\/strong>: Yeast extracts influence the texture and consistency of many food products and baked goods, which can enhance the quality of dishes.<\/p><p><strong>Safety and Compliance with Standards<\/strong>: Products based on yeast extracts meet rigorous quality and safety standards, following applicable regulations and industry norms.<\/p><p>Yeast extracts provide a natural way to enhance flavor, provide nutritional value, and improve the quality of dishes.<\/p>\t\t\t\t\t\t<\/div>\n\t\t\t\t<\/div>\n\t\t\t\t<div class=\"elementor-element elementor-element-15d0cf61 elementor-align-center elementor-widget elementor-widget-button\" data-id=\"15d0cf61\" data-element_type=\"widget\" data-widget_type=\"button.default\">\n\t\t\t\t<div class=\"elementor-widget-container\">\n\t\t\t\t\t\t\t<div class=\"elementor-button-wrapper\">\n\t\t\t\t\t<a class=\"elementor-button elementor-button-link elementor-size-sm\" href=\"https:\/\/falken-trade.com\/kontakt\/\" target=\"_blank\">\n\t\t\t\t\t\t<span class=\"elementor-button-content-wrapper\">\n\t\t\t\t\t\t\t\t\t<span class=\"elementor-button-text\">Ask about the product<\/span>\n\t\t\t\t\t<\/span>\n\t\t\t\t\t<\/a>\n\t\t\t\t<\/div>\n\t\t\t\t\t\t<\/div>\n\t\t\t\t<\/div>\n\t\t\t\t<div class=\"elementor-element elementor-element-138f5da8 elementor-align-center elementor-widget elementor-widget-button\" data-id=\"138f5da8\" data-element_type=\"widget\" data-widget_type=\"button.default\">\n\t\t\t\t<div class=\"elementor-widget-container\">\n\t\t\t\t\t\t\t<div class=\"elementor-button-wrapper\">\n\t\t\t\t\t<a class=\"elementor-button elementor-button-link elementor-size-sm\" href=\"https:\/\/falken-trade.com\/wp-content\/uploads\/2020\/05\/Spec-YE-BS-PA638-ENG-PL.pdf\" target=\"_blank\">\n\t\t\t\t\t\t<span class=\"elementor-button-content-wrapper\">\n\t\t\t\t\t\t\t\t\t<span class=\"elementor-button-text\">Product specifications<\/span>\n\t\t\t\t\t<\/span>\n\t\t\t\t\t<\/a>\n\t\t\t\t<\/div>\n\t\t\t\t\t\t<\/div>\n\t\t\t\t<\/div>\n\t\t\t\t<\/div>\n\t\t\t\t\t<\/div>\n\t\t\t\t<\/div>\n\t\t<div class=\"elementor-element elementor-element-466a2915 e-flex e-con-boxed e-con e-parent\" data-id=\"466a2915\" data-element_type=\"container\">\n\t\t\t\t\t<div class=\"e-con-inner\">\n\t\t\t\t<div class=\"elementor-element elementor-element-65b8ad3f elementor-widget-divider--view-line_icon elementor-view-default elementor-widget-divider--element-align-center elementor-widget elementor-widget-divider\" data-id=\"65b8ad3f\" data-element_type=\"widget\" data-widget_type=\"divider.default\">\n\t\t\t\t<div class=\"elementor-widget-container\">\n\t\t\t\t\t<div class=\"elementor-divider\">\n\t\t\t<span class=\"elementor-divider-separator\">\n\t\t\t\t\t\t\t<div class=\"elementor-icon elementor-divider__element\">\n\t\t\t\t\t<i aria-hidden=\"true\" class=\"fas fa-star\"><\/i><\/div>\n\t\t\t\t\t\t<\/span>\n\t\t<\/div>\n\t\t\t\t<\/div>\n\t\t\t\t<\/div>\n\t\t\t\t\t<\/div>\n\t\t\t\t<\/div>\n\t\t\t\t<\/div>\n\t\t","protected":false},"excerpt":{"rendered":"<p>Monosodium glutamate Yeast extracts Monosodium glutamate Monosodium glutamate (MSG) is a natural chemical compound that plays a key role in enhancing the flavor of many dishes. Here are some key points about it: Flavor Enhancement: Monosodium glutamate is known for its ability to enhance the taste of dishes. It is often used in the kitchen [&hellip;]<\/p>\n","protected":false},"author":2,"featured_media":5818,"parent":0,"menu_order":0,"comment_status":"closed","ping_status":"closed","template":"","meta":{"footnotes":""},"class_list":["post-5815","page","type-page","status-publish","has-post-thumbnail","hentry"],"yoast_head":"<!-- This site is optimized with the Yoast SEO plugin v23.8 - https:\/\/yoast.com\/wordpress\/plugins\/seo\/ -->\n<title>Flavor Enhancers - Falken Trade - sklep z dodatkami funkcjonalnymi do \u017cywo\u015bci i pasz<\/title>\n<meta name=\"robots\" content=\"index, follow, max-snippet:-1, max-image-preview:large, max-video-preview:-1\" \/>\n<link rel=\"canonical\" href=\"https:\/\/falken-trade.com\/en\/flavor-enhancers\/\" \/>\n<meta property=\"og:locale\" content=\"en_US\" \/>\n<meta property=\"og:type\" content=\"article\" \/>\n<meta property=\"og:title\" content=\"Flavor Enhancers - Falken Trade - sklep z dodatkami funkcjonalnymi do \u017cywo\u015bci i pasz\" \/>\n<meta property=\"og:description\" content=\"Monosodium glutamate Yeast extracts Monosodium glutamate Monosodium glutamate (MSG) is a natural chemical compound that plays a key role in enhancing the flavor of many dishes. Here are some key points about it: Flavor Enhancement: Monosodium glutamate is known for its ability to enhance the taste of dishes. It is often used in the kitchen [&hellip;]\" \/>\n<meta property=\"og:url\" content=\"https:\/\/falken-trade.com\/en\/flavor-enhancers\/\" \/>\n<meta property=\"og:site_name\" content=\"Falken Trade - sklep z dodatkami funkcjonalnymi do \u017cywo\u015bci i pasz\" \/>\n<meta property=\"article:publisher\" content=\"https:\/\/www.facebook.com\/falkentrade\/\" \/>\n<meta property=\"article:modified_time\" content=\"2023-11-13T09:29:13+00:00\" \/>\n<meta property=\"og:image\" content=\"https:\/\/falken-trade.com\/wp-content\/uploads\/2023\/10\/crisps-448734_1280.jpg\" \/>\n\t<meta property=\"og:image:width\" content=\"1280\" \/>\n\t<meta property=\"og:image:height\" content=\"943\" \/>\n\t<meta property=\"og:image:type\" content=\"image\/jpeg\" \/>\n<meta name=\"twitter:card\" content=\"summary_large_image\" \/>\n<meta name=\"twitter:label1\" content=\"Est. reading time\" \/>\n\t<meta name=\"twitter:data1\" content=\"3 minutes\" \/>\n<script type=\"application\/ld+json\" class=\"yoast-schema-graph\">{\"@context\":\"https:\/\/schema.org\",\"@graph\":[{\"@type\":\"WebPage\",\"@id\":\"https:\/\/falken-trade.com\/en\/flavor-enhancers\/\",\"url\":\"https:\/\/falken-trade.com\/en\/flavor-enhancers\/\",\"name\":\"Flavor Enhancers - Falken Trade - sklep z dodatkami funkcjonalnymi do \u017cywo\u015bci i pasz\",\"isPartOf\":{\"@id\":\"https:\/\/falken-trade.com\/#website\"},\"primaryImageOfPage\":{\"@id\":\"https:\/\/falken-trade.com\/en\/flavor-enhancers\/#primaryimage\"},\"image\":{\"@id\":\"https:\/\/falken-trade.com\/en\/flavor-enhancers\/#primaryimage\"},\"thumbnailUrl\":\"https:\/\/falken-trade.com\/wp-content\/uploads\/2023\/10\/crisps-448734_1280.jpg\",\"datePublished\":\"2023-11-13T09:28:36+00:00\",\"dateModified\":\"2023-11-13T09:29:13+00:00\",\"breadcrumb\":{\"@id\":\"https:\/\/falken-trade.com\/en\/flavor-enhancers\/#breadcrumb\"},\"inLanguage\":\"en-US\",\"potentialAction\":[{\"@type\":\"ReadAction\",\"target\":[\"https:\/\/falken-trade.com\/en\/flavor-enhancers\/\"]}]},{\"@type\":\"ImageObject\",\"inLanguage\":\"en-US\",\"@id\":\"https:\/\/falken-trade.com\/en\/flavor-enhancers\/#primaryimage\",\"url\":\"https:\/\/falken-trade.com\/wp-content\/uploads\/2023\/10\/crisps-448734_1280.jpg\",\"contentUrl\":\"https:\/\/falken-trade.com\/wp-content\/uploads\/2023\/10\/crisps-448734_1280.jpg\",\"width\":1280,\"height\":943,\"caption\":\"Chipsy paprykowe\"},{\"@type\":\"BreadcrumbList\",\"@id\":\"https:\/\/falken-trade.com\/en\/flavor-enhancers\/#breadcrumb\",\"itemListElement\":[{\"@type\":\"ListItem\",\"position\":1,\"name\":\"Strona g\u0142\u00f3wna\",\"item\":\"https:\/\/falken-trade.com\/en\/strona-glowna\/\"},{\"@type\":\"ListItem\",\"position\":2,\"name\":\"Flavor Enhancers\"}]},{\"@type\":\"WebSite\",\"@id\":\"https:\/\/falken-trade.com\/#website\",\"url\":\"https:\/\/falken-trade.com\/\",\"name\":\"Falken Trade - sklep z dodatkami funkcjonalnymi do \u017cywno\u015bci i pasz\",\"description\":\"Dystrybutor dodatk\u00f3w \u017cywno\u015bciowych i dodatk\u00f3w do pasz\",\"publisher\":{\"@id\":\"https:\/\/falken-trade.com\/#organization\"},\"alternateName\":\"sklep z dodatkami funkcjonalnymi do \u017cywno\u015bci i pasz\",\"potentialAction\":[{\"@type\":\"SearchAction\",\"target\":{\"@type\":\"EntryPoint\",\"urlTemplate\":\"https:\/\/falken-trade.com\/?s={search_term_string}\"},\"query-input\":{\"@type\":\"PropertyValueSpecification\",\"valueRequired\":true,\"valueName\":\"search_term_string\"}}],\"inLanguage\":\"en-US\"},{\"@type\":\"Organization\",\"@id\":\"https:\/\/falken-trade.com\/#organization\",\"name\":\"Falken Trade Polska\",\"url\":\"https:\/\/falken-trade.com\/\",\"logo\":{\"@type\":\"ImageObject\",\"inLanguage\":\"en-US\",\"@id\":\"https:\/\/falken-trade.com\/#\/schema\/logo\/image\/\",\"url\":\"https:\/\/falken-trade.com\/wp-content\/uploads\/2021\/10\/Logo-new-z-podpisem-scaled.jpg\",\"contentUrl\":\"https:\/\/falken-trade.com\/wp-content\/uploads\/2021\/10\/Logo-new-z-podpisem-scaled.jpg\",\"width\":2560,\"height\":941,\"caption\":\"Falken Trade Polska\"},\"image\":{\"@id\":\"https:\/\/falken-trade.com\/#\/schema\/logo\/image\/\"},\"sameAs\":[\"https:\/\/www.facebook.com\/falkentrade\/\",\"https:\/\/www.linkedin.com\/company\/19018107\/admin\/\"]}]}<\/script>\n<!-- \/ Yoast SEO plugin. -->","yoast_head_json":{"title":"Flavor Enhancers - Falken Trade - sklep z dodatkami funkcjonalnymi do \u017cywo\u015bci i pasz","robots":{"index":"index","follow":"follow","max-snippet":"max-snippet:-1","max-image-preview":"max-image-preview:large","max-video-preview":"max-video-preview:-1"},"canonical":"https:\/\/falken-trade.com\/en\/flavor-enhancers\/","og_locale":"en_US","og_type":"article","og_title":"Flavor Enhancers - Falken Trade - sklep z dodatkami funkcjonalnymi do \u017cywo\u015bci i pasz","og_description":"Monosodium glutamate Yeast extracts Monosodium glutamate Monosodium glutamate (MSG) is a natural chemical compound that plays a key role in enhancing the flavor of many dishes. Here are some key points about it: Flavor Enhancement: Monosodium glutamate is known for its ability to enhance the taste of dishes. It is often used in the kitchen [&hellip;]","og_url":"https:\/\/falken-trade.com\/en\/flavor-enhancers\/","og_site_name":"Falken Trade - sklep z dodatkami funkcjonalnymi do \u017cywo\u015bci i pasz","article_publisher":"https:\/\/www.facebook.com\/falkentrade\/","article_modified_time":"2023-11-13T09:29:13+00:00","og_image":[{"width":1280,"height":943,"url":"https:\/\/falken-trade.com\/wp-content\/uploads\/2023\/10\/crisps-448734_1280.jpg","type":"image\/jpeg"}],"twitter_card":"summary_large_image","twitter_misc":{"Est. reading time":"3 minutes"},"schema":{"@context":"https:\/\/schema.org","@graph":[{"@type":"WebPage","@id":"https:\/\/falken-trade.com\/en\/flavor-enhancers\/","url":"https:\/\/falken-trade.com\/en\/flavor-enhancers\/","name":"Flavor Enhancers - Falken Trade - sklep z dodatkami funkcjonalnymi do \u017cywo\u015bci i pasz","isPartOf":{"@id":"https:\/\/falken-trade.com\/#website"},"primaryImageOfPage":{"@id":"https:\/\/falken-trade.com\/en\/flavor-enhancers\/#primaryimage"},"image":{"@id":"https:\/\/falken-trade.com\/en\/flavor-enhancers\/#primaryimage"},"thumbnailUrl":"https:\/\/falken-trade.com\/wp-content\/uploads\/2023\/10\/crisps-448734_1280.jpg","datePublished":"2023-11-13T09:28:36+00:00","dateModified":"2023-11-13T09:29:13+00:00","breadcrumb":{"@id":"https:\/\/falken-trade.com\/en\/flavor-enhancers\/#breadcrumb"},"inLanguage":"en-US","potentialAction":[{"@type":"ReadAction","target":["https:\/\/falken-trade.com\/en\/flavor-enhancers\/"]}]},{"@type":"ImageObject","inLanguage":"en-US","@id":"https:\/\/falken-trade.com\/en\/flavor-enhancers\/#primaryimage","url":"https:\/\/falken-trade.com\/wp-content\/uploads\/2023\/10\/crisps-448734_1280.jpg","contentUrl":"https:\/\/falken-trade.com\/wp-content\/uploads\/2023\/10\/crisps-448734_1280.jpg","width":1280,"height":943,"caption":"Chipsy paprykowe"},{"@type":"BreadcrumbList","@id":"https:\/\/falken-trade.com\/en\/flavor-enhancers\/#breadcrumb","itemListElement":[{"@type":"ListItem","position":1,"name":"Strona g\u0142\u00f3wna","item":"https:\/\/falken-trade.com\/en\/strona-glowna\/"},{"@type":"ListItem","position":2,"name":"Flavor Enhancers"}]},{"@type":"WebSite","@id":"https:\/\/falken-trade.com\/#website","url":"https:\/\/falken-trade.com\/","name":"Falken Trade - sklep z dodatkami funkcjonalnymi do \u017cywno\u015bci i pasz","description":"Dystrybutor dodatk\u00f3w \u017cywno\u015bciowych i dodatk\u00f3w do pasz","publisher":{"@id":"https:\/\/falken-trade.com\/#organization"},"alternateName":"sklep z dodatkami funkcjonalnymi do \u017cywno\u015bci i pasz","potentialAction":[{"@type":"SearchAction","target":{"@type":"EntryPoint","urlTemplate":"https:\/\/falken-trade.com\/?s={search_term_string}"},"query-input":{"@type":"PropertyValueSpecification","valueRequired":true,"valueName":"search_term_string"}}],"inLanguage":"en-US"},{"@type":"Organization","@id":"https:\/\/falken-trade.com\/#organization","name":"Falken Trade Polska","url":"https:\/\/falken-trade.com\/","logo":{"@type":"ImageObject","inLanguage":"en-US","@id":"https:\/\/falken-trade.com\/#\/schema\/logo\/image\/","url":"https:\/\/falken-trade.com\/wp-content\/uploads\/2021\/10\/Logo-new-z-podpisem-scaled.jpg","contentUrl":"https:\/\/falken-trade.com\/wp-content\/uploads\/2021\/10\/Logo-new-z-podpisem-scaled.jpg","width":2560,"height":941,"caption":"Falken Trade Polska"},"image":{"@id":"https:\/\/falken-trade.com\/#\/schema\/logo\/image\/"},"sameAs":["https:\/\/www.facebook.com\/falkentrade\/","https:\/\/www.linkedin.com\/company\/19018107\/admin\/"]}]}},"_links":{"self":[{"href":"https:\/\/falken-trade.com\/en\/wp-json\/wp\/v2\/pages\/5815"}],"collection":[{"href":"https:\/\/falken-trade.com\/en\/wp-json\/wp\/v2\/pages"}],"about":[{"href":"https:\/\/falken-trade.com\/en\/wp-json\/wp\/v2\/types\/page"}],"author":[{"embeddable":true,"href":"https:\/\/falken-trade.com\/en\/wp-json\/wp\/v2\/users\/2"}],"replies":[{"embeddable":true,"href":"https:\/\/falken-trade.com\/en\/wp-json\/wp\/v2\/comments?post=5815"}],"version-history":[{"count":7,"href":"https:\/\/falken-trade.com\/en\/wp-json\/wp\/v2\/pages\/5815\/revisions"}],"predecessor-version":[{"id":7997,"href":"https:\/\/falken-trade.com\/en\/wp-json\/wp\/v2\/pages\/5815\/revisions\/7997"}],"wp:featuredmedia":[{"embeddable":true,"href":"https:\/\/falken-trade.com\/en\/wp-json\/wp\/v2\/media\/5818"}],"wp:attachment":[{"href":"https:\/\/falken-trade.com\/en\/wp-json\/wp\/v2\/media?parent=5815"}],"curies":[{"name":"wp","href":"https:\/\/api.w.org\/{rel}","templated":true}]}}