{"id":3540,"date":"2020-06-16T08:43:19","date_gmt":"2020-06-16T06:43:19","guid":{"rendered":"https:\/\/falken-trade.com\/?page_id=3540"},"modified":"2025-08-22T12:53:37","modified_gmt":"2025-08-22T10:53:37","slug":"quality-and-safety-policy-in-the-supply-chain","status":"publish","type":"page","link":"https:\/\/falken-trade.com\/en\/quality-and-safety-policy-in-the-supply-chain\/","title":{"rendered":"Quality and safety policy in the supply chain"},"content":{"rendered":"\n<style type=\"text\/css\" data-created_by=\"avia_inline_auto\" id=\"style-css-av-5ne6ei-c5b5fb30c5cb2da2767c8e127168f66e\">\n.flex_column.av-5ne6ei-c5b5fb30c5cb2da2767c8e127168f66e{\nborder-radius:0px 0px 0px 0px;\npadding:0px 0px 0px 0px;\n}\n<\/style>\n<div  class='flex_column av-5ne6ei-c5b5fb30c5cb2da2767c8e127168f66e av_one_full  avia-builder-el-0  el_before_av_one_half  avia-builder-el-first  first flex_column_div av-zero-column-padding  '     ><section  class='av_textblock_section av-kbhk3n2f-34d8634b16fe012915afd57012983d04 '   itemscope=\"itemscope\" itemtype=\"https:\/\/schema.org\/CreativeWork\" ><div class='avia_textblock'  itemprop=\"text\" ><p>Policy of quality and safety in the supply chain<br \/>\nFALKEN TRADE s a dynamically developing distributor of food additives and feed additives supplying the European market with high-quality products from carefully selected global manufacturers of additives. The company offers food additives (i.e. acidity regulators, stabilizers, gelling agents, antioxidants, flavor and aroma enhancers, sweeteners, dyes, dried products) and feed additives at the highest level in the field of international transport services.<br \/>\nThe overriding goal of FALKEN TRADE is to maintain and increase the trust of customers achieved by ensuring high quality of the products and services provided in accordance with their expectations and needs. We make every effort to provide services in a timely and reliable manner.<br \/>\nFALKEN TRADE, in order to ensure the high quality of the offered products, carries out quality audits at manufacturers, adequately monitors imported goods and cooperates with accredited laboratories. Careful control guarantees a repeatable level of quality and food safety. Our activities are focused on continuous improvement and improvement of security in the supply chain. Permanent and fair relations with suppliers and business partners guarantee reliability and make it possible to meet difficult and large orders in a relatively short time.<br \/>\nFALKEN TRADE has the ambition to become a leading company in the Central and Eastern European market in the field of trade in food additives and feed additives.<\/p>\n<p>These beliefs are the basis for setting the company&#8217;s strategic goals, which are:<br \/>\n&#8211; quick response to changing customer needs,<br \/>\n&#8211; constant monitoring and analysis of the level of customer satisfaction,<br \/>\n&#8211; comprehensive and timely customer service,<br \/>\n&#8211; constant expansion of sales markets,<br \/>\n&#8211; cooperation with qualified suppliers who guarantee the highest quality products,<br \/>\n&#8211; continuous improvement of the qualifications of the company&#8217;s employees,<br \/>\n&#8211; constant monitoring and analysis in terms of preventing any health risks of the offered products,<br \/>\n&#8211; timeliness and reliability of the services provided,<br \/>\n&#8211; activities increasing the level of security in the supply chain,<br \/>\n&#8211; hazard identification and risk assessment,<br \/>\n&#8211; providing services based on applicable requirements and legal regulations,<br \/>\n&#8211; compliance with environmental protection requirements<br \/>\n&#8211; compliance with ethical standards.<\/p>\n<p>Achieving these goals is achieved through the implementation, maintenance and improvement of the effectiveness of the quality management system, food and feed safety and safety in the supply chain based on international standards: IFS Broker, ISO 9001, ISO 28000, AEO and GMP+FSA. The company&#8217;s employees are involved in the culture of food and feed safety, they are aware of their responsibility for the quality, health safety and legality of the delivered goods. They have been trained in the above-mentioned systems, are aware of the risks that have been identified in the entire process of providing services and the responsibility that comes with meeting customer expectations. Employees make every effort to make FALKEN TRADE a trustworthy partner, also by ensuring a high level of security in the supply chain.<br \/>\nThe top management obliges itself and all employees to implement the provisions of the management system in their daily work and its further active development, improvement of effectiveness as well as monitoring and updating of compliance with all normative and legal requirements relevant to the organization. The company&#8217;s management declares to constantly raise the awareness and value of employees in the aspects of food and feed safety culture, the level of quality of services provided, so as to meet all, even the most difficult customer requirements, within the scope of their possibilities.<\/p>\n<\/div><\/section><\/div>\n<style type=\"text\/css\" data-created_by=\"avia_inline_auto\" id=\"style-css-av-2jmh0a-3277eb8834771707f3b9c445a425a6fc\">\n.flex_column.av-2jmh0a-3277eb8834771707f3b9c445a425a6fc{\nborder-radius:0px 0px 0px 0px;\npadding:0px 0px 0px 0px;\n}\n<\/style>\n<div  class='flex_column av-2jmh0a-3277eb8834771707f3b9c445a425a6fc av_one_half  avia-builder-el-2  el_after_av_one_full  avia-builder-el-last  first flex_column_div av-zero-column-padding  column-top-margin'     ><style type=\"text\/css\" data-created_by=\"avia_inline_auto\" id=\"style-css-av-kbhk6v6t-bf294f808dcd5233cc056de2d5a236f7\">\n.avia-image-container.av-kbhk6v6t-bf294f808dcd5233cc056de2d5a236f7 img.avia_image{\nbox-shadow:none;\n}\n.avia-image-container.av-kbhk6v6t-bf294f808dcd5233cc056de2d5a236f7 .av-image-caption-overlay-center{\ncolor:#ffffff;\n}\n<\/style>\n<div  class='avia-image-container av-kbhk6v6t-bf294f808dcd5233cc056de2d5a236f7 av-styling- av-hover-grow avia-align-center  avia-builder-el-3  avia-builder-el-no-sibling '   itemprop=\"image\" itemscope=\"itemscope\" itemtype=\"https:\/\/schema.org\/ImageObject\" ><div class=\"avia-image-container-inner\"><div class=\"avia-image-overlay-wrap\"><img fetchpriority=\"high\" fetchpriority=\"high\" decoding=\"async\" fetchpriority=\"high\" class='wp-image-9109 avia-img-lazy-loading-not-9109 avia_image ' src=\"https:\/\/falken-trade.com\/wp-content\/uploads\/2025\/08\/Zrzut-ekranu-2025-08-22-102423-608x630.png\" alt='' title='Polityka jako\u015bci En'  height=\"630\" width=\"608\"  itemprop=\"thumbnailUrl\" srcset=\"https:\/\/falken-trade.com\/wp-content\/uploads\/2025\/08\/Zrzut-ekranu-2025-08-22-102423-608x630.png 608w, https:\/\/falken-trade.com\/wp-content\/uploads\/2025\/08\/Zrzut-ekranu-2025-08-22-102423-36x36.png 36w\" sizes=\"(max-width: 608px) 100vw, 608px\" \/><\/div><\/div><\/div><\/div><\/p>\n","protected":false},"excerpt":{"rendered":"","protected":false},"author":1,"featured_media":0,"parent":0,"menu_order":0,"comment_status":"closed","ping_status":"closed","template":"","meta":{"footnotes":""},"class_list":["post-3540","page","type-page","status-publish","hentry"],"yoast_head":"<!-- This site is optimized with the Yoast SEO plugin v23.8 - https:\/\/yoast.com\/wordpress\/plugins\/seo\/ -->\n<title>Quality and safety policy in the supply chain - Falken Trade - sklep z dodatkami funkcjonalnymi do \u017cywo\u015bci i pasz<\/title>\n<meta name=\"robots\" content=\"index, follow, max-snippet:-1, max-image-preview:large, max-video-preview:-1\" \/>\n<link rel=\"canonical\" href=\"https:\/\/falken-trade.com\/en\/quality-and-safety-policy-in-the-supply-chain\/\" \/>\n<meta property=\"og:locale\" content=\"en_US\" \/>\n<meta property=\"og:type\" content=\"article\" \/>\n<meta property=\"og:title\" content=\"Quality and safety policy in the supply chain - Falken Trade - sklep z dodatkami funkcjonalnymi do \u017cywo\u015bci i pasz\" \/>\n<meta property=\"og:url\" content=\"https:\/\/falken-trade.com\/en\/quality-and-safety-policy-in-the-supply-chain\/\" \/>\n<meta property=\"og:site_name\" content=\"Falken Trade - sklep z dodatkami funkcjonalnymi do \u017cywo\u015bci i pasz\" \/>\n<meta property=\"article:publisher\" content=\"https:\/\/www.facebook.com\/falkentrade\/\" \/>\n<meta property=\"article:modified_time\" content=\"2025-08-22T10:53:37+00:00\" \/>\n<meta name=\"twitter:card\" content=\"summary_large_image\" \/>\n<meta name=\"twitter:label1\" content=\"Est. reading time\" \/>\n\t<meta name=\"twitter:data1\" content=\"4 minutes\" \/>\n<script type=\"application\/ld+json\" class=\"yoast-schema-graph\">{\"@context\":\"https:\/\/schema.org\",\"@graph\":[{\"@type\":\"WebPage\",\"@id\":\"https:\/\/falken-trade.com\/en\/quality-and-safety-policy-in-the-supply-chain\/\",\"url\":\"https:\/\/falken-trade.com\/en\/quality-and-safety-policy-in-the-supply-chain\/\",\"name\":\"Quality and safety policy in the supply chain - Falken Trade - sklep z dodatkami funkcjonalnymi do \u017cywo\u015bci i pasz\",\"isPartOf\":{\"@id\":\"https:\/\/falken-trade.com\/#website\"},\"datePublished\":\"2020-06-16T06:43:19+00:00\",\"dateModified\":\"2025-08-22T10:53:37+00:00\",\"breadcrumb\":{\"@id\":\"https:\/\/falken-trade.com\/en\/quality-and-safety-policy-in-the-supply-chain\/#breadcrumb\"},\"inLanguage\":\"en-US\",\"potentialAction\":[{\"@type\":\"ReadAction\",\"target\":[\"https:\/\/falken-trade.com\/en\/quality-and-safety-policy-in-the-supply-chain\/\"]}]},{\"@type\":\"BreadcrumbList\",\"@id\":\"https:\/\/falken-trade.com\/en\/quality-and-safety-policy-in-the-supply-chain\/#breadcrumb\",\"itemListElement\":[{\"@type\":\"ListItem\",\"position\":1,\"name\":\"Strona g\u0142\u00f3wna\",\"item\":\"https:\/\/falken-trade.com\/en\/strona-glowna\/\"},{\"@type\":\"ListItem\",\"position\":2,\"name\":\"Quality and safety policy in the supply chain\"}]},{\"@type\":\"WebSite\",\"@id\":\"https:\/\/falken-trade.com\/#website\",\"url\":\"https:\/\/falken-trade.com\/\",\"name\":\"Falken Trade - sklep z dodatkami funkcjonalnymi do \u017cywno\u015bci i pasz\",\"description\":\"Dystrybutor dodatk\u00f3w \u017cywno\u015bciowych i dodatk\u00f3w do pasz\",\"publisher\":{\"@id\":\"https:\/\/falken-trade.com\/#organization\"},\"alternateName\":\"sklep z dodatkami funkcjonalnymi do \u017cywno\u015bci i pasz\",\"potentialAction\":[{\"@type\":\"SearchAction\",\"target\":{\"@type\":\"EntryPoint\",\"urlTemplate\":\"https:\/\/falken-trade.com\/?s={search_term_string}\"},\"query-input\":{\"@type\":\"PropertyValueSpecification\",\"valueRequired\":true,\"valueName\":\"search_term_string\"}}],\"inLanguage\":\"en-US\"},{\"@type\":\"Organization\",\"@id\":\"https:\/\/falken-trade.com\/#organization\",\"name\":\"Falken Trade Polska\",\"url\":\"https:\/\/falken-trade.com\/\",\"logo\":{\"@type\":\"ImageObject\",\"inLanguage\":\"en-US\",\"@id\":\"https:\/\/falken-trade.com\/#\/schema\/logo\/image\/\",\"url\":\"https:\/\/falken-trade.com\/wp-content\/uploads\/2021\/10\/Logo-new-z-podpisem-scaled.jpg\",\"contentUrl\":\"https:\/\/falken-trade.com\/wp-content\/uploads\/2021\/10\/Logo-new-z-podpisem-scaled.jpg\",\"width\":2560,\"height\":941,\"caption\":\"Falken Trade Polska\"},\"image\":{\"@id\":\"https:\/\/falken-trade.com\/#\/schema\/logo\/image\/\"},\"sameAs\":[\"https:\/\/www.facebook.com\/falkentrade\/\",\"https:\/\/www.linkedin.com\/company\/19018107\/admin\/\"]}]}<\/script>\n<!-- \/ Yoast SEO plugin. -->","yoast_head_json":{"title":"Quality and safety policy in the supply chain - Falken Trade - sklep z dodatkami funkcjonalnymi do \u017cywo\u015bci i pasz","robots":{"index":"index","follow":"follow","max-snippet":"max-snippet:-1","max-image-preview":"max-image-preview:large","max-video-preview":"max-video-preview:-1"},"canonical":"https:\/\/falken-trade.com\/en\/quality-and-safety-policy-in-the-supply-chain\/","og_locale":"en_US","og_type":"article","og_title":"Quality and safety policy in the supply chain - Falken Trade - sklep z dodatkami funkcjonalnymi do \u017cywo\u015bci i pasz","og_url":"https:\/\/falken-trade.com\/en\/quality-and-safety-policy-in-the-supply-chain\/","og_site_name":"Falken Trade - sklep z dodatkami funkcjonalnymi do \u017cywo\u015bci i pasz","article_publisher":"https:\/\/www.facebook.com\/falkentrade\/","article_modified_time":"2025-08-22T10:53:37+00:00","twitter_card":"summary_large_image","twitter_misc":{"Est. reading time":"4 minutes"},"schema":{"@context":"https:\/\/schema.org","@graph":[{"@type":"WebPage","@id":"https:\/\/falken-trade.com\/en\/quality-and-safety-policy-in-the-supply-chain\/","url":"https:\/\/falken-trade.com\/en\/quality-and-safety-policy-in-the-supply-chain\/","name":"Quality and safety policy in the supply chain - Falken Trade - sklep z dodatkami funkcjonalnymi do \u017cywo\u015bci i pasz","isPartOf":{"@id":"https:\/\/falken-trade.com\/#website"},"datePublished":"2020-06-16T06:43:19+00:00","dateModified":"2025-08-22T10:53:37+00:00","breadcrumb":{"@id":"https:\/\/falken-trade.com\/en\/quality-and-safety-policy-in-the-supply-chain\/#breadcrumb"},"inLanguage":"en-US","potentialAction":[{"@type":"ReadAction","target":["https:\/\/falken-trade.com\/en\/quality-and-safety-policy-in-the-supply-chain\/"]}]},{"@type":"BreadcrumbList","@id":"https:\/\/falken-trade.com\/en\/quality-and-safety-policy-in-the-supply-chain\/#breadcrumb","itemListElement":[{"@type":"ListItem","position":1,"name":"Strona g\u0142\u00f3wna","item":"https:\/\/falken-trade.com\/en\/strona-glowna\/"},{"@type":"ListItem","position":2,"name":"Quality and safety policy in the supply chain"}]},{"@type":"WebSite","@id":"https:\/\/falken-trade.com\/#website","url":"https:\/\/falken-trade.com\/","name":"Falken Trade - sklep z dodatkami funkcjonalnymi do \u017cywno\u015bci i pasz","description":"Dystrybutor dodatk\u00f3w \u017cywno\u015bciowych i dodatk\u00f3w do pasz","publisher":{"@id":"https:\/\/falken-trade.com\/#organization"},"alternateName":"sklep z dodatkami funkcjonalnymi do \u017cywno\u015bci i pasz","potentialAction":[{"@type":"SearchAction","target":{"@type":"EntryPoint","urlTemplate":"https:\/\/falken-trade.com\/?s={search_term_string}"},"query-input":{"@type":"PropertyValueSpecification","valueRequired":true,"valueName":"search_term_string"}}],"inLanguage":"en-US"},{"@type":"Organization","@id":"https:\/\/falken-trade.com\/#organization","name":"Falken Trade Polska","url":"https:\/\/falken-trade.com\/","logo":{"@type":"ImageObject","inLanguage":"en-US","@id":"https:\/\/falken-trade.com\/#\/schema\/logo\/image\/","url":"https:\/\/falken-trade.com\/wp-content\/uploads\/2021\/10\/Logo-new-z-podpisem-scaled.jpg","contentUrl":"https:\/\/falken-trade.com\/wp-content\/uploads\/2021\/10\/Logo-new-z-podpisem-scaled.jpg","width":2560,"height":941,"caption":"Falken Trade Polska"},"image":{"@id":"https:\/\/falken-trade.com\/#\/schema\/logo\/image\/"},"sameAs":["https:\/\/www.facebook.com\/falkentrade\/","https:\/\/www.linkedin.com\/company\/19018107\/admin\/"]}]}},"_links":{"self":[{"href":"https:\/\/falken-trade.com\/en\/wp-json\/wp\/v2\/pages\/3540"}],"collection":[{"href":"https:\/\/falken-trade.com\/en\/wp-json\/wp\/v2\/pages"}],"about":[{"href":"https:\/\/falken-trade.com\/en\/wp-json\/wp\/v2\/types\/page"}],"author":[{"embeddable":true,"href":"https:\/\/falken-trade.com\/en\/wp-json\/wp\/v2\/users\/1"}],"replies":[{"embeddable":true,"href":"https:\/\/falken-trade.com\/en\/wp-json\/wp\/v2\/comments?post=3540"}],"version-history":[{"count":8,"href":"https:\/\/falken-trade.com\/en\/wp-json\/wp\/v2\/pages\/3540\/revisions"}],"predecessor-version":[{"id":9120,"href":"https:\/\/falken-trade.com\/en\/wp-json\/wp\/v2\/pages\/3540\/revisions\/9120"}],"wp:attachment":[{"href":"https:\/\/falken-trade.com\/en\/wp-json\/wp\/v2\/media?parent=3540"}],"curies":[{"name":"wp","href":"https:\/\/api.w.org\/{rel}","templated":true}]}}