{"id":2904,"date":"2020-06-09T10:15:22","date_gmt":"2020-06-09T08:15:22","guid":{"rendered":"https:\/\/falken-trade.com\/?page_id=2904"},"modified":"2020-06-15T07:33:49","modified_gmt":"2020-06-15T05:33:49","slug":"feed-additives","status":"publish","type":"page","link":"https:\/\/falken-trade.com\/en\/feed-additives\/","title":{"rendered":"Feed additives"},"content":{"rendered":"\n<style type=\"text\/css\" data-created_by=\"avia_inline_auto\" id=\"style-css-av-11bja-0055f21cd9288666f5c7989621fcf915\">\n.flex_column.av-11bja-0055f21cd9288666f5c7989621fcf915{\nborder-radius:0px 0px 0px 0px;\npadding:0px 0px 0px 0px;\n}\n<\/style>\n<div  class='flex_column av-11bja-0055f21cd9288666f5c7989621fcf915 av_one_full  avia-builder-el-0  el_before_av_one_full  avia-builder-el-first  first flex_column_div av-zero-column-padding  '     ><section  class='av_textblock_section av-k9v25szo-9a0573f0668df97e5996037a05ee7ab3 '   itemscope=\"itemscope\" itemtype=\"https:\/\/schema.org\/CreativeWork\" ><div class='avia_textblock'  itemprop=\"text\" ><h2 style=\"text-align: center;\">Feed additives<\/h2>\n<\/div><\/section><\/div>\n<style type=\"text\/css\" data-created_by=\"avia_inline_auto\" id=\"style-css-av-11bja-0055f21cd9288666f5c7989621fcf915\">\n.flex_column.av-11bja-0055f21cd9288666f5c7989621fcf915{\nborder-radius:0px 0px 0px 0px;\npadding:0px 0px 0px 0px;\n}\n<\/style>\n<div  class='flex_column av-11bja-0055f21cd9288666f5c7989621fcf915 av_one_full  avia-builder-el-2  el_after_av_one_full  avia-builder-el-last  first flex_column_div av-zero-column-padding  column-top-margin'     ><div  id=\"av-sc-portfolio-1\"  class=' grid-sort-container isotope   no_margin-container with-title-container grid-total-odd grid-col-4 grid-links-' data-portfolio-id='1'><div data-ajax-id='3000' class=' grid-entry flex_column isotope-item all_sort no_margin post-entry post-entry-3000 grid-entry-overview grid-loop-1 grid-parity-odd  feed-additives_sort  av_one_fourth first default_av_fullwidth '><article class='main_color inner-entry'  itemscope=\"itemscope\" itemtype=\"https:\/\/schema.org\/CreativeWork\" ><a href=\"https:\/\/falken-trade.com\/en\/produkty\/l-tryptophan-98-5\/\" title='L-Tryptophan 98.5%'  data-rel='grid-1' class='grid-image avia-hover-fx'> <img fetchpriority=\"high\" fetchpriority=\"high\" decoding=\"async\" fetchpriority=\"high\" width=\"260\" height=\"185\" src=\"https:\/\/falken-trade.com\/wp-content\/uploads\/2020\/05\/sucralose-260x185.jpg\" class=\"wp-image-2050 avia-img-lazy-loading-not-2050 attachment-portfolio_small size-portfolio_small wp-post-image\" alt=\"\" \/><\/a><div class='grid-content'><div class='avia-arrow'><\/div><header class=\"entry-content-header\" aria-label=\"Portfolio: L-Tryptophan 98.5%\"><h3 class='grid-entry-title entry-title '  itemprop=\"headline\" ><a href='https:\/\/falken-trade.com\/en\/produkty\/l-tryptophan-98-5\/' title='L-Tryptophan 98.5%'>L-Tryptophan 98.5%<\/a><\/h3><\/header><\/div><footer class=\"entry-footer\"><\/footer><\/article><\/div><div data-ajax-id='3001' class=' grid-entry flex_column isotope-item all_sort no_margin post-entry post-entry-3001 grid-entry-overview grid-loop-2 grid-parity-even  feed-additives_sort  av_one_fourth  default_av_fullwidth '><article class='main_color inner-entry'  itemscope=\"itemscope\" itemtype=\"https:\/\/schema.org\/CreativeWork\" ><a href=\"https:\/\/falken-trade.com\/en\/produkty\/l-threonine-98-5\/\" title='L-Threonine 98.5%'  data-rel='grid-1' class='grid-image avia-hover-fx'> <img fetchpriority=\"high\" fetchpriority=\"high\" decoding=\"async\" fetchpriority=\"high\" width=\"260\" height=\"185\" src=\"https:\/\/falken-trade.com\/wp-content\/uploads\/2020\/05\/sucralose-260x185.jpg\" class=\"wp-image-2050 avia-img-lazy-loading-not-2050 attachment-portfolio_small size-portfolio_small wp-post-image\" alt=\"\" \/><\/a><div class='grid-content'><div class='avia-arrow'><\/div><header class=\"entry-content-header\" aria-label=\"Portfolio: L-Threonine 98.5%\"><h3 class='grid-entry-title entry-title '  itemprop=\"headline\" ><a href='https:\/\/falken-trade.com\/en\/produkty\/l-threonine-98-5\/' title='L-Threonine 98.5%'>L-Threonine 98.5%<\/a><\/h3><\/header><\/div><footer class=\"entry-footer\"><\/footer><\/article><\/div><div data-ajax-id='3002' class=' grid-entry flex_column isotope-item all_sort no_margin post-entry post-entry-3002 grid-entry-overview grid-loop-3 grid-parity-odd  feed-additives_sort  av_one_fourth  default_av_fullwidth '><article class='main_color inner-entry'  itemscope=\"itemscope\" itemtype=\"https:\/\/schema.org\/CreativeWork\" ><a href=\"https:\/\/falken-trade.com\/en\/produkty\/l-lysine-sulfate\/\" title='L-Lysine sulfate'  data-rel='grid-1' class='grid-image avia-hover-fx'> <img fetchpriority=\"high\" fetchpriority=\"high\" decoding=\"async\" fetchpriority=\"high\" width=\"260\" height=\"185\" src=\"https:\/\/falken-trade.com\/wp-content\/uploads\/2020\/05\/sucralose-260x185.jpg\" class=\"wp-image-2050 avia-img-lazy-loading-not-2050 attachment-portfolio_small size-portfolio_small wp-post-image\" alt=\"\" \/><\/a><div class='grid-content'><div class='avia-arrow'><\/div><header class=\"entry-content-header\" aria-label=\"Portfolio: L-Lysine sulfate\"><h3 class='grid-entry-title entry-title '  itemprop=\"headline\" ><a href='https:\/\/falken-trade.com\/en\/produkty\/l-lysine-sulfate\/' title='L-Lysine sulfate'>L-Lysine sulfate<\/a><\/h3><\/header><\/div><footer class=\"entry-footer\"><\/footer><\/article><\/div><div data-ajax-id='3003' class=' grid-entry flex_column isotope-item all_sort no_margin post-entry post-entry-3003 grid-entry-overview grid-loop-4 grid-parity-even  feed-additives_sort  av_one_fourth  default_av_fullwidth '><article class='main_color inner-entry'  itemscope=\"itemscope\" itemtype=\"https:\/\/schema.org\/CreativeWork\" ><a href=\"https:\/\/falken-trade.com\/en\/produkty\/l-lysine\/\" title='L-Lysine'  data-rel='grid-1' class='grid-image avia-hover-fx'> <img fetchpriority=\"high\" fetchpriority=\"high\" decoding=\"async\" fetchpriority=\"high\" width=\"260\" height=\"185\" src=\"https:\/\/falken-trade.com\/wp-content\/uploads\/2020\/05\/sucralose-260x185.jpg\" class=\"wp-image-2050 avia-img-lazy-loading-not-2050 attachment-portfolio_small size-portfolio_small wp-post-image\" alt=\"\" \/><\/a><div class='grid-content'><div class='avia-arrow'><\/div><header class=\"entry-content-header\" aria-label=\"Portfolio: L-Lysine\"><h3 class='grid-entry-title entry-title '  itemprop=\"headline\" ><a href='https:\/\/falken-trade.com\/en\/produkty\/l-lysine\/' title='L-Lysine'>L-Lysine<\/a><\/h3><\/header><\/div><footer class=\"entry-footer\"><\/footer><\/article><\/div><div data-ajax-id='2999' class=' grid-entry flex_column isotope-item all_sort no_margin post-entry post-entry-2999 grid-entry-overview grid-loop-5 grid-parity-odd  post-entry-last  feed-additives_sort  av_one_fourth first default_av_fullwidth '><article class='main_color inner-entry'  itemscope=\"itemscope\" itemtype=\"https:\/\/schema.org\/CreativeWork\" ><a href=\"https:\/\/falken-trade.com\/en\/produkty\/betaine\/\" title='Betaine'  data-rel='grid-1' class='grid-image avia-hover-fx'> <img fetchpriority=\"high\" fetchpriority=\"high\" decoding=\"async\" fetchpriority=\"high\" width=\"260\" height=\"185\" src=\"https:\/\/falken-trade.com\/wp-content\/uploads\/2020\/05\/sucralose-260x185.jpg\" class=\"wp-image-2050 avia-img-lazy-loading-not-2050 attachment-portfolio_small size-portfolio_small wp-post-image\" alt=\"\" \/><\/a><div class='grid-content'><div class='avia-arrow'><\/div><header class=\"entry-content-header\" aria-label=\"Portfolio: Betaine\"><h3 class='grid-entry-title entry-title '  itemprop=\"headline\" ><a href='https:\/\/falken-trade.com\/en\/produkty\/betaine\/' title='Betaine'>Betaine<\/a><\/h3><\/header><\/div><footer class=\"entry-footer\"><\/footer><\/article><\/div><\/div><\/div><\/p>\n","protected":false},"excerpt":{"rendered":"","protected":false},"author":1,"featured_media":0,"parent":0,"menu_order":0,"comment_status":"closed","ping_status":"closed","template":"","meta":{"footnotes":""},"class_list":["post-2904","page","type-page","status-publish","hentry"],"yoast_head":"<!-- This site is optimized with the Yoast SEO plugin v23.8 - https:\/\/yoast.com\/wordpress\/plugins\/seo\/ -->\n<title>Feed additives - Falken Trade - sklep z dodatkami funkcjonalnymi do \u017cywo\u015bci i pasz<\/title>\n<meta name=\"robots\" content=\"index, follow, max-snippet:-1, max-image-preview:large, max-video-preview:-1\" \/>\n<link rel=\"canonical\" href=\"https:\/\/falken-trade.com\/en\/feed-additives\/\" \/>\n<meta property=\"og:locale\" content=\"en_US\" \/>\n<meta property=\"og:type\" content=\"article\" \/>\n<meta property=\"og:title\" content=\"Feed additives - Falken Trade - sklep z dodatkami funkcjonalnymi do \u017cywo\u015bci i pasz\" \/>\n<meta property=\"og:url\" content=\"https:\/\/falken-trade.com\/en\/feed-additives\/\" \/>\n<meta property=\"og:site_name\" content=\"Falken Trade - sklep z dodatkami funkcjonalnymi do \u017cywo\u015bci i pasz\" \/>\n<meta property=\"article:publisher\" content=\"https:\/\/www.facebook.com\/falkentrade\/\" \/>\n<meta property=\"article:modified_time\" content=\"2020-06-15T05:33:49+00:00\" \/>\n<meta name=\"twitter:card\" content=\"summary_large_image\" \/>\n<meta name=\"twitter:label1\" content=\"Est. reading time\" \/>\n\t<meta name=\"twitter:data1\" content=\"2 minutes\" \/>\n<script type=\"application\/ld+json\" class=\"yoast-schema-graph\">{\"@context\":\"https:\/\/schema.org\",\"@graph\":[{\"@type\":\"WebPage\",\"@id\":\"https:\/\/falken-trade.com\/en\/feed-additives\/\",\"url\":\"https:\/\/falken-trade.com\/en\/feed-additives\/\",\"name\":\"Feed additives - Falken Trade - sklep z dodatkami funkcjonalnymi do \u017cywo\u015bci i pasz\",\"isPartOf\":{\"@id\":\"https:\/\/falken-trade.com\/#website\"},\"datePublished\":\"2020-06-09T08:15:22+00:00\",\"dateModified\":\"2020-06-15T05:33:49+00:00\",\"breadcrumb\":{\"@id\":\"https:\/\/falken-trade.com\/en\/feed-additives\/#breadcrumb\"},\"inLanguage\":\"en-US\",\"potentialAction\":[{\"@type\":\"ReadAction\",\"target\":[\"https:\/\/falken-trade.com\/en\/feed-additives\/\"]}]},{\"@type\":\"BreadcrumbList\",\"@id\":\"https:\/\/falken-trade.com\/en\/feed-additives\/#breadcrumb\",\"itemListElement\":[{\"@type\":\"ListItem\",\"position\":1,\"name\":\"Strona g\u0142\u00f3wna\",\"item\":\"https:\/\/falken-trade.com\/en\/strona-glowna\/\"},{\"@type\":\"ListItem\",\"position\":2,\"name\":\"Feed additives\"}]},{\"@type\":\"WebSite\",\"@id\":\"https:\/\/falken-trade.com\/#website\",\"url\":\"https:\/\/falken-trade.com\/\",\"name\":\"Falken Trade - sklep z dodatkami funkcjonalnymi do \u017cywno\u015bci i pasz\",\"description\":\"Dystrybutor dodatk\u00f3w \u017cywno\u015bciowych i dodatk\u00f3w do pasz\",\"publisher\":{\"@id\":\"https:\/\/falken-trade.com\/#organization\"},\"alternateName\":\"sklep z dodatkami funkcjonalnymi do \u017cywno\u015bci i pasz\",\"potentialAction\":[{\"@type\":\"SearchAction\",\"target\":{\"@type\":\"EntryPoint\",\"urlTemplate\":\"https:\/\/falken-trade.com\/?s={search_term_string}\"},\"query-input\":{\"@type\":\"PropertyValueSpecification\",\"valueRequired\":true,\"valueName\":\"search_term_string\"}}],\"inLanguage\":\"en-US\"},{\"@type\":\"Organization\",\"@id\":\"https:\/\/falken-trade.com\/#organization\",\"name\":\"Falken Trade Polska\",\"url\":\"https:\/\/falken-trade.com\/\",\"logo\":{\"@type\":\"ImageObject\",\"inLanguage\":\"en-US\",\"@id\":\"https:\/\/falken-trade.com\/#\/schema\/logo\/image\/\",\"url\":\"https:\/\/falken-trade.com\/wp-content\/uploads\/2021\/10\/Logo-new-z-podpisem-scaled.jpg\",\"contentUrl\":\"https:\/\/falken-trade.com\/wp-content\/uploads\/2021\/10\/Logo-new-z-podpisem-scaled.jpg\",\"width\":2560,\"height\":941,\"caption\":\"Falken Trade Polska\"},\"image\":{\"@id\":\"https:\/\/falken-trade.com\/#\/schema\/logo\/image\/\"},\"sameAs\":[\"https:\/\/www.facebook.com\/falkentrade\/\",\"https:\/\/www.linkedin.com\/company\/19018107\/admin\/\"]}]}<\/script>\n<!-- \/ Yoast SEO plugin. -->","yoast_head_json":{"title":"Feed additives - Falken Trade - sklep z dodatkami funkcjonalnymi do \u017cywo\u015bci i pasz","robots":{"index":"index","follow":"follow","max-snippet":"max-snippet:-1","max-image-preview":"max-image-preview:large","max-video-preview":"max-video-preview:-1"},"canonical":"https:\/\/falken-trade.com\/en\/feed-additives\/","og_locale":"en_US","og_type":"article","og_title":"Feed additives - Falken Trade - sklep z dodatkami funkcjonalnymi do \u017cywo\u015bci i pasz","og_url":"https:\/\/falken-trade.com\/en\/feed-additives\/","og_site_name":"Falken Trade - sklep z dodatkami funkcjonalnymi do \u017cywo\u015bci i pasz","article_publisher":"https:\/\/www.facebook.com\/falkentrade\/","article_modified_time":"2020-06-15T05:33:49+00:00","twitter_card":"summary_large_image","twitter_misc":{"Est. reading time":"2 minutes"},"schema":{"@context":"https:\/\/schema.org","@graph":[{"@type":"WebPage","@id":"https:\/\/falken-trade.com\/en\/feed-additives\/","url":"https:\/\/falken-trade.com\/en\/feed-additives\/","name":"Feed additives - Falken Trade - sklep z dodatkami funkcjonalnymi do \u017cywo\u015bci i pasz","isPartOf":{"@id":"https:\/\/falken-trade.com\/#website"},"datePublished":"2020-06-09T08:15:22+00:00","dateModified":"2020-06-15T05:33:49+00:00","breadcrumb":{"@id":"https:\/\/falken-trade.com\/en\/feed-additives\/#breadcrumb"},"inLanguage":"en-US","potentialAction":[{"@type":"ReadAction","target":["https:\/\/falken-trade.com\/en\/feed-additives\/"]}]},{"@type":"BreadcrumbList","@id":"https:\/\/falken-trade.com\/en\/feed-additives\/#breadcrumb","itemListElement":[{"@type":"ListItem","position":1,"name":"Strona g\u0142\u00f3wna","item":"https:\/\/falken-trade.com\/en\/strona-glowna\/"},{"@type":"ListItem","position":2,"name":"Feed additives"}]},{"@type":"WebSite","@id":"https:\/\/falken-trade.com\/#website","url":"https:\/\/falken-trade.com\/","name":"Falken Trade - sklep z dodatkami funkcjonalnymi do \u017cywno\u015bci i pasz","description":"Dystrybutor dodatk\u00f3w \u017cywno\u015bciowych i dodatk\u00f3w do pasz","publisher":{"@id":"https:\/\/falken-trade.com\/#organization"},"alternateName":"sklep z dodatkami funkcjonalnymi do \u017cywno\u015bci i pasz","potentialAction":[{"@type":"SearchAction","target":{"@type":"EntryPoint","urlTemplate":"https:\/\/falken-trade.com\/?s={search_term_string}"},"query-input":{"@type":"PropertyValueSpecification","valueRequired":true,"valueName":"search_term_string"}}],"inLanguage":"en-US"},{"@type":"Organization","@id":"https:\/\/falken-trade.com\/#organization","name":"Falken Trade Polska","url":"https:\/\/falken-trade.com\/","logo":{"@type":"ImageObject","inLanguage":"en-US","@id":"https:\/\/falken-trade.com\/#\/schema\/logo\/image\/","url":"https:\/\/falken-trade.com\/wp-content\/uploads\/2021\/10\/Logo-new-z-podpisem-scaled.jpg","contentUrl":"https:\/\/falken-trade.com\/wp-content\/uploads\/2021\/10\/Logo-new-z-podpisem-scaled.jpg","width":2560,"height":941,"caption":"Falken Trade Polska"},"image":{"@id":"https:\/\/falken-trade.com\/#\/schema\/logo\/image\/"},"sameAs":["https:\/\/www.facebook.com\/falkentrade\/","https:\/\/www.linkedin.com\/company\/19018107\/admin\/"]}]}},"_links":{"self":[{"href":"https:\/\/falken-trade.com\/en\/wp-json\/wp\/v2\/pages\/2904"}],"collection":[{"href":"https:\/\/falken-trade.com\/en\/wp-json\/wp\/v2\/pages"}],"about":[{"href":"https:\/\/falken-trade.com\/en\/wp-json\/wp\/v2\/types\/page"}],"author":[{"embeddable":true,"href":"https:\/\/falken-trade.com\/en\/wp-json\/wp\/v2\/users\/1"}],"replies":[{"embeddable":true,"href":"https:\/\/falken-trade.com\/en\/wp-json\/wp\/v2\/comments?post=2904"}],"version-history":[{"count":4,"href":"https:\/\/falken-trade.com\/en\/wp-json\/wp\/v2\/pages\/2904\/revisions"}],"predecessor-version":[{"id":4870,"href":"https:\/\/falken-trade.com\/en\/wp-json\/wp\/v2\/pages\/2904\/revisions\/4870"}],"wp:attachment":[{"href":"https:\/\/falken-trade.com\/en\/wp-json\/wp\/v2\/media?parent=2904"}],"curies":[{"name":"wp","href":"https:\/\/api.w.org\/{rel}","templated":true}]}}