{"id":5814,"date":"2024-03-04T07:56:02","date_gmt":"2024-03-04T06:56:02","guid":{"rendered":"https:\/\/falken-trade.com\/?page_id=5814"},"modified":"2024-03-04T07:56:26","modified_gmt":"2024-03-04T06:56:26","slug":"geschmacksverstaerker-2","status":"publish","type":"page","link":"https:\/\/falken-trade.com\/de\/geschmacksverstaerker-2\/","title":{"rendered":"Geschmacksverst\u00e4rker"},"content":{"rendered":"\t\t<div data-elementor-type=\"wp-page\" data-elementor-id=\"5814\" class=\"elementor elementor-5814\">\n\t\t\t\t<div class=\"elementor-element elementor-element-69463b5f e-flex e-con-boxed e-con e-parent\" data-id=\"69463b5f\" data-element_type=\"container\">\n\t\t\t\t\t<div class=\"e-con-inner\">\n\t\t<div class=\"elementor-element elementor-element-2b634193 e-con-full e-flex e-con e-child\" data-id=\"2b634193\" data-element_type=\"container\">\n\t\t\t\t<div class=\"elementor-element elementor-element-5795c4dd elementor-align-center elementor-widget elementor-widget-button\" data-id=\"5795c4dd\" data-element_type=\"widget\" data-widget_type=\"button.default\">\n\t\t\t\t<div class=\"elementor-widget-container\">\n\t\t\t\t\t\t\t<div class=\"elementor-button-wrapper\">\n\t\t\t\t\t<a class=\"elementor-button elementor-button-link elementor-size-sm\" href=\"#glutaminian\">\n\t\t\t\t\t\t<span class=\"elementor-button-content-wrapper\">\n\t\t\t\t\t\t\t\t\t<span class=\"elementor-button-text\">Natriumglutamat<\/span>\n\t\t\t\t\t<\/span>\n\t\t\t\t\t<\/a>\n\t\t\t\t<\/div>\n\t\t\t\t\t\t<\/div>\n\t\t\t\t<\/div>\n\t\t\t\t<\/div>\n\t\t<div class=\"elementor-element elementor-element-5109b6c7 e-con-full e-flex e-con e-child\" data-id=\"5109b6c7\" data-element_type=\"container\">\n\t\t\t\t<div class=\"elementor-element elementor-element-5c0e171d elementor-align-center elementor-widget elementor-widget-button\" data-id=\"5c0e171d\" data-element_type=\"widget\" data-widget_type=\"button.default\">\n\t\t\t\t<div class=\"elementor-widget-container\">\n\t\t\t\t\t\t\t<div class=\"elementor-button-wrapper\">\n\t\t\t\t\t<a class=\"elementor-button elementor-button-link elementor-size-sm\" href=\"#ekstrakty\">\n\t\t\t\t\t\t<span class=\"elementor-button-content-wrapper\">\n\t\t\t\t\t\t\t\t\t<span class=\"elementor-button-text\">Hefextrakte<\/span>\n\t\t\t\t\t<\/span>\n\t\t\t\t\t<\/a>\n\t\t\t\t<\/div>\n\t\t\t\t\t\t<\/div>\n\t\t\t\t<\/div>\n\t\t\t\t<\/div>\n\t\t\t\t\t<\/div>\n\t\t\t\t<\/div>\n\t\t<div class=\"elementor-element elementor-element-52ed8e1e e-flex e-con-boxed e-con e-parent\" data-id=\"52ed8e1e\" data-element_type=\"container\">\n\t\t\t\t\t<div class=\"e-con-inner\">\n\t\t\t\t<div class=\"elementor-element elementor-element-660f7a4 elementor-widget-divider--view-line_icon elementor-view-default elementor-widget-divider--element-align-center elementor-widget elementor-widget-divider\" data-id=\"660f7a4\" data-element_type=\"widget\" data-widget_type=\"divider.default\">\n\t\t\t\t<div class=\"elementor-widget-container\">\n\t\t\t\t\t<div class=\"elementor-divider\">\n\t\t\t<span class=\"elementor-divider-separator\">\n\t\t\t\t\t\t\t<div class=\"elementor-icon elementor-divider__element\">\n\t\t\t\t\t<i aria-hidden=\"true\" class=\"fas fa-star\"><\/i><\/div>\n\t\t\t\t\t\t<\/span>\n\t\t<\/div>\n\t\t\t\t<\/div>\n\t\t\t\t<\/div>\n\t\t\t\t\t<\/div>\n\t\t\t\t<\/div>\n\t\t<div class=\"elementor-element elementor-element-28576c56 e-flex e-con-boxed e-con e-parent\" data-id=\"28576c56\" data-element_type=\"container\" id=\"glutaminian\">\n\t\t\t\t\t<div class=\"e-con-inner\">\n\t\t<div class=\"elementor-element elementor-element-52e81fb5 e-con-full e-flex e-con e-child\" data-id=\"52e81fb5\" data-element_type=\"container\">\n\t\t\t\t<div class=\"elementor-element elementor-element-724b47fb elementor-widget elementor-widget-heading\" data-id=\"724b47fb\" data-element_type=\"widget\" data-widget_type=\"heading.default\">\n\t\t\t\t<div class=\"elementor-widget-container\">\n\t\t\t<h3 class=\"elementor-heading-title elementor-size-default\">Natriumglutamat<\/h3>\t\t<\/div>\n\t\t\t\t<\/div>\n\t\t\t\t<div class=\"elementor-element elementor-element-6889bf97 elementor-widget elementor-widget-text-editor\" data-id=\"6889bf97\" data-element_type=\"widget\" data-widget_type=\"text-editor.default\">\n\t\t\t\t<div class=\"elementor-widget-container\">\n\t\t\t\t\t\t\t<section class=\"av_textblock_section av-k987o5vy-bc8fa3b42be310c494c818f6abe6f406\" style=\"font-style: normal; font-variant-ligatures: normal; font-variant-caps: normal; font-weight: 400; font-size: 16px; font-family: 'open sans', Helvetica, Arial, sans-serif; color: #666666;\"><div class=\"avia_textblock\"><p>Natriumglutamat, auch bekannt als MSG, ist eine nat\u00fcrliche chemische Verbindung, die eine Schl\u00fcsselrolle bei der Verbesserung des Geschmacks vieler Gerichte spielt. Hier sind einige wichtige Informationen dazu:<\/p><ol><li><p><strong>Geschmacksverst\u00e4rkung<\/strong>: Natriumglutamat ist bekannt f\u00fcr seine F\u00e4higkeit, den Geschmack von Speisen zu verst\u00e4rken. Es wird h\u00e4ufig in der K\u00fcche verwendet, um den Geschmack von Gerichten zu betonen und hervorzuheben, besonders in der asiatischen K\u00fcche.<\/p><\/li><li><p><strong>Vielseitigkeit<\/strong>: Es wird h\u00e4ufig in Restaurants und in der Lebensmittelindustrie als Bestandteil von Gew\u00fcrzen, Br\u00fchen und Saucen verwendet, um die geschmackliche Attraktivit\u00e4t von Gerichten zu erh\u00f6hen.<\/p><\/li><li><p><strong>Sicherheit und Konformit\u00e4t mit Standards<\/strong>: Natriumglutamat ist von vielen Regulierungsbeh\u00f6rden weltweit zur Verwendung in Lebensmitteln zugelassen. Es gilt als sicher und entspricht den geltenden Vorschriften.<\/p><\/li><\/ol><p>Natriumglutamat ist ein nat\u00fcrlicher Geschmacksverst\u00e4rker, der sich hervorragend in der K\u00fcche und in der Lebensmittelindustrie bew\u00e4hrt.<\/p><\/div><\/section>\t\t\t\t\t\t<\/div>\n\t\t\t\t<\/div>\n\t\t\t\t<\/div>\n\t\t<div class=\"elementor-element elementor-element-1982f8f1 e-con-full e-flex e-con e-child\" data-id=\"1982f8f1\" data-element_type=\"container\">\n\t\t\t\t<div class=\"elementor-element elementor-element-777a73fa elementor-widget elementor-widget-image\" data-id=\"777a73fa\" data-element_type=\"widget\" data-widget_type=\"image.default\">\n\t\t\t\t<div class=\"elementor-widget-container\">\n\t\t\t\t\t\t\t\t\t\t\t\t\t<img fetchpriority=\"high\" decoding=\"async\" width=\"1030\" height=\"759\" src=\"https:\/\/falken-trade.com\/wp-content\/uploads\/2023\/10\/crisps-448734_1280-1030x759.jpg\" class=\"attachment-large size-large wp-image-5817\" alt=\"\" srcset=\"https:\/\/falken-trade.com\/wp-content\/uploads\/2023\/10\/crisps-448734_1280-1030x759.jpg 1030w, https:\/\/falken-trade.com\/wp-content\/uploads\/2023\/10\/crisps-448734_1280-300x221.jpg 300w, https:\/\/falken-trade.com\/wp-content\/uploads\/2023\/10\/crisps-448734_1280-768x566.jpg 768w, https:\/\/falken-trade.com\/wp-content\/uploads\/2023\/10\/crisps-448734_1280-705x519.jpg 705w, https:\/\/falken-trade.com\/wp-content\/uploads\/2023\/10\/crisps-448734_1280.jpg 1280w\" sizes=\"(max-width: 1030px) 100vw, 1030px\" \/>\t\t\t\t\t\t\t\t\t\t\t\t\t<\/div>\n\t\t\t\t<\/div>\n\t\t\t\t<div class=\"elementor-element elementor-element-49ba6309 elementor-align-center elementor-widget elementor-widget-button\" data-id=\"49ba6309\" data-element_type=\"widget\" data-widget_type=\"button.default\">\n\t\t\t\t<div class=\"elementor-widget-container\">\n\t\t\t\t\t\t\t<div class=\"elementor-button-wrapper\">\n\t\t\t\t\t<a class=\"elementor-button elementor-button-link elementor-size-sm\" href=\"https:\/\/falken-trade.com\/kontakt\/\" target=\"_blank\">\n\t\t\t\t\t\t<span class=\"elementor-button-content-wrapper\">\n\t\t\t\t\t\t\t\t\t<span class=\"elementor-button-text\">Fragen Sie nach dem Produkt<\/span>\n\t\t\t\t\t<\/span>\n\t\t\t\t\t<\/a>\n\t\t\t\t<\/div>\n\t\t\t\t\t\t<\/div>\n\t\t\t\t<\/div>\n\t\t\t\t<div class=\"elementor-element elementor-element-3db895b3 elementor-align-center elementor-widget elementor-widget-button\" data-id=\"3db895b3\" data-element_type=\"widget\" data-widget_type=\"button.default\">\n\t\t\t\t<div class=\"elementor-widget-container\">\n\t\t\t\t\t\t\t<div class=\"elementor-button-wrapper\">\n\t\t\t\t\t<a class=\"elementor-button elementor-button-link elementor-size-sm\" href=\"http:\/\/falken-trade.com\/wp-content\/uploads\/2023\/11\/SPEC-MSG-E621-FT-ENG-PL-26.08.2022.pdf\" target=\"_blank\">\n\t\t\t\t\t\t<span class=\"elementor-button-content-wrapper\">\n\t\t\t\t\t\t\t\t\t<span class=\"elementor-button-text\">Produktspezifikation<\/span>\n\t\t\t\t\t<\/span>\n\t\t\t\t\t<\/a>\n\t\t\t\t<\/div>\n\t\t\t\t\t\t<\/div>\n\t\t\t\t<\/div>\n\t\t\t\t<\/div>\n\t\t\t\t\t<\/div>\n\t\t\t\t<\/div>\n\t\t<div class=\"elementor-element elementor-element-3d53f15d e-flex e-con-boxed e-con e-parent\" data-id=\"3d53f15d\" data-element_type=\"container\" id=\"ekstrakty\" data-settings=\"{&quot;background_background&quot;:&quot;classic&quot;}\">\n\t\t\t\t\t<div class=\"e-con-inner\">\n\t\t<div class=\"elementor-element elementor-element-c043df0 e-con-full e-flex e-con e-child\" data-id=\"c043df0\" data-element_type=\"container\">\n\t\t\t\t<div class=\"elementor-element elementor-element-78955fc8 elementor-widget elementor-widget-image\" data-id=\"78955fc8\" data-element_type=\"widget\" data-widget_type=\"image.default\">\n\t\t\t\t<div class=\"elementor-widget-container\">\n\t\t\t\t\t\t\t\t\t\t\t\t\t<img decoding=\"async\" width=\"1030\" height=\"672\" src=\"https:\/\/falken-trade.com\/wp-content\/uploads\/2023\/10\/tomatosoup-482403_1280-1030x672.jpg\" class=\"attachment-large size-large wp-image-5820\" alt=\"\" srcset=\"https:\/\/falken-trade.com\/wp-content\/uploads\/2023\/10\/tomatosoup-482403_1280-1030x672.jpg 1030w, https:\/\/falken-trade.com\/wp-content\/uploads\/2023\/10\/tomatosoup-482403_1280-300x196.jpg 300w, https:\/\/falken-trade.com\/wp-content\/uploads\/2023\/10\/tomatosoup-482403_1280-768x501.jpg 768w, https:\/\/falken-trade.com\/wp-content\/uploads\/2023\/10\/tomatosoup-482403_1280-705x460.jpg 705w, https:\/\/falken-trade.com\/wp-content\/uploads\/2023\/10\/tomatosoup-482403_1280.jpg 1280w\" sizes=\"(max-width: 1030px) 100vw, 1030px\" \/>\t\t\t\t\t\t\t\t\t\t\t\t\t<\/div>\n\t\t\t\t<\/div>\n\t\t\t\t<div class=\"elementor-element elementor-element-7302758a elementor-widget elementor-widget-spacer\" data-id=\"7302758a\" data-element_type=\"widget\" data-widget_type=\"spacer.default\">\n\t\t\t\t<div class=\"elementor-widget-container\">\n\t\t\t\t\t<div class=\"elementor-spacer\">\n\t\t\t<div class=\"elementor-spacer-inner\"><\/div>\n\t\t<\/div>\n\t\t\t\t<\/div>\n\t\t\t\t<\/div>\n\t\t\t\t<div class=\"elementor-element elementor-element-460b0c67 elementor-align-center elementor-widget elementor-widget-button\" data-id=\"460b0c67\" data-element_type=\"widget\" data-widget_type=\"button.default\">\n\t\t\t\t<div class=\"elementor-widget-container\">\n\t\t\t\t\t\t\t<div class=\"elementor-button-wrapper\">\n\t\t\t\t\t<a class=\"elementor-button elementor-button-link elementor-size-sm\" href=\"https:\/\/falken-trade.com\/kontakt\/\" target=\"_blank\">\n\t\t\t\t\t\t<span class=\"elementor-button-content-wrapper\">\n\t\t\t\t\t\t\t\t\t<span class=\"elementor-button-text\">Fragen Sie nach dem Produkt<\/span>\n\t\t\t\t\t<\/span>\n\t\t\t\t\t<\/a>\n\t\t\t\t<\/div>\n\t\t\t\t\t\t<\/div>\n\t\t\t\t<\/div>\n\t\t\t\t<div class=\"elementor-element elementor-element-3ea02be3 elementor-align-center elementor-widget elementor-widget-button\" data-id=\"3ea02be3\" data-element_type=\"widget\" data-widget_type=\"button.default\">\n\t\t\t\t<div class=\"elementor-widget-container\">\n\t\t\t\t\t\t\t<div class=\"elementor-button-wrapper\">\n\t\t\t\t\t<a class=\"elementor-button elementor-button-link elementor-size-sm\" href=\"https:\/\/falken-trade.com\/wp-content\/uploads\/2020\/05\/Spec-YE-BS-PA638-ENG-PL.pdf\" target=\"_blank\">\n\t\t\t\t\t\t<span class=\"elementor-button-content-wrapper\">\n\t\t\t\t\t\t\t\t\t<span class=\"elementor-button-text\">Produktspezifikation<\/span>\n\t\t\t\t\t<\/span>\n\t\t\t\t\t<\/a>\n\t\t\t\t<\/div>\n\t\t\t\t\t\t<\/div>\n\t\t\t\t<\/div>\n\t\t\t\t<\/div>\n\t\t<div class=\"elementor-element elementor-element-481346c0 e-con-full e-flex e-con e-child\" data-id=\"481346c0\" data-element_type=\"container\">\n\t\t\t\t<div class=\"elementor-element elementor-element-3e78d7a4 elementor-widget elementor-widget-heading\" data-id=\"3e78d7a4\" data-element_type=\"widget\" data-widget_type=\"heading.default\">\n\t\t\t\t<div class=\"elementor-widget-container\">\n\t\t\t<h3 class=\"elementor-heading-title elementor-size-default\">Hefextrakte<\/h3>\t\t<\/div>\n\t\t\t\t<\/div>\n\t\t\t\t<div class=\"elementor-element elementor-element-2f6a2532 elementor-widget elementor-widget-text-editor\" data-id=\"2f6a2532\" data-element_type=\"widget\" data-widget_type=\"text-editor.default\">\n\t\t\t\t<div class=\"elementor-widget-container\">\n\t\t\t\t\t\t\t<p>Hefeextrakte sind nat\u00fcrliche Substanzen, die aus Hefe gewonnen werden und vielf\u00e4ltige Anwendung in der Lebensmittelindustrie und bei Nahrungserg\u00e4nzungsmitteln finden. Hier sind einige wichtige Informationen dazu:<\/p><ol><li><p><strong>Geschmacksverst\u00e4rkung<\/strong>: Hefeextrakte werden als nat\u00fcrliche Geschmacksverst\u00e4rker verwendet, die Aroma und Geschmack von Speisen verbessern. Hinzugef\u00fcgt zu Lebensmitteln intensivieren sie die Geschmackserlebnisse.<\/p><\/li><li><p><strong>Quelle f\u00fcr N\u00e4hrstoffe<\/strong>: Sie sind reich an N\u00e4hrstoffen wie B-Vitaminen, Proteinen, Mineralien und Aminos\u00e4uren. Dies macht sie zu beliebten Nahrungserg\u00e4nzungsmitteln.<\/p><\/li><li><p><strong>Verbesserung von Textur und Konsistenz<\/strong>: Hefeextrakte beeinflussen die Textur und Konsistenz vieler Lebensmittel und Backwaren, was die Qualit\u00e4t der Gerichte erh\u00f6hen kann.<\/p><\/li><li><p><strong>Sicherheit und Konformit\u00e4t mit Standards<\/strong>: Produkte auf Basis von Hefeextrakten erf\u00fcllen strenge Qualit\u00e4ts- und Sicherheitsstandards gem\u00e4\u00df den geltenden Vorschriften und Branchennormen.<\/p><\/li><\/ol><p>Hefeextrakte stellen eine nat\u00fcrliche M\u00f6glichkeit dar, den Geschmack zu verbessern, N\u00e4hrwerte zu liefern und die Qualit\u00e4t von Speisen zu erh\u00f6hen.<\/p>\t\t\t\t\t\t<\/div>\n\t\t\t\t<\/div>\n\t\t\t\t<\/div>\n\t\t\t\t\t<\/div>\n\t\t\t\t<\/div>\n\t\t<div class=\"elementor-element elementor-element-1c5e401b e-flex e-con-boxed e-con e-parent\" data-id=\"1c5e401b\" data-element_type=\"container\">\n\t\t\t\t\t<div class=\"e-con-inner\">\n\t\t\t\t<div class=\"elementor-element elementor-element-2c0153c5 elementor-widget-divider--view-line_icon elementor-view-default elementor-widget-divider--element-align-center elementor-widget elementor-widget-divider\" data-id=\"2c0153c5\" data-element_type=\"widget\" data-widget_type=\"divider.default\">\n\t\t\t\t<div class=\"elementor-widget-container\">\n\t\t\t\t\t<div class=\"elementor-divider\">\n\t\t\t<span class=\"elementor-divider-separator\">\n\t\t\t\t\t\t\t<div class=\"elementor-icon elementor-divider__element\">\n\t\t\t\t\t<i aria-hidden=\"true\" class=\"fas fa-star\"><\/i><\/div>\n\t\t\t\t\t\t<\/span>\n\t\t<\/div>\n\t\t\t\t<\/div>\n\t\t\t\t<\/div>\n\t\t\t\t\t<\/div>\n\t\t\t\t<\/div>\n\t\t\t\t<\/div>\n\t\t","protected":false},"excerpt":{"rendered":"<p>Natriumglutamat Hefextrakte Natriumglutamat Natriumglutamat, auch bekannt als MSG, ist eine nat\u00fcrliche chemische Verbindung, die eine Schl\u00fcsselrolle bei der Verbesserung des Geschmacks vieler Gerichte spielt. Hier sind einige wichtige Informationen dazu: Geschmacksverst\u00e4rkung: Natriumglutamat ist bekannt f\u00fcr seine F\u00e4higkeit, den Geschmack von Speisen zu verst\u00e4rken. Es wird h\u00e4ufig in der K\u00fcche verwendet, um den Geschmack von Gerichten [&hellip;]<\/p>\n","protected":false},"author":2,"featured_media":5819,"parent":0,"menu_order":0,"comment_status":"closed","ping_status":"closed","template":"","meta":{"footnotes":""},"class_list":["post-5814","page","type-page","status-publish","has-post-thumbnail","hentry"],"yoast_head":"<!-- This site is optimized with the Yoast SEO plugin v23.8 - https:\/\/yoast.com\/wordpress\/plugins\/seo\/ -->\n<title>Geschmacksverst\u00e4rker - Falken Trade - sklep z dodatkami funkcjonalnymi do \u017cywo\u015bci i pasz<\/title>\n<meta name=\"robots\" content=\"index, follow, max-snippet:-1, max-image-preview:large, max-video-preview:-1\" \/>\n<link rel=\"canonical\" href=\"https:\/\/falken-trade.com\/de\/geschmacksverstaerker-2\/\" \/>\n<meta property=\"og:locale\" content=\"de_DE\" \/>\n<meta property=\"og:type\" content=\"article\" \/>\n<meta property=\"og:title\" content=\"Geschmacksverst\u00e4rker - Falken Trade - sklep z dodatkami funkcjonalnymi do \u017cywo\u015bci i pasz\" \/>\n<meta property=\"og:description\" content=\"Natriumglutamat Hefextrakte Natriumglutamat Natriumglutamat, auch bekannt als MSG, ist eine nat\u00fcrliche chemische Verbindung, die eine Schl\u00fcsselrolle bei der Verbesserung des Geschmacks vieler Gerichte spielt. Hier sind einige wichtige Informationen dazu: Geschmacksverst\u00e4rkung: Natriumglutamat ist bekannt f\u00fcr seine F\u00e4higkeit, den Geschmack von Speisen zu verst\u00e4rken. Es wird h\u00e4ufig in der K\u00fcche verwendet, um den Geschmack von Gerichten [&hellip;]\" \/>\n<meta property=\"og:url\" content=\"https:\/\/falken-trade.com\/de\/geschmacksverstaerker-2\/\" \/>\n<meta property=\"og:site_name\" content=\"Falken Trade - sklep z dodatkami funkcjonalnymi do \u017cywo\u015bci i pasz\" \/>\n<meta property=\"article:publisher\" content=\"https:\/\/www.facebook.com\/falkentrade\/\" \/>\n<meta property=\"article:modified_time\" content=\"2024-03-04T06:56:26+00:00\" \/>\n<meta property=\"og:image\" content=\"https:\/\/falken-trade.com\/wp-content\/uploads\/2023\/10\/crisps-448734_1280.jpg\" \/>\n\t<meta property=\"og:image:width\" content=\"1280\" \/>\n\t<meta property=\"og:image:height\" content=\"943\" \/>\n\t<meta property=\"og:image:type\" content=\"image\/jpeg\" \/>\n<meta name=\"twitter:card\" content=\"summary_large_image\" \/>\n<meta name=\"twitter:label1\" content=\"Gesch\u00e4tzte Lesezeit\" \/>\n\t<meta name=\"twitter:data1\" content=\"2\u00a0Minuten\" \/>\n<script type=\"application\/ld+json\" class=\"yoast-schema-graph\">{\"@context\":\"https:\/\/schema.org\",\"@graph\":[{\"@type\":\"WebPage\",\"@id\":\"https:\/\/falken-trade.com\/de\/geschmacksverstaerker-2\/\",\"url\":\"https:\/\/falken-trade.com\/de\/geschmacksverstaerker-2\/\",\"name\":\"Geschmacksverst\u00e4rker - Falken Trade - sklep z dodatkami funkcjonalnymi do \u017cywo\u015bci i pasz\",\"isPartOf\":{\"@id\":\"https:\/\/falken-trade.com\/#website\"},\"primaryImageOfPage\":{\"@id\":\"https:\/\/falken-trade.com\/de\/geschmacksverstaerker-2\/#primaryimage\"},\"image\":{\"@id\":\"https:\/\/falken-trade.com\/de\/geschmacksverstaerker-2\/#primaryimage\"},\"thumbnailUrl\":\"https:\/\/falken-trade.com\/wp-content\/uploads\/2023\/10\/crisps-448734_1280.jpg\",\"datePublished\":\"2024-03-04T06:56:02+00:00\",\"dateModified\":\"2024-03-04T06:56:26+00:00\",\"breadcrumb\":{\"@id\":\"https:\/\/falken-trade.com\/de\/geschmacksverstaerker-2\/#breadcrumb\"},\"inLanguage\":\"de\",\"potentialAction\":[{\"@type\":\"ReadAction\",\"target\":[\"https:\/\/falken-trade.com\/de\/geschmacksverstaerker-2\/\"]}]},{\"@type\":\"ImageObject\",\"inLanguage\":\"de\",\"@id\":\"https:\/\/falken-trade.com\/de\/geschmacksverstaerker-2\/#primaryimage\",\"url\":\"https:\/\/falken-trade.com\/wp-content\/uploads\/2023\/10\/crisps-448734_1280.jpg\",\"contentUrl\":\"https:\/\/falken-trade.com\/wp-content\/uploads\/2023\/10\/crisps-448734_1280.jpg\",\"width\":1280,\"height\":943,\"caption\":\"Chipsy paprykowe\"},{\"@type\":\"BreadcrumbList\",\"@id\":\"https:\/\/falken-trade.com\/de\/geschmacksverstaerker-2\/#breadcrumb\",\"itemListElement\":[{\"@type\":\"ListItem\",\"position\":1,\"name\":\"Strona g\u0142\u00f3wna\",\"item\":\"https:\/\/falken-trade.com\/de\/strona-glowna\/\"},{\"@type\":\"ListItem\",\"position\":2,\"name\":\"Geschmacksverst\u00e4rker\"}]},{\"@type\":\"WebSite\",\"@id\":\"https:\/\/falken-trade.com\/#website\",\"url\":\"https:\/\/falken-trade.com\/\",\"name\":\"Falken Trade - sklep z dodatkami funkcjonalnymi do \u017cywno\u015bci i pasz\",\"description\":\"Dystrybutor dodatk\u00f3w \u017cywno\u015bciowych i dodatk\u00f3w do pasz\",\"publisher\":{\"@id\":\"https:\/\/falken-trade.com\/#organization\"},\"alternateName\":\"sklep z dodatkami funkcjonalnymi do \u017cywno\u015bci i pasz\",\"potentialAction\":[{\"@type\":\"SearchAction\",\"target\":{\"@type\":\"EntryPoint\",\"urlTemplate\":\"https:\/\/falken-trade.com\/?s={search_term_string}\"},\"query-input\":{\"@type\":\"PropertyValueSpecification\",\"valueRequired\":true,\"valueName\":\"search_term_string\"}}],\"inLanguage\":\"de\"},{\"@type\":\"Organization\",\"@id\":\"https:\/\/falken-trade.com\/#organization\",\"name\":\"Falken Trade Polska\",\"url\":\"https:\/\/falken-trade.com\/\",\"logo\":{\"@type\":\"ImageObject\",\"inLanguage\":\"de\",\"@id\":\"https:\/\/falken-trade.com\/#\/schema\/logo\/image\/\",\"url\":\"https:\/\/falken-trade.com\/wp-content\/uploads\/2021\/10\/Logo-new-z-podpisem-scaled.jpg\",\"contentUrl\":\"https:\/\/falken-trade.com\/wp-content\/uploads\/2021\/10\/Logo-new-z-podpisem-scaled.jpg\",\"width\":2560,\"height\":941,\"caption\":\"Falken Trade Polska\"},\"image\":{\"@id\":\"https:\/\/falken-trade.com\/#\/schema\/logo\/image\/\"},\"sameAs\":[\"https:\/\/www.facebook.com\/falkentrade\/\",\"https:\/\/www.linkedin.com\/company\/19018107\/admin\/\"]}]}<\/script>\n<!-- \/ Yoast SEO plugin. -->","yoast_head_json":{"title":"Geschmacksverst\u00e4rker - Falken Trade - sklep z dodatkami funkcjonalnymi do \u017cywo\u015bci i pasz","robots":{"index":"index","follow":"follow","max-snippet":"max-snippet:-1","max-image-preview":"max-image-preview:large","max-video-preview":"max-video-preview:-1"},"canonical":"https:\/\/falken-trade.com\/de\/geschmacksverstaerker-2\/","og_locale":"de_DE","og_type":"article","og_title":"Geschmacksverst\u00e4rker - Falken Trade - sklep z dodatkami funkcjonalnymi do \u017cywo\u015bci i pasz","og_description":"Natriumglutamat Hefextrakte Natriumglutamat Natriumglutamat, auch bekannt als MSG, ist eine nat\u00fcrliche chemische Verbindung, die eine Schl\u00fcsselrolle bei der Verbesserung des Geschmacks vieler Gerichte spielt. Hier sind einige wichtige Informationen dazu: Geschmacksverst\u00e4rkung: Natriumglutamat ist bekannt f\u00fcr seine F\u00e4higkeit, den Geschmack von Speisen zu verst\u00e4rken. Es wird h\u00e4ufig in der K\u00fcche verwendet, um den Geschmack von Gerichten [&hellip;]","og_url":"https:\/\/falken-trade.com\/de\/geschmacksverstaerker-2\/","og_site_name":"Falken Trade - sklep z dodatkami funkcjonalnymi do \u017cywo\u015bci i pasz","article_publisher":"https:\/\/www.facebook.com\/falkentrade\/","article_modified_time":"2024-03-04T06:56:26+00:00","og_image":[{"width":1280,"height":943,"url":"https:\/\/falken-trade.com\/wp-content\/uploads\/2023\/10\/crisps-448734_1280.jpg","type":"image\/jpeg"}],"twitter_card":"summary_large_image","twitter_misc":{"Gesch\u00e4tzte Lesezeit":"2\u00a0Minuten"},"schema":{"@context":"https:\/\/schema.org","@graph":[{"@type":"WebPage","@id":"https:\/\/falken-trade.com\/de\/geschmacksverstaerker-2\/","url":"https:\/\/falken-trade.com\/de\/geschmacksverstaerker-2\/","name":"Geschmacksverst\u00e4rker - Falken Trade - sklep z dodatkami funkcjonalnymi do \u017cywo\u015bci i pasz","isPartOf":{"@id":"https:\/\/falken-trade.com\/#website"},"primaryImageOfPage":{"@id":"https:\/\/falken-trade.com\/de\/geschmacksverstaerker-2\/#primaryimage"},"image":{"@id":"https:\/\/falken-trade.com\/de\/geschmacksverstaerker-2\/#primaryimage"},"thumbnailUrl":"https:\/\/falken-trade.com\/wp-content\/uploads\/2023\/10\/crisps-448734_1280.jpg","datePublished":"2024-03-04T06:56:02+00:00","dateModified":"2024-03-04T06:56:26+00:00","breadcrumb":{"@id":"https:\/\/falken-trade.com\/de\/geschmacksverstaerker-2\/#breadcrumb"},"inLanguage":"de","potentialAction":[{"@type":"ReadAction","target":["https:\/\/falken-trade.com\/de\/geschmacksverstaerker-2\/"]}]},{"@type":"ImageObject","inLanguage":"de","@id":"https:\/\/falken-trade.com\/de\/geschmacksverstaerker-2\/#primaryimage","url":"https:\/\/falken-trade.com\/wp-content\/uploads\/2023\/10\/crisps-448734_1280.jpg","contentUrl":"https:\/\/falken-trade.com\/wp-content\/uploads\/2023\/10\/crisps-448734_1280.jpg","width":1280,"height":943,"caption":"Chipsy paprykowe"},{"@type":"BreadcrumbList","@id":"https:\/\/falken-trade.com\/de\/geschmacksverstaerker-2\/#breadcrumb","itemListElement":[{"@type":"ListItem","position":1,"name":"Strona g\u0142\u00f3wna","item":"https:\/\/falken-trade.com\/de\/strona-glowna\/"},{"@type":"ListItem","position":2,"name":"Geschmacksverst\u00e4rker"}]},{"@type":"WebSite","@id":"https:\/\/falken-trade.com\/#website","url":"https:\/\/falken-trade.com\/","name":"Falken Trade - sklep z dodatkami funkcjonalnymi do \u017cywno\u015bci i pasz","description":"Dystrybutor dodatk\u00f3w \u017cywno\u015bciowych i dodatk\u00f3w do pasz","publisher":{"@id":"https:\/\/falken-trade.com\/#organization"},"alternateName":"sklep z dodatkami funkcjonalnymi do \u017cywno\u015bci i pasz","potentialAction":[{"@type":"SearchAction","target":{"@type":"EntryPoint","urlTemplate":"https:\/\/falken-trade.com\/?s={search_term_string}"},"query-input":{"@type":"PropertyValueSpecification","valueRequired":true,"valueName":"search_term_string"}}],"inLanguage":"de"},{"@type":"Organization","@id":"https:\/\/falken-trade.com\/#organization","name":"Falken Trade Polska","url":"https:\/\/falken-trade.com\/","logo":{"@type":"ImageObject","inLanguage":"de","@id":"https:\/\/falken-trade.com\/#\/schema\/logo\/image\/","url":"https:\/\/falken-trade.com\/wp-content\/uploads\/2021\/10\/Logo-new-z-podpisem-scaled.jpg","contentUrl":"https:\/\/falken-trade.com\/wp-content\/uploads\/2021\/10\/Logo-new-z-podpisem-scaled.jpg","width":2560,"height":941,"caption":"Falken Trade Polska"},"image":{"@id":"https:\/\/falken-trade.com\/#\/schema\/logo\/image\/"},"sameAs":["https:\/\/www.facebook.com\/falkentrade\/","https:\/\/www.linkedin.com\/company\/19018107\/admin\/"]}]}},"_links":{"self":[{"href":"https:\/\/falken-trade.com\/de\/wp-json\/wp\/v2\/pages\/5814"}],"collection":[{"href":"https:\/\/falken-trade.com\/de\/wp-json\/wp\/v2\/pages"}],"about":[{"href":"https:\/\/falken-trade.com\/de\/wp-json\/wp\/v2\/types\/page"}],"author":[{"embeddable":true,"href":"https:\/\/falken-trade.com\/de\/wp-json\/wp\/v2\/users\/2"}],"replies":[{"embeddable":true,"href":"https:\/\/falken-trade.com\/de\/wp-json\/wp\/v2\/comments?post=5814"}],"version-history":[{"count":4,"href":"https:\/\/falken-trade.com\/de\/wp-json\/wp\/v2\/pages\/5814\/revisions"}],"predecessor-version":[{"id":8904,"href":"https:\/\/falken-trade.com\/de\/wp-json\/wp\/v2\/pages\/5814\/revisions\/8904"}],"wp:featuredmedia":[{"embeddable":true,"href":"https:\/\/falken-trade.com\/de\/wp-json\/wp\/v2\/media\/5819"}],"wp:attachment":[{"href":"https:\/\/falken-trade.com\/de\/wp-json\/wp\/v2\/media?parent=5814"}],"curies":[{"name":"wp","href":"https:\/\/api.w.org\/{rel}","templated":true}]}}