{"id":4278,"date":"2020-10-07T13:51:07","date_gmt":"2020-10-07T11:51:07","guid":{"rendered":"https:\/\/falken-trade.com\/?page_id=4278"},"modified":"2023-02-23T10:38:26","modified_gmt":"2023-02-23T09:38:26","slug":"warunki-wspolpracy","status":"publish","type":"page","link":"https:\/\/falken-trade.com\/de\/warunki-wspolpracy\/","title":{"rendered":"Bedingungen der Zusammenarbeit"},"content":{"rendered":"\n<style type=\"text\/css\" data-created_by=\"avia_inline_auto\" id=\"style-css-av-2o25bc-dabde0c8f1dbf0384e36741366dd75ad\">\n.flex_column.av-2o25bc-dabde0c8f1dbf0384e36741366dd75ad{\nborder-radius:0px 0px 0px 0px;\npadding:0px 0px 0px 0px;\n}\n<\/style>\n<div  class='flex_column av-2o25bc-dabde0c8f1dbf0384e36741366dd75ad av_one_full  avia-builder-el-0  avia-builder-el-no-sibling  first flex_column_div av-zero-column-padding  '     ><p><div  class='avia-button-wrap av-kbg2nr8u-b78230e6b714161c281792e31c7eaa08-wrap avia-button-left  avia-builder-el-1  el_before_av_textblock  avia-builder-el-first '><a href='https:\/\/falken-trade.com\/wp-content\/uploads\/2020\/06\/OWW.pdf'  class='avia-button av-kbg2nr8u-b78230e6b714161c281792e31c7eaa08 av-link-btn avia-icon_select-yes-right-icon avia-size-large avia-position-left av-icon-on-hover avia-color-theme-color'   aria-label=\"Dokument im PDF-Format\"><span class='avia_iconbox_title' >Dokument im PDF-Format<\/span><span class='avia_button_icon avia_button_icon_right' aria-hidden='true' data-av_icon='\ue879' data-av_iconfont='entypo-fontello'><\/span><\/a><\/div><br \/>\n<section  class='av_textblock_section av-kbg2lzmy-f4318155d21af27925a05c47e0a00b57 '   itemscope=\"itemscope\" itemtype=\"https:\/\/schema.org\/CreativeWork\" ><div class='avia_textblock'  itemprop=\"text\" ><article class=\"post-entry post-entry-type-page post-entry-754\">\n<div class=\"entry-content-wrapper clearfix\">\n<header class=\"entry-content-header\"><\/header>\n<div class=\"entry-content\">\n<p><span class=\"tlid-translation translation\" lang=\"de\" tabindex=\"-1\">Allgemeine Kooperationsbedingungen &#8211; Falken Trade Sp. z o.o.<\/span><\/p>\n<p>\u00a7 1. Allgemeine Bestimmungen<\/p>\n<ol>\n<li>Diese Allgemeinen Gesch\u00e4ftsbedingungen (AGB) gelten f\u00fcr alle abgeschlossenen Transaktionen \/ Kaufvertr\u00e4ge zwischen Falken Trade Sp. z o.o.\u00a0 (im Folgenden als Verk\u00e4ufer bezeichnet) und der K\u00e4ufer der Waren von Falken Trade Sp. z o.o.\u00a0 (im Folgenden als K\u00e4ufer bezeichnet) und sind Bestandteil jedes Kaufvertrags. Die AGB gelten w\u00e4hrend der G\u00fcltigkeit dieser Vertr\u00e4ge.<\/li>\n<li>Mit der Bestellung durch den K\u00e4ufer akzeptiert der K\u00e4ufer die folgenden Bedingungen:<br \/>\n\u2022 sofern die zwischen dem K\u00e4ufer und dem Verk\u00e4ufer geschlossenen spezifischen Vertr\u00e4ge nichts anderes vorsehen. Unter bestimmten Vertr\u00e4gen sind Vertr\u00e4ge zu verstehen, die zwischen dem K\u00e4ufer und dem Verk\u00e4ufer geschlossen wurden, mit Ausnahme von Kaufvertr\u00e4gen, in denen zus\u00e4tzliche Bedingungen f\u00fcr die Zusammenarbeit oder Bestimmungen des Kaufvertrags festgelegt sind, die die Anwendung einzelner AGB-Bestimmungen ausschlie\u00dfen.<\/li>\n<li>Im Falle der Ung\u00fcltigkeit, Unwirksamkeit oder Redundanz einiger Bestimmungen der AGB bleiben die \u00fcbrigen Bestimmungen der AGB in Kraft.<\/li>\n<\/ol>\n<p><strong>\u00a7 2. Bestellung<\/strong><\/p>\n<ol>\n<li>Die Bestellung sollte vom K\u00e4ufer schriftlich aufgegeben, von Personen unterzeichnet, die zur Durchf\u00fchrung dieser Aktivit\u00e4ten befugt sind, und von Personen angegeben werden, die zur Vertretung des K\u00e4ufers befugt sind. Im Falle eines Wechsels der Person, die befugt ist, im Namen des K\u00e4ufers Bestellungen aufzugeben, ist der K\u00e4ufer verpflichtet, diese Person anzugeben, da er die Bestellung des Verk\u00e4ufers nicht annimmt.<\/li>\n<li>Grundlage f\u00fcr die Annahme der Bestellung durch den Verk\u00e4ufer zur Ausf\u00fchrung ist die Bestellung, die der K\u00e4ufer per Fax oder E-Mail an die Adresse des Verk\u00e4ufers sendet.<\/li>\n<li>Der K\u00e4ufer ist verpflichtet, in der Bestellung Folgendes anzugeben:<br \/>\n\u2022\u00a0 Bestellnummer,<br \/>\n\u2022\u00a0 den voraussichtlichen Liefertermin,<br \/>\n\u2022\u00a0 die genaue Lieferadresse (Name der Stra\u00dfe, des Platzes oder der Allee, Hausnummer, Postleitzahl und Stadt),<br \/>\n\u2022\u00a0 die Kontaktperson und ihre Kontaktdaten am Abholpunkt,<br \/>\n\u2022\u00a0 die vom Verk\u00e4ufer angebotene Artikelnummer<br \/>\n\u2022\u00a0 den genauen Namen der Ware,<br \/>\n\u2022\u00a0 bestellte Mengen,<br \/>\n\u2022\u00a0 St\u00fcckpreis der bestellten Ware<\/li>\n<li>Die Bestellung gilt erst nach ihrer offiziellen Best\u00e4tigung als angenommen. Die mangelnde Annahme der Bestellung bedeutet nicht die Annahme zur Ausf\u00fchrung.<\/li>\n<li>Die Best\u00e4tigung der Bestellung ist eine Rechnung mit ausgewiesener Mehrwertsteuer, eine Proforma-Rechnung, eine schriftliche Best\u00e4tigung oder eine elektronische Best\u00e4tigung, die das Sortiment, die Menge, den Bestellwert und das Fertigstellungsdatum enth\u00e4lt.<\/li>\n<li>An den Verk\u00e4ufer gesendete Bestellungen k\u00f6nnen aufgrund der \u00fcberf\u00e4lligen Forderungen des K\u00e4ufers, des Fehlens eines verf\u00fcgbaren Kreditlimits oder des Fehlens der erforderlichen Informationen, die die Ausf\u00fchrung der in \u00a7 3 Punkt genannten Bestellung erm\u00f6glichen, nicht zur Ausf\u00fchrung angenommen werden 3.<\/li>\n<li>Vom Verk\u00e4ufer geschlossene Kaufvertr\u00e4ge sind verbindlich, sofern die Lieferanten des Verk\u00e4ufers ihren Verpflichtungen nachkommen.<br \/>\nWenn der Verk\u00e4ufer die Ware nicht rechtzeitig von seinem Lieferanten erh\u00e4lt, hat er das Recht, von der Erf\u00fcllung des Kaufvertrags zur\u00fcckzutreten, nachdem er den K\u00e4ufer im Voraus informiert hat.<\/li>\n<\/ol>\n<p><strong>\u00a7 3. Preis<\/strong><\/p>\n<ol>\n<li>Die Preise f\u00fcr die vom Verk\u00e4ufer angebotenen Waren sind Nettopreise. Diese Preise erh\u00f6hen sich um die Mehrwertsteuer, die gem\u00e4\u00df den einschl\u00e4gigen gesetzlichen Bestimmungen gilt.<\/li>\n<\/ol>\n<p><strong>\u00a7 4. Freigabe der Ware, deren Transport und Abholung durch den K\u00e4ufer<\/strong><\/p>\n<ol>\n<li>Die Ware wird nach Abnahme durch den K\u00e4ufer freigegeben. Dieser Zeitpunkt gilt als Verkaufsdatum, das den Verk\u00e4ufer nach geltendem Recht zur Ausstellung einer Mehrwertsteuerrechnung berechtigt und verpflichtet.<\/li>\n<li>Der Transport von Waren bedeutet deren Lieferung an den vom K\u00e4ufer in der Bestellung angegebenen Ort. Der Transport beinhaltet nicht das Entladen der Waren. Die Kosten f\u00fcr das Entladen tr\u00e4gt der K\u00e4ufer. Der K\u00e4ufer ist verpflichtet, die Ware unverz\u00fcglich zu entladen.<\/li>\n<li>Die Lieferbedingungen werden bei der Bestellung vereinbart. Die Richtlinien hier sind die internationalen Incoterms (International Commercial Terms). Die aktuelle Version ist Incoterms 2010, die Incoterms 2000 ersetzte.<\/li>\n<li>Wenn der Ort der Lieferung der Waren ein anderer Ort als die Adresse des K\u00e4ufers ist, ist der K\u00e4ufer verpflichtet, die befugte Person \/ Gesch\u00e4ftseinheit \/ das Ego zur Abholung der Waren anzugeben und auf der Bestellung seinen Namen, Nachnamen und die Dokumentennummer anzugeben, die seine Identit\u00e4t best\u00e4tigen (im Fall der Gesch\u00e4ftseinheit ihren Namen, die genaue Adresse) sowie eine autorisierte Person mit Kontaktdaten). Wenn der K\u00e4ufer dieser Verpflichtung nicht nachkommt und das Dokument, das die Lieferung der Waren best\u00e4tigt, die Unterschrift der Person tr\u00e4gt, die die Waren erh\u00e4lt, kann der K\u00e4ufer dem Verk\u00e4ufer keinen Einwand erheben, dass die Waren nicht geliefert oder von einer nicht autorisierten Person abgeholt wurden.<\/li>\n<li>Der K\u00e4ufer oder von ihm autorisierte Personen best\u00e4tigen den Eingang der bestellten Ware durch Unterzeichnung des Lieferbelegs.<\/li>\n<li>Der K\u00e4ufer ist verpflichtet, die gelieferte Ware nach Erhalt zu \u00fcberpr\u00fcfen. Im Falle von Vorbehalten des K\u00e4ufers bez\u00fcglich der bestellten Ware und insbesondere im Falle eines festgestellten Schadens, unvollst\u00e4ndiger Lieferungen oder einer \u00dcberschreitung der Bestellung sollte der K\u00e4ufer w\u00e4hrend des Entladens ein vom Vertreter des K\u00e4ufers und des Spediteurs unterzeichnetes Beschwerdeprotokoll erstellen, unter dem Druck, eine quantitative Beschwerde zu hinterlassen, ohne vom K\u00e4ufer erkannt und verloren zu werden etwaige diesbez\u00fcgliche Anspr\u00fcche.<\/li>\n<li>F\u00fcr den Fall, dass der K\u00e4ufer die Ware angenommen hat, ohne den Zustand und die Menge beim Spediteur zu \u00fcberpr\u00fcfen, oder dem Spediteur keine Einw\u00e4nde gemeldet hat, die auf die Art des Mangels oder der Besch\u00e4digung hinweisen; Es wird vermutet, dass er die Ware in dem im Frachtbrief angegebenen Zustand erhalten hat.<\/li>\n<li>Bei Eingang der Ware direkt beim K\u00e4ufer aus dem Lager des Verk\u00e4ufers verliert der K\u00e4ufer seine Rechte aufgrund quantitativer Warenm\u00e4ngel, sofern er diese vorbehaltlos abgeholt hat.<\/li>\n<li>Der Verk\u00e4ufer hat das Recht, Warenr\u00fccksendungen des K\u00e4ufers abzulehnen und nicht anzunehmen, wenn diese R\u00fccksendungen nicht zuvor vom Verk\u00e4ufer vereinbart und best\u00e4tigt wurden. Dies gilt insbesondere f\u00fcr F\u00e4lle, in denen die Lieferung konsistent ist<br \/>\nmit der Bestellung des K\u00e4ufers.<\/li>\n<li>Mit der \u00dcbergabe der Ware an den K\u00e4ufer gehen alle mit der Ware verbundenen Vorteile und Belastungen sowie das Risiko eines versehentlichen Verlusts oder einer Besch\u00e4digung der Ware auf den K\u00e4ufer \u00fcber.<\/li>\n<li>Wenn der K\u00e4ufer den Lieferort nach dem Laden wechselt, ist der K\u00e4ufer verpflichtet, alle Kosten zu tragen, die sich aus dem Wechsel des Lieferorts ergeben (einschlie\u00dflich der Entsch\u00e4digung f\u00fcr die verl\u00e4ngerte Buchung eines bestimmten Transportmittels).<\/li>\n<\/ol>\n<p><strong>\u00a7 5. Liefertermin<\/strong><\/p>\n<ol>\n<li>Der Liefertermin gilt als eingehalten, wenn die Ware zum vereinbarten Termin an den K\u00e4ufer geliefert wird. Der Verk\u00e4ufer haftet nicht f\u00fcr die vorzeitige Lieferung der Ware an den K\u00e4ufer aus Gr\u00fcnden, die dem Bef\u00f6rderer zuzurechnen sind.<\/li>\n<li>In besonders berechtigten F\u00e4llen kann sich der Liefertermin der Ware \u00e4ndern. Der Verk\u00e4ufer hat den K\u00e4ufer \u00fcber diese \u00c4nderung per Fax, E-Mail oder Telefon zu informieren.<\/li>\n<li>H\u00f6here Gewalt sowie andere unvorhersehbare Ereignisse wie Verkehrsst\u00f6rungen, Stromausf\u00e4lle, Streiks, Schlie\u00dfung des Unternehmens, andere Betriebsst\u00f6rungen der Anlage und alle Arten von Hindernissen, die nicht vom Verk\u00e4ufer verursacht wurden und die Lieferung verhindern oder behindern, verl\u00e4ngern den Liefertermin um die Dauer dieses Hindernisses. .<\/li>\n<\/ol>\n<p><strong>\u00a7 6. Zahlungsbedingungen<\/strong><\/p>\n<ol>\n<li>Vom Verk\u00e4ufer ausgestellte Rechnungen und Rechnungen werden vom K\u00e4ufer ohne Abzug in der auf der Rechnung oder Rechnung angegebenen Weise und innerhalb der in der Rechnung oder Rechnung angegebenen Zeit beglichen.<\/li>\n<li>Wenn der K\u00e4ufer Anspruch auf einen f\u00e4lligen Anspruch gegen den Verk\u00e4ufer hat, kann er diesen mit dem Anspruch des Verk\u00e4ufers verrechnen. Der K\u00e4ufer ist verpflichtet, dem Verk\u00e4ufer sp\u00e4testens zum Zeitpunkt der Aufrechnung eine entsprechende Erkl\u00e4rung \u00fcber die Aufrechnung vorzulegen.<\/li>\n<li>Das Zahlungsdatum ist das Datum, an dem das Geld dem Bankkonto des Verk\u00e4ufers gutgeschrieben wird oder an dem die Aufrechnung erfolgte.<\/li>\n<li>Wenn der K\u00e4ufer nicht innerhalb der auf der Rechnung oder Rechnung angegebenen Frist zahlt, hat der Verk\u00e4ufer das Recht, f\u00fcr jeden Tag der Verz\u00f6gerung gesetzliche Zinsen f\u00fcr die Verz\u00f6gerung zu berechnen.<\/li>\n<li>Bei einer Zahlungsverz\u00f6gerung des K\u00e4ufers von mehr als 14 Tagen hat der Verk\u00e4ufer das Recht, alle Schulden, einschlie\u00dflich derer, deren Zahlungstermin noch nicht eingetreten ist, unverz\u00fcglich zu verlangen.<\/li>\n<li>Bei versp\u00e4teter Zahlung des K\u00e4ufers durch den K\u00e4ufer hat Falken Trade Polska Sp. Z oo z o.o. Sp. K. hat das Recht, ein externes Unternehmen auf Kosten des Auftragnehmers zu beauftragen sowie Zahlungsaufforderungen zu senden und dem Auftragnehmer die Kosten der R\u00fcckforderung in H\u00f6he eines Pauschalbetrags in H\u00f6he von 40 EUR in Rechnung zu stellen.<\/li>\n<li>Kommt der K\u00e4ufer mit der Zahlung des Preises f\u00fcr die gelieferte Ware in Verzug oder ist es aufgrund seiner finanziellen Situation zweifelhaft, ob die Zahlung des Preises f\u00fcr den sp\u00e4ter zu liefernden Teil der Ware p\u00fcnktlich erfolgt, so hat der Verk\u00e4ufer das Recht, die Lieferung der Ware bis zum K\u00e4ufer zu unterlassen Alle f\u00e4lligen Betr\u00e4ge f\u00fcr \u00fcberf\u00e4llige Lieferungen bezahlen oder dem Verk\u00e4ufer keine angemessene Sicherheit bieten.<\/li>\n<li>Wenn der K\u00e4ufer dem Verk\u00e4ufer nicht den vollen Betrag der Vorauszahlung gem\u00e4\u00df den Bedingungen dieser Zahlungsoption zahlt, hat der Verk\u00e4ufer das Recht, die Lieferung der Ware an den K\u00e4ufer zu unterlassen, bis der K\u00e4ufer den gesamten Wert der bestellten Ware bezahlt.<\/li>\n<li>Bei Nichtzahlung der gelieferten Ware durch den K\u00e4ufer kann der Verk\u00e4ufer unverz\u00fcglich vom Vertrag zur\u00fccktreten, Schadensersatz wegen Zahlungsverzuges des K\u00e4ufers verlangen sowie die R\u00fccksendung der Ware verlangen und Schadensersatz f\u00fcr Verschlei\u00df oder Besch\u00e4digung der Ware verlangen. Die Ware wird dann auf Kosten des K\u00e4ufers zur\u00fcckgesandt.<\/li>\n<\/ol>\n<p><strong>ABSCHNITT 7. Eigentums\u00fcbergang<\/strong><\/p>\n<ol>\n<li>Das Eigentum geht auf den K\u00e4ufer \u00fcber:<br \/>\na) beim Kauf in bar &#8211; bei Zahlung an der Kasse des Verk\u00e4ufers<br \/>\nb) bei Zahlung per \u00dcberweisung &#8211; nach Eingang des Zahlungsbetrags auf dem Konto des Verk\u00e4ufers<\/li>\n<li>Bis zum Eintritt der in Absatz 1 dieses Absatzes genannten Fristen oder Ereignisse sind die Waren Eigentum des Verk\u00e4ufers und k\u00f6nnen vom Verk\u00e4ufer abgeholt werden, wenn der K\u00e4ufer trotz schriftlicher Zahlungsaufforderung innerhalb der angegebenen zus\u00e4tzlichen Frist mit der Zahlung von Forderungen im R\u00fcckstand ist.<\/li>\n<li>In der Erkl\u00e4rung des Verk\u00e4ufers oder einer schriftlichen Vereinbarung zwischen den Parteien k\u00f6nnen andere Daten f\u00fcr den Eigentums\u00fcbergang festgelegt werden<\/li>\n<\/ol>\n<p><strong>\u00a7 8. Forderungsversicherung<\/strong><\/p>\n<ol>\n<li>Aus Sicherheitsgr\u00fcnden kann der Verk\u00e4ufer seine ihm vom K\u00e4ufer geschuldeten Forderungen versichern. Der K\u00e4ufer ist dann verpflichtet, sich dem Inspektionsverfahren durch den Versicherer zu unterziehen.<\/li>\n<li>Um zus\u00e4tzliche Finanzmittel zu erhalten, kann der Verk\u00e4ufer seine Forderungen verkaufen \/ verkaufen oder verpf\u00e4nden.<\/li>\n<\/ol>\n<p><strong>\u00a7 9 Beschwerden<\/strong><\/p>\n<ol>\n<li>Im Falle einer Qualit\u00e4tsverletzung der gelieferten Ware mit der genehmigten Spezifikation ist der K\u00e4ufer verpflichtet, den Verk\u00e4ufer unverz\u00fcglich schriftlich, sp\u00e4testens jedoch innerhalb von 14 Tagen nach Erhalt der Ware zu benachrichtigen, unter Androhung einer Qualit\u00e4tsbeschwerde, ohne Anspr\u00fcche des K\u00e4ufers anzuerkennen und zu verlieren. Titel. F\u00fcr den Fall, dass der Mangel nach 14 Tagen festgestellt wurde (versteckter Mangel), ist der K\u00e4ufer verpflichtet, den Verk\u00e4ufer unverz\u00fcglich, sp\u00e4testens jedoch innerhalb von 3 Tagen nach seiner Entdeckung \u00fcber seine Entdeckung zu informieren.<\/li>\n<li>Die Behauptung sollte durch offizielle Dokumente (offizielles Wiegezertifikat, Frachtbrief, Qualit\u00e4tszertifikat usw.) best\u00e4tigt werden. Die Reklamation des K\u00e4ufers darf den Wert der beworbenen Ware nicht \u00fcberschreiten.<\/li>\n<li>Der Verk\u00e4ufer wird den K\u00e4ufer innerhalb von 14 Tagen nach Eingang des Beschwerdeprotokolls \u00fcber die Methode zur Beilegung der Beschwerde informieren.<\/li>\n<li>Wenn der Verk\u00e4ufer die Reklamation annimmt, ist er verpflichtet, diese Warencharge zu fr\u00fcheren Bedingungen oder mit einem angemessenen Rabatt zu ersetzen. Der K\u00e4ufer hat kein Recht, weitere Anspr\u00fcche geltend zu machen und insbesondere eine weitere Entsch\u00e4digung, Deckung von entgangenen Gewinnen usw. zu verlangen. Die Waren k\u00f6nnen mit schriftlicher Zustimmung auf das Konto des Verk\u00e4ufers zur\u00fcckgegeben oder verkauft werden.<\/li>\n<\/ol>\n<p><strong>\u00a7 10 Vertraulichkeitsklausel<\/strong><\/p>\n<ol>\n<li>Der Verk\u00e4ufer verpflichtet sich, die Vertraulichkeit aller ihm zur Verf\u00fcgung gestellten und zur Verf\u00fcgung gestellten Informationen zum Zwecke der ordnungsgem\u00e4\u00dfen Ausf\u00fchrung der Bestellung durch die bestellende Partei zu wahren. Diese Informationen d\u00fcrfen nur Mitarbeitern und Subunternehmern zur Verf\u00fcgung gestellt werden, die direkt an der Ausf\u00fchrung eines bestimmten Auftrags arbeiten.<\/li>\n<\/ol>\n<p><strong>\u00a7 11. Schlussbestimmungen<\/strong><\/p>\n<ol>\n<li>Alle Streitigkeiten, die sich aus der Anwendung der AGB oder des Kaufvertrags ergeben, werden vom gemeinsamen Gericht beigelegt, das f\u00fcr den Sitz des Verk\u00e4ufers vor Ort und materiell zust\u00e4ndig ist.<\/li>\n<li>In nicht regulierten Angelegenheiten gelten die Bestimmungen des B\u00fcrgerlichen Gesetzbuchs oder die einschl\u00e4gigen Bestimmungen bestimmter Rechtsakte.<\/li>\n<\/ol>\n<\/div>\n<\/div>\n<\/article>\n<\/div><\/section><\/p><\/div>\n","protected":false},"excerpt":{"rendered":"","protected":false},"author":2,"featured_media":0,"parent":0,"menu_order":0,"comment_status":"closed","ping_status":"closed","template":"","meta":{"footnotes":""},"class_list":["post-4278","page","type-page","status-publish","hentry"],"yoast_head":"<!-- This site is optimized with the Yoast SEO plugin v23.8 - https:\/\/yoast.com\/wordpress\/plugins\/seo\/ -->\n<title>Bedingungen der Zusammenarbeit - Falken Trade - sklep z dodatkami funkcjonalnymi do \u017cywo\u015bci i pasz<\/title>\n<meta name=\"robots\" content=\"index, follow, max-snippet:-1, max-image-preview:large, max-video-preview:-1\" \/>\n<link rel=\"canonical\" href=\"https:\/\/falken-trade.com\/de\/warunki-wspolpracy\/\" \/>\n<meta property=\"og:locale\" content=\"de_DE\" \/>\n<meta property=\"og:type\" content=\"article\" \/>\n<meta property=\"og:title\" content=\"Bedingungen der Zusammenarbeit - Falken Trade - sklep z dodatkami funkcjonalnymi do \u017cywo\u015bci i pasz\" \/>\n<meta property=\"og:url\" content=\"https:\/\/falken-trade.com\/de\/warunki-wspolpracy\/\" \/>\n<meta property=\"og:site_name\" content=\"Falken Trade - sklep z dodatkami funkcjonalnymi do \u017cywo\u015bci i pasz\" \/>\n<meta property=\"article:publisher\" content=\"https:\/\/www.facebook.com\/falkentrade\/\" \/>\n<meta property=\"article:modified_time\" content=\"2023-02-23T09:38:26+00:00\" \/>\n<meta name=\"twitter:card\" content=\"summary_large_image\" \/>\n<meta name=\"twitter:label1\" content=\"Gesch\u00e4tzte Lesezeit\" \/>\n\t<meta name=\"twitter:data1\" content=\"11\u00a0Minuten\" \/>\n<script type=\"application\/ld+json\" class=\"yoast-schema-graph\">{\"@context\":\"https:\/\/schema.org\",\"@graph\":[{\"@type\":\"WebPage\",\"@id\":\"https:\/\/falken-trade.com\/de\/warunki-wspolpracy\/\",\"url\":\"https:\/\/falken-trade.com\/de\/warunki-wspolpracy\/\",\"name\":\"Bedingungen der Zusammenarbeit - Falken Trade - sklep z dodatkami funkcjonalnymi do \u017cywo\u015bci i pasz\",\"isPartOf\":{\"@id\":\"https:\/\/falken-trade.com\/#website\"},\"datePublished\":\"2020-10-07T11:51:07+00:00\",\"dateModified\":\"2023-02-23T09:38:26+00:00\",\"breadcrumb\":{\"@id\":\"https:\/\/falken-trade.com\/de\/warunki-wspolpracy\/#breadcrumb\"},\"inLanguage\":\"de\",\"potentialAction\":[{\"@type\":\"ReadAction\",\"target\":[\"https:\/\/falken-trade.com\/de\/warunki-wspolpracy\/\"]}]},{\"@type\":\"BreadcrumbList\",\"@id\":\"https:\/\/falken-trade.com\/de\/warunki-wspolpracy\/#breadcrumb\",\"itemListElement\":[{\"@type\":\"ListItem\",\"position\":1,\"name\":\"Strona g\u0142\u00f3wna\",\"item\":\"https:\/\/falken-trade.com\/de\/strona-glowna\/\"},{\"@type\":\"ListItem\",\"position\":2,\"name\":\"Bedingungen der Zusammenarbeit\"}]},{\"@type\":\"WebSite\",\"@id\":\"https:\/\/falken-trade.com\/#website\",\"url\":\"https:\/\/falken-trade.com\/\",\"name\":\"Falken Trade - sklep z dodatkami funkcjonalnymi do \u017cywno\u015bci i pasz\",\"description\":\"Dystrybutor dodatk\u00f3w \u017cywno\u015bciowych i dodatk\u00f3w do pasz\",\"publisher\":{\"@id\":\"https:\/\/falken-trade.com\/#organization\"},\"alternateName\":\"sklep z dodatkami funkcjonalnymi do \u017cywno\u015bci i pasz\",\"potentialAction\":[{\"@type\":\"SearchAction\",\"target\":{\"@type\":\"EntryPoint\",\"urlTemplate\":\"https:\/\/falken-trade.com\/?s={search_term_string}\"},\"query-input\":{\"@type\":\"PropertyValueSpecification\",\"valueRequired\":true,\"valueName\":\"search_term_string\"}}],\"inLanguage\":\"de\"},{\"@type\":\"Organization\",\"@id\":\"https:\/\/falken-trade.com\/#organization\",\"name\":\"Falken Trade Polska\",\"url\":\"https:\/\/falken-trade.com\/\",\"logo\":{\"@type\":\"ImageObject\",\"inLanguage\":\"de\",\"@id\":\"https:\/\/falken-trade.com\/#\/schema\/logo\/image\/\",\"url\":\"https:\/\/falken-trade.com\/wp-content\/uploads\/2021\/10\/Logo-new-z-podpisem-scaled.jpg\",\"contentUrl\":\"https:\/\/falken-trade.com\/wp-content\/uploads\/2021\/10\/Logo-new-z-podpisem-scaled.jpg\",\"width\":2560,\"height\":941,\"caption\":\"Falken Trade Polska\"},\"image\":{\"@id\":\"https:\/\/falken-trade.com\/#\/schema\/logo\/image\/\"},\"sameAs\":[\"https:\/\/www.facebook.com\/falkentrade\/\",\"https:\/\/www.linkedin.com\/company\/19018107\/admin\/\"]}]}<\/script>\n<!-- \/ Yoast SEO plugin. -->","yoast_head_json":{"title":"Bedingungen der Zusammenarbeit - Falken Trade - sklep z dodatkami funkcjonalnymi do \u017cywo\u015bci i pasz","robots":{"index":"index","follow":"follow","max-snippet":"max-snippet:-1","max-image-preview":"max-image-preview:large","max-video-preview":"max-video-preview:-1"},"canonical":"https:\/\/falken-trade.com\/de\/warunki-wspolpracy\/","og_locale":"de_DE","og_type":"article","og_title":"Bedingungen der Zusammenarbeit - Falken Trade - sklep z dodatkami funkcjonalnymi do \u017cywo\u015bci i pasz","og_url":"https:\/\/falken-trade.com\/de\/warunki-wspolpracy\/","og_site_name":"Falken Trade - sklep z dodatkami funkcjonalnymi do \u017cywo\u015bci i pasz","article_publisher":"https:\/\/www.facebook.com\/falkentrade\/","article_modified_time":"2023-02-23T09:38:26+00:00","twitter_card":"summary_large_image","twitter_misc":{"Gesch\u00e4tzte Lesezeit":"11\u00a0Minuten"},"schema":{"@context":"https:\/\/schema.org","@graph":[{"@type":"WebPage","@id":"https:\/\/falken-trade.com\/de\/warunki-wspolpracy\/","url":"https:\/\/falken-trade.com\/de\/warunki-wspolpracy\/","name":"Bedingungen der Zusammenarbeit - Falken Trade - sklep z dodatkami funkcjonalnymi do \u017cywo\u015bci i pasz","isPartOf":{"@id":"https:\/\/falken-trade.com\/#website"},"datePublished":"2020-10-07T11:51:07+00:00","dateModified":"2023-02-23T09:38:26+00:00","breadcrumb":{"@id":"https:\/\/falken-trade.com\/de\/warunki-wspolpracy\/#breadcrumb"},"inLanguage":"de","potentialAction":[{"@type":"ReadAction","target":["https:\/\/falken-trade.com\/de\/warunki-wspolpracy\/"]}]},{"@type":"BreadcrumbList","@id":"https:\/\/falken-trade.com\/de\/warunki-wspolpracy\/#breadcrumb","itemListElement":[{"@type":"ListItem","position":1,"name":"Strona g\u0142\u00f3wna","item":"https:\/\/falken-trade.com\/de\/strona-glowna\/"},{"@type":"ListItem","position":2,"name":"Bedingungen der Zusammenarbeit"}]},{"@type":"WebSite","@id":"https:\/\/falken-trade.com\/#website","url":"https:\/\/falken-trade.com\/","name":"Falken Trade - sklep z dodatkami funkcjonalnymi do \u017cywno\u015bci i pasz","description":"Dystrybutor dodatk\u00f3w \u017cywno\u015bciowych i dodatk\u00f3w do pasz","publisher":{"@id":"https:\/\/falken-trade.com\/#organization"},"alternateName":"sklep z dodatkami funkcjonalnymi do \u017cywno\u015bci i pasz","potentialAction":[{"@type":"SearchAction","target":{"@type":"EntryPoint","urlTemplate":"https:\/\/falken-trade.com\/?s={search_term_string}"},"query-input":{"@type":"PropertyValueSpecification","valueRequired":true,"valueName":"search_term_string"}}],"inLanguage":"de"},{"@type":"Organization","@id":"https:\/\/falken-trade.com\/#organization","name":"Falken Trade Polska","url":"https:\/\/falken-trade.com\/","logo":{"@type":"ImageObject","inLanguage":"de","@id":"https:\/\/falken-trade.com\/#\/schema\/logo\/image\/","url":"https:\/\/falken-trade.com\/wp-content\/uploads\/2021\/10\/Logo-new-z-podpisem-scaled.jpg","contentUrl":"https:\/\/falken-trade.com\/wp-content\/uploads\/2021\/10\/Logo-new-z-podpisem-scaled.jpg","width":2560,"height":941,"caption":"Falken Trade Polska"},"image":{"@id":"https:\/\/falken-trade.com\/#\/schema\/logo\/image\/"},"sameAs":["https:\/\/www.facebook.com\/falkentrade\/","https:\/\/www.linkedin.com\/company\/19018107\/admin\/"]}]}},"_links":{"self":[{"href":"https:\/\/falken-trade.com\/de\/wp-json\/wp\/v2\/pages\/4278"}],"collection":[{"href":"https:\/\/falken-trade.com\/de\/wp-json\/wp\/v2\/pages"}],"about":[{"href":"https:\/\/falken-trade.com\/de\/wp-json\/wp\/v2\/types\/page"}],"author":[{"embeddable":true,"href":"https:\/\/falken-trade.com\/de\/wp-json\/wp\/v2\/users\/2"}],"replies":[{"embeddable":true,"href":"https:\/\/falken-trade.com\/de\/wp-json\/wp\/v2\/comments?post=4278"}],"version-history":[{"count":5,"href":"https:\/\/falken-trade.com\/de\/wp-json\/wp\/v2\/pages\/4278\/revisions"}],"predecessor-version":[{"id":5293,"href":"https:\/\/falken-trade.com\/de\/wp-json\/wp\/v2\/pages\/4278\/revisions\/5293"}],"wp:attachment":[{"href":"https:\/\/falken-trade.com\/de\/wp-json\/wp\/v2\/media?parent=4278"}],"curies":[{"name":"wp","href":"https:\/\/api.w.org\/{rel}","templated":true}]}}