{"id":4258,"date":"2020-10-07T13:48:24","date_gmt":"2020-10-07T11:48:24","guid":{"rendered":"https:\/\/falken-trade.com\/?page_id=4258"},"modified":"2020-11-02T10:35:33","modified_gmt":"2020-11-02T09:35:33","slug":"przeciwutleniacze","status":"publish","type":"page","link":"https:\/\/falken-trade.com\/de\/przeciwutleniacze\/","title":{"rendered":"Antioxidantien"},"content":{"rendered":"\n<style type=\"text\/css\" data-created_by=\"avia_inline_auto\" id=\"style-css-av-11bja-0055f21cd9288666f5c7989621fcf915\">\n.flex_column.av-11bja-0055f21cd9288666f5c7989621fcf915{\nborder-radius:0px 0px 0px 0px;\npadding:0px 0px 0px 0px;\n}\n<\/style>\n<div  class='flex_column av-11bja-0055f21cd9288666f5c7989621fcf915 av_one_full  avia-builder-el-0  el_before_av_one_full  avia-builder-el-first  first flex_column_div av-zero-column-padding  '     ><section  class='av_textblock_section av-k9v25szo-9a0573f0668df97e5996037a05ee7ab3 '   itemscope=\"itemscope\" itemtype=\"https:\/\/schema.org\/CreativeWork\" ><div class='avia_textblock'  itemprop=\"text\" ><h2 style=\"text-align: center;\">Antioxidantien<\/h2>\n<\/div><\/section><\/div>\n\n<style type=\"text\/css\" data-created_by=\"avia_inline_auto\" id=\"style-css-av-11bja-0055f21cd9288666f5c7989621fcf915\">\n.flex_column.av-11bja-0055f21cd9288666f5c7989621fcf915{\nborder-radius:0px 0px 0px 0px;\npadding:0px 0px 0px 0px;\n}\n<\/style>\n<div  class='flex_column av-11bja-0055f21cd9288666f5c7989621fcf915 av_one_full  avia-builder-el-2  el_after_av_one_full  avia-builder-el-last  first flex_column_div av-zero-column-padding  column-top-margin'     ><\/div>\n","protected":false},"excerpt":{"rendered":"","protected":false},"author":2,"featured_media":0,"parent":0,"menu_order":0,"comment_status":"closed","ping_status":"closed","template":"","meta":{"footnotes":""},"class_list":["post-4258","page","type-page","status-publish","hentry"],"yoast_head":"<!-- This site is optimized with the Yoast SEO plugin v23.8 - https:\/\/yoast.com\/wordpress\/plugins\/seo\/ -->\n<title>Antioxidantien - Falken Trade - sklep z dodatkami funkcjonalnymi do \u017cywo\u015bci i pasz<\/title>\n<meta name=\"robots\" content=\"index, follow, max-snippet:-1, max-image-preview:large, max-video-preview:-1\" \/>\n<link rel=\"canonical\" href=\"https:\/\/falken-trade.com\/de\/przeciwutleniacze\/\" \/>\n<meta property=\"og:locale\" content=\"de_DE\" \/>\n<meta property=\"og:type\" content=\"article\" \/>\n<meta property=\"og:title\" content=\"Antioxidantien - Falken Trade - sklep z dodatkami funkcjonalnymi do \u017cywo\u015bci i pasz\" \/>\n<meta property=\"og:url\" content=\"https:\/\/falken-trade.com\/de\/przeciwutleniacze\/\" \/>\n<meta property=\"og:site_name\" content=\"Falken Trade - sklep z dodatkami funkcjonalnymi do \u017cywo\u015bci i pasz\" \/>\n<meta property=\"article:publisher\" content=\"https:\/\/www.facebook.com\/falkentrade\/\" \/>\n<meta property=\"article:modified_time\" content=\"2020-11-02T09:35:33+00:00\" \/>\n<meta name=\"twitter:card\" content=\"summary_large_image\" \/>\n<meta name=\"twitter:label1\" content=\"Gesch\u00e4tzte Lesezeit\" \/>\n\t<meta name=\"twitter:data1\" content=\"2\u00a0Minuten\" \/>\n<script type=\"application\/ld+json\" class=\"yoast-schema-graph\">{\"@context\":\"https:\/\/schema.org\",\"@graph\":[{\"@type\":\"WebPage\",\"@id\":\"https:\/\/falken-trade.com\/de\/przeciwutleniacze\/\",\"url\":\"https:\/\/falken-trade.com\/de\/przeciwutleniacze\/\",\"name\":\"Antioxidantien - Falken Trade - sklep z dodatkami funkcjonalnymi do \u017cywo\u015bci i pasz\",\"isPartOf\":{\"@id\":\"https:\/\/falken-trade.com\/#website\"},\"datePublished\":\"2020-10-07T11:48:24+00:00\",\"dateModified\":\"2020-11-02T09:35:33+00:00\",\"breadcrumb\":{\"@id\":\"https:\/\/falken-trade.com\/de\/przeciwutleniacze\/#breadcrumb\"},\"inLanguage\":\"de\",\"potentialAction\":[{\"@type\":\"ReadAction\",\"target\":[\"https:\/\/falken-trade.com\/de\/przeciwutleniacze\/\"]}]},{\"@type\":\"BreadcrumbList\",\"@id\":\"https:\/\/falken-trade.com\/de\/przeciwutleniacze\/#breadcrumb\",\"itemListElement\":[{\"@type\":\"ListItem\",\"position\":1,\"name\":\"Strona g\u0142\u00f3wna\",\"item\":\"https:\/\/falken-trade.com\/de\/strona-glowna\/\"},{\"@type\":\"ListItem\",\"position\":2,\"name\":\"Antioxidantien\"}]},{\"@type\":\"WebSite\",\"@id\":\"https:\/\/falken-trade.com\/#website\",\"url\":\"https:\/\/falken-trade.com\/\",\"name\":\"Falken Trade - sklep z dodatkami funkcjonalnymi do \u017cywno\u015bci i pasz\",\"description\":\"Dystrybutor dodatk\u00f3w \u017cywno\u015bciowych i dodatk\u00f3w do pasz\",\"publisher\":{\"@id\":\"https:\/\/falken-trade.com\/#organization\"},\"alternateName\":\"sklep z dodatkami funkcjonalnymi do \u017cywno\u015bci i pasz\",\"potentialAction\":[{\"@type\":\"SearchAction\",\"target\":{\"@type\":\"EntryPoint\",\"urlTemplate\":\"https:\/\/falken-trade.com\/?s={search_term_string}\"},\"query-input\":{\"@type\":\"PropertyValueSpecification\",\"valueRequired\":true,\"valueName\":\"search_term_string\"}}],\"inLanguage\":\"de\"},{\"@type\":\"Organization\",\"@id\":\"https:\/\/falken-trade.com\/#organization\",\"name\":\"Falken Trade Polska\",\"url\":\"https:\/\/falken-trade.com\/\",\"logo\":{\"@type\":\"ImageObject\",\"inLanguage\":\"de\",\"@id\":\"https:\/\/falken-trade.com\/#\/schema\/logo\/image\/\",\"url\":\"https:\/\/falken-trade.com\/wp-content\/uploads\/2021\/10\/Logo-new-z-podpisem-scaled.jpg\",\"contentUrl\":\"https:\/\/falken-trade.com\/wp-content\/uploads\/2021\/10\/Logo-new-z-podpisem-scaled.jpg\",\"width\":2560,\"height\":941,\"caption\":\"Falken Trade Polska\"},\"image\":{\"@id\":\"https:\/\/falken-trade.com\/#\/schema\/logo\/image\/\"},\"sameAs\":[\"https:\/\/www.facebook.com\/falkentrade\/\",\"https:\/\/www.linkedin.com\/company\/19018107\/admin\/\"]}]}<\/script>\n<!-- \/ Yoast SEO plugin. -->","yoast_head_json":{"title":"Antioxidantien - Falken Trade - sklep z dodatkami funkcjonalnymi do \u017cywo\u015bci i pasz","robots":{"index":"index","follow":"follow","max-snippet":"max-snippet:-1","max-image-preview":"max-image-preview:large","max-video-preview":"max-video-preview:-1"},"canonical":"https:\/\/falken-trade.com\/de\/przeciwutleniacze\/","og_locale":"de_DE","og_type":"article","og_title":"Antioxidantien - Falken Trade - sklep z dodatkami funkcjonalnymi do \u017cywo\u015bci i pasz","og_url":"https:\/\/falken-trade.com\/de\/przeciwutleniacze\/","og_site_name":"Falken Trade - sklep z dodatkami funkcjonalnymi do \u017cywo\u015bci i pasz","article_publisher":"https:\/\/www.facebook.com\/falkentrade\/","article_modified_time":"2020-11-02T09:35:33+00:00","twitter_card":"summary_large_image","twitter_misc":{"Gesch\u00e4tzte Lesezeit":"2\u00a0Minuten"},"schema":{"@context":"https:\/\/schema.org","@graph":[{"@type":"WebPage","@id":"https:\/\/falken-trade.com\/de\/przeciwutleniacze\/","url":"https:\/\/falken-trade.com\/de\/przeciwutleniacze\/","name":"Antioxidantien - Falken Trade - sklep z dodatkami funkcjonalnymi do \u017cywo\u015bci i pasz","isPartOf":{"@id":"https:\/\/falken-trade.com\/#website"},"datePublished":"2020-10-07T11:48:24+00:00","dateModified":"2020-11-02T09:35:33+00:00","breadcrumb":{"@id":"https:\/\/falken-trade.com\/de\/przeciwutleniacze\/#breadcrumb"},"inLanguage":"de","potentialAction":[{"@type":"ReadAction","target":["https:\/\/falken-trade.com\/de\/przeciwutleniacze\/"]}]},{"@type":"BreadcrumbList","@id":"https:\/\/falken-trade.com\/de\/przeciwutleniacze\/#breadcrumb","itemListElement":[{"@type":"ListItem","position":1,"name":"Strona g\u0142\u00f3wna","item":"https:\/\/falken-trade.com\/de\/strona-glowna\/"},{"@type":"ListItem","position":2,"name":"Antioxidantien"}]},{"@type":"WebSite","@id":"https:\/\/falken-trade.com\/#website","url":"https:\/\/falken-trade.com\/","name":"Falken Trade - sklep z dodatkami funkcjonalnymi do \u017cywno\u015bci i pasz","description":"Dystrybutor dodatk\u00f3w \u017cywno\u015bciowych i dodatk\u00f3w do pasz","publisher":{"@id":"https:\/\/falken-trade.com\/#organization"},"alternateName":"sklep z dodatkami funkcjonalnymi do \u017cywno\u015bci i pasz","potentialAction":[{"@type":"SearchAction","target":{"@type":"EntryPoint","urlTemplate":"https:\/\/falken-trade.com\/?s={search_term_string}"},"query-input":{"@type":"PropertyValueSpecification","valueRequired":true,"valueName":"search_term_string"}}],"inLanguage":"de"},{"@type":"Organization","@id":"https:\/\/falken-trade.com\/#organization","name":"Falken Trade Polska","url":"https:\/\/falken-trade.com\/","logo":{"@type":"ImageObject","inLanguage":"de","@id":"https:\/\/falken-trade.com\/#\/schema\/logo\/image\/","url":"https:\/\/falken-trade.com\/wp-content\/uploads\/2021\/10\/Logo-new-z-podpisem-scaled.jpg","contentUrl":"https:\/\/falken-trade.com\/wp-content\/uploads\/2021\/10\/Logo-new-z-podpisem-scaled.jpg","width":2560,"height":941,"caption":"Falken Trade Polska"},"image":{"@id":"https:\/\/falken-trade.com\/#\/schema\/logo\/image\/"},"sameAs":["https:\/\/www.facebook.com\/falkentrade\/","https:\/\/www.linkedin.com\/company\/19018107\/admin\/"]}]}},"_links":{"self":[{"href":"https:\/\/falken-trade.com\/de\/wp-json\/wp\/v2\/pages\/4258"}],"collection":[{"href":"https:\/\/falken-trade.com\/de\/wp-json\/wp\/v2\/pages"}],"about":[{"href":"https:\/\/falken-trade.com\/de\/wp-json\/wp\/v2\/types\/page"}],"author":[{"embeddable":true,"href":"https:\/\/falken-trade.com\/de\/wp-json\/wp\/v2\/users\/2"}],"replies":[{"embeddable":true,"href":"https:\/\/falken-trade.com\/de\/wp-json\/wp\/v2\/comments?post=4258"}],"version-history":[{"count":5,"href":"https:\/\/falken-trade.com\/de\/wp-json\/wp\/v2\/pages\/4258\/revisions"}],"predecessor-version":[{"id":4768,"href":"https:\/\/falken-trade.com\/de\/wp-json\/wp\/v2\/pages\/4258\/revisions\/4768"}],"wp:attachment":[{"href":"https:\/\/falken-trade.com\/de\/wp-json\/wp\/v2\/media?parent=4258"}],"curies":[{"name":"wp","href":"https:\/\/api.w.org\/{rel}","templated":true}]}}