{"id":4203,"date":"2020-10-07T13:22:47","date_gmt":"2020-10-07T11:22:47","guid":{"rendered":"https:\/\/falken-trade.com\/?page_id=4203"},"modified":"2025-08-22T10:28:19","modified_gmt":"2025-08-22T08:28:19","slug":"polityka-jakosci","status":"publish","type":"page","link":"https:\/\/falken-trade.com\/de\/polityka-jakosci\/","title":{"rendered":"Qualit\u00e4tsrichtlinie"},"content":{"rendered":"\n<style type=\"text\/css\" data-created_by=\"avia_inline_auto\" id=\"style-css-av-5ne6ei-c5b5fb30c5cb2da2767c8e127168f66e\">\n.flex_column.av-5ne6ei-c5b5fb30c5cb2da2767c8e127168f66e{\nborder-radius:0px 0px 0px 0px;\npadding:0px 0px 0px 0px;\n}\n<\/style>\n<div  class='flex_column av-5ne6ei-c5b5fb30c5cb2da2767c8e127168f66e av_one_full  avia-builder-el-0  el_before_av_one_half  avia-builder-el-first  first flex_column_div av-zero-column-padding  '     ><section  class='av_textblock_section av-kbhk3n2f-34d8634b16fe012915afd57012983d04 '   itemscope=\"itemscope\" itemtype=\"https:\/\/schema.org\/CreativeWork\" ><div class='avia_textblock'  itemprop=\"text\" ><p>Qualit\u00e4ts- und Sicherheitspolitik in der Lieferkette<br \/>\nDie Firma FALKEN-TRADE ist ein sich dynamisch entwickelnder Vertreiber von Lebensmittel- und Futtermittelzusatzstoffen, der den europ\u00e4ischen Markt mit hochwertigen Produkten von sorgf\u00e4ltig ausgew\u00e4hlten globalen Herstellern von Zusatzstoffen beliefert. Das Unternehmen bietet Lebensmittelzusatzstoffe (d. h. S\u00e4ureregulatoren, Stabilisatoren, Geliermittel, Antioxidantien, Geschmacks- und Aromaverst\u00e4rker, S\u00fc\u00dfstoffe, Farbstoffe, getrocknete Produkte) und Futtermittelzusatzstoffe an, die auf h\u00f6chstem Niveau im Bereich der internationalen Transportdienstleistungen geliefert werden.<br \/>\nDas \u00fcbergeordnete Ziel der T\u00e4tigkeit der Firma FALKEN-TRADE ist, das Vertrauen der Kunden aufrechtzuerhalten und zu st\u00e4rken, entsprechend deren Erwartungen und Bed\u00fcrfnissen, indem eine hohe Qualit\u00e4t der angebotenen Produkte und Dienstleistungen sichergestellt wird. Wir bem\u00fchen uns, Dienstleistungen zeitnah und zuverl\u00e4ssig zu erbringen.<br \/>\nUm die hohe Qualit\u00e4t der angebotenen Produkte sicherzustellen FALKEN-TRADE f\u00fchrt Qualit\u00e4tsaudits bei Herstellern durch, \u00fcberwacht Importware angemessen und arbeitet mit akkreditierten Laboren zusammen. Eine sorgf\u00e4ltige Kontrolle garantiert ein wiederholbares Ma\u00df an Qualit\u00e4t und Lebensmittelsicherheit. Unsere Aktivit\u00e4ten konzentrieren sich auf die kontinuierliche Steigerung und Verbesserung der Sicherheit in der Lieferkette. St\u00e4ndige und ehrliche Beziehungen zu Lieferanten und Gesch\u00e4ftspartnern garantieren Zuverl\u00e4ssigkeit und erm\u00f6glichen schwierige und gro\u00dfe Auftr\u00e4ge in relativ kurzer Zeit zu erf\u00fcllen.<br \/>\nFALKEN-TRADE hat den Ehrgeiz, ein f\u00fchrendes Unternehmen auf dem mittel- und osteurop\u00e4ischen Markt im Bereich des Handels mit Lebensmittel- und Futtermittelzusatzstoffen zu werden.<\/p>\n<p>Diese \u00dcberzeugungen bilden die Grundlage f\u00fcr die Festlegung der strategischen Ziele des Unternehmens:<br \/>\n\u2022 schnelle Reaktion auf sich \u00e4ndernde Kundenbed\u00fcrfnisse,<br \/>\n\u2022 st\u00e4ndige \u00dcberwachung und Analyse der Kundenzufriedenheit,<br \/>\n\u2022 umfassender und zeitnaher Kundenservice,<br \/>\n\u2022 st\u00e4ndiger Ausbau der Absatzm\u00e4rkte,<br \/>\n\u2022 Zusammenarbeit mit qualifizierten Lieferanten, die Produkte h\u00f6chster Qualit\u00e4t garantieren,<br \/>\n\u2022 kontinuierliche Weiterbildung der Mitarbeiter des Unternehmens,<br \/>\n\u2022 st\u00e4ndige \u00dcberwachung und Analyse im Hinblick auf die Vermeidung von Gesundheitsrisiken der<br \/>\nangebotenen Produkte,<br \/>\n\u2022 P\u00fcnktlichkeit und Zuverl\u00e4ssigkeit der erbrachten Leistungen,<br \/>\n\u2022 Aktivit\u00e4ten zur Erh\u00f6hung des Sicherheitsniveaus in der Lieferkette,<br \/>\n\u2022 Gefahrenidentifikation und Risikobewertung,<br \/>\n\u2022 Erbringung von Dienstleistungen auf der Grundlage geltender Anforderungen und gesetzlicher<br \/>\nVorschriften,<br \/>\n\u2022 Einhaltung von Umweltanforderungen<br \/>\n\u2022 Einhaltung ethischer Standards.<\/p>\n<p>Verwirklichung dieser Ziele wird durch die Implementierung, Aufrechterhaltung und Verbesserung der Wirksamkeit des Qualit\u00e4tsmanagementsystems, Lebensmittel- und Futtermittelsicherheit und Sicherheit in der Lieferkette auf der Grundlage internationaler Standards erreicht: IFS Broker, ISO 9001. Die Mitarbeiter des Unternehmens sind in die Kultur der Lebensmittel- und Futtermittelsicherheit eingebunden, sie sind sich ihrer Verantwortung f\u00fcr die Qualit\u00e4t, Gesundheitssicherheit und Legalit\u00e4t der gelieferten Waren bewusst. Sie sind in den oben genannten Systemen geschult, kennen die Risiken, die im gesamten Prozess der Leistungserbringung identifiziert wurden, und sind der Verantwortung, die mit der Erf\u00fcllung der Kundenerwartungen einhergeht, bewusst. Die Mitarbeiter geben ihr Bestes um FALKEN-TRADE w\u00e4re ein vertrauensw\u00fcrdiger Partner, auch durch die Gew\u00e4hrleistung eines hohen Sicherheitsniveaus in der Lieferkette.<br \/>\nDie oberste Leitung verpflichtet sich und alle Mitarbeiter, die Vorgaben des Managementsystems in ihrer t\u00e4glichen Arbeit umzusetzen und aktiv weiterzuentwickeln, die Wirksamkeit zu verbessern sowie die Einhaltung aller f\u00fcr die Organisation relevanten normativen und gesetzlichen Anforderungen zu \u00fcberwachen und zu aktualisieren. Die Unternehmensleitung erkl\u00e4rt, das Bewusstsein und den Wert der Mitarbeiter in Bezug auf die Kultur der Lebensmittel- und Futtermittelsicherheit sowie das Qualit\u00e4tsniveau der erbrachten Dienstleistungen st\u00e4ndig zu erh\u00f6hen, um allen, auch den schwierigsten Kundenanforderungen, im Rahmen bestehenden M\u00f6glichkeiten gerecht zu werden.<\/p>\n<\/div><\/section><\/div>\n<style type=\"text\/css\" data-created_by=\"avia_inline_auto\" id=\"style-css-av-3txkfu-bd7c8583b8fa30c32dba93d44f20af2c\">\n.flex_column.av-3txkfu-bd7c8583b8fa30c32dba93d44f20af2c{\nborder-radius:0px 0px 0px 0px;\npadding:0px 0px 0px 0px;\n}\n<\/style>\n<div  class='flex_column av-3txkfu-bd7c8583b8fa30c32dba93d44f20af2c av_one_half  avia-builder-el-2  el_after_av_one_full  avia-builder-el-last  first flex_column_div av-zero-column-padding  column-top-margin'     ><style type=\"text\/css\" data-created_by=\"avia_inline_auto\" id=\"style-css-av-kbhk6mmo-1d35d80b686266b61e79c3e489c0431e\">\n.avia-image-container.av-kbhk6mmo-1d35d80b686266b61e79c3e489c0431e img.avia_image{\nbox-shadow:none;\n}\n.avia-image-container.av-kbhk6mmo-1d35d80b686266b61e79c3e489c0431e .av-image-caption-overlay-center{\ncolor:#ffffff;\n}\n<\/style>\n<div  class='avia-image-container av-kbhk6mmo-1d35d80b686266b61e79c3e489c0431e av-styling- av-hover-grow avia-align-center  avia-builder-el-3  avia-builder-el-no-sibling '   itemprop=\"image\" itemscope=\"itemscope\" itemtype=\"https:\/\/schema.org\/ImageObject\" ><div class=\"avia-image-container-inner\"><div class=\"avia-image-overlay-wrap\"><img fetchpriority=\"high\" fetchpriority=\"high\" decoding=\"async\" fetchpriority=\"high\" class='wp-image-9114 avia-img-lazy-loading-not-9114 avia_image ' src=\"https:\/\/falken-trade.com\/wp-content\/uploads\/2025\/08\/Zrzut-ekranu-2025-08-22-102710-613x630.png\" alt='' title='Polityka jako\u015bci GmBH'  height=\"630\" width=\"613\"  itemprop=\"thumbnailUrl\" srcset=\"https:\/\/falken-trade.com\/wp-content\/uploads\/2025\/08\/Zrzut-ekranu-2025-08-22-102710-613x630.png 613w, https:\/\/falken-trade.com\/wp-content\/uploads\/2025\/08\/Zrzut-ekranu-2025-08-22-102710-36x36.png 36w\" sizes=\"(max-width: 613px) 100vw, 613px\" \/><\/div><\/div><\/div><\/div><\/p>\n","protected":false},"excerpt":{"rendered":"","protected":false},"author":2,"featured_media":0,"parent":0,"menu_order":0,"comment_status":"closed","ping_status":"closed","template":"","meta":{"footnotes":""},"class_list":["post-4203","page","type-page","status-publish","hentry"],"yoast_head":"<!-- This site is optimized with the Yoast SEO plugin v23.8 - https:\/\/yoast.com\/wordpress\/plugins\/seo\/ -->\n<title>Qualit\u00e4tsrichtlinie - Falken Trade - sklep z dodatkami funkcjonalnymi do \u017cywo\u015bci i pasz<\/title>\n<meta name=\"robots\" content=\"index, follow, max-snippet:-1, max-image-preview:large, max-video-preview:-1\" \/>\n<link rel=\"canonical\" href=\"https:\/\/falken-trade.com\/de\/polityka-jakosci\/\" \/>\n<meta property=\"og:locale\" content=\"de_DE\" \/>\n<meta property=\"og:type\" content=\"article\" \/>\n<meta property=\"og:title\" content=\"Qualit\u00e4tsrichtlinie - Falken Trade - sklep z dodatkami funkcjonalnymi do \u017cywo\u015bci i pasz\" \/>\n<meta property=\"og:url\" content=\"https:\/\/falken-trade.com\/de\/polityka-jakosci\/\" \/>\n<meta property=\"og:site_name\" content=\"Falken Trade - sklep z dodatkami funkcjonalnymi do \u017cywo\u015bci i pasz\" \/>\n<meta property=\"article:publisher\" content=\"https:\/\/www.facebook.com\/falkentrade\/\" \/>\n<meta property=\"article:modified_time\" content=\"2025-08-22T08:28:19+00:00\" \/>\n<meta name=\"twitter:card\" content=\"summary_large_image\" \/>\n<meta name=\"twitter:label1\" content=\"Gesch\u00e4tzte Lesezeit\" \/>\n\t<meta name=\"twitter:data1\" content=\"4\u00a0Minuten\" \/>\n<script type=\"application\/ld+json\" class=\"yoast-schema-graph\">{\"@context\":\"https:\/\/schema.org\",\"@graph\":[{\"@type\":\"WebPage\",\"@id\":\"https:\/\/falken-trade.com\/de\/polityka-jakosci\/\",\"url\":\"https:\/\/falken-trade.com\/de\/polityka-jakosci\/\",\"name\":\"Qualit\u00e4tsrichtlinie - Falken Trade - sklep z dodatkami funkcjonalnymi do \u017cywo\u015bci i pasz\",\"isPartOf\":{\"@id\":\"https:\/\/falken-trade.com\/#website\"},\"datePublished\":\"2020-10-07T11:22:47+00:00\",\"dateModified\":\"2025-08-22T08:28:19+00:00\",\"breadcrumb\":{\"@id\":\"https:\/\/falken-trade.com\/de\/polityka-jakosci\/#breadcrumb\"},\"inLanguage\":\"de\",\"potentialAction\":[{\"@type\":\"ReadAction\",\"target\":[\"https:\/\/falken-trade.com\/de\/polityka-jakosci\/\"]}]},{\"@type\":\"BreadcrumbList\",\"@id\":\"https:\/\/falken-trade.com\/de\/polityka-jakosci\/#breadcrumb\",\"itemListElement\":[{\"@type\":\"ListItem\",\"position\":1,\"name\":\"Strona g\u0142\u00f3wna\",\"item\":\"https:\/\/falken-trade.com\/de\/strona-glowna\/\"},{\"@type\":\"ListItem\",\"position\":2,\"name\":\"Qualit\u00e4tsrichtlinie\"}]},{\"@type\":\"WebSite\",\"@id\":\"https:\/\/falken-trade.com\/#website\",\"url\":\"https:\/\/falken-trade.com\/\",\"name\":\"Falken Trade - sklep z dodatkami funkcjonalnymi do \u017cywno\u015bci i pasz\",\"description\":\"Dystrybutor dodatk\u00f3w \u017cywno\u015bciowych i dodatk\u00f3w do pasz\",\"publisher\":{\"@id\":\"https:\/\/falken-trade.com\/#organization\"},\"alternateName\":\"sklep z dodatkami funkcjonalnymi do \u017cywno\u015bci i pasz\",\"potentialAction\":[{\"@type\":\"SearchAction\",\"target\":{\"@type\":\"EntryPoint\",\"urlTemplate\":\"https:\/\/falken-trade.com\/?s={search_term_string}\"},\"query-input\":{\"@type\":\"PropertyValueSpecification\",\"valueRequired\":true,\"valueName\":\"search_term_string\"}}],\"inLanguage\":\"de\"},{\"@type\":\"Organization\",\"@id\":\"https:\/\/falken-trade.com\/#organization\",\"name\":\"Falken Trade Polska\",\"url\":\"https:\/\/falken-trade.com\/\",\"logo\":{\"@type\":\"ImageObject\",\"inLanguage\":\"de\",\"@id\":\"https:\/\/falken-trade.com\/#\/schema\/logo\/image\/\",\"url\":\"https:\/\/falken-trade.com\/wp-content\/uploads\/2021\/10\/Logo-new-z-podpisem-scaled.jpg\",\"contentUrl\":\"https:\/\/falken-trade.com\/wp-content\/uploads\/2021\/10\/Logo-new-z-podpisem-scaled.jpg\",\"width\":2560,\"height\":941,\"caption\":\"Falken Trade Polska\"},\"image\":{\"@id\":\"https:\/\/falken-trade.com\/#\/schema\/logo\/image\/\"},\"sameAs\":[\"https:\/\/www.facebook.com\/falkentrade\/\",\"https:\/\/www.linkedin.com\/company\/19018107\/admin\/\"]}]}<\/script>\n<!-- \/ Yoast SEO plugin. -->","yoast_head_json":{"title":"Qualit\u00e4tsrichtlinie - Falken Trade - sklep z dodatkami funkcjonalnymi do \u017cywo\u015bci i pasz","robots":{"index":"index","follow":"follow","max-snippet":"max-snippet:-1","max-image-preview":"max-image-preview:large","max-video-preview":"max-video-preview:-1"},"canonical":"https:\/\/falken-trade.com\/de\/polityka-jakosci\/","og_locale":"de_DE","og_type":"article","og_title":"Qualit\u00e4tsrichtlinie - Falken Trade - sklep z dodatkami funkcjonalnymi do \u017cywo\u015bci i pasz","og_url":"https:\/\/falken-trade.com\/de\/polityka-jakosci\/","og_site_name":"Falken Trade - sklep z dodatkami funkcjonalnymi do \u017cywo\u015bci i pasz","article_publisher":"https:\/\/www.facebook.com\/falkentrade\/","article_modified_time":"2025-08-22T08:28:19+00:00","twitter_card":"summary_large_image","twitter_misc":{"Gesch\u00e4tzte Lesezeit":"4\u00a0Minuten"},"schema":{"@context":"https:\/\/schema.org","@graph":[{"@type":"WebPage","@id":"https:\/\/falken-trade.com\/de\/polityka-jakosci\/","url":"https:\/\/falken-trade.com\/de\/polityka-jakosci\/","name":"Qualit\u00e4tsrichtlinie - Falken Trade - sklep z dodatkami funkcjonalnymi do \u017cywo\u015bci i pasz","isPartOf":{"@id":"https:\/\/falken-trade.com\/#website"},"datePublished":"2020-10-07T11:22:47+00:00","dateModified":"2025-08-22T08:28:19+00:00","breadcrumb":{"@id":"https:\/\/falken-trade.com\/de\/polityka-jakosci\/#breadcrumb"},"inLanguage":"de","potentialAction":[{"@type":"ReadAction","target":["https:\/\/falken-trade.com\/de\/polityka-jakosci\/"]}]},{"@type":"BreadcrumbList","@id":"https:\/\/falken-trade.com\/de\/polityka-jakosci\/#breadcrumb","itemListElement":[{"@type":"ListItem","position":1,"name":"Strona g\u0142\u00f3wna","item":"https:\/\/falken-trade.com\/de\/strona-glowna\/"},{"@type":"ListItem","position":2,"name":"Qualit\u00e4tsrichtlinie"}]},{"@type":"WebSite","@id":"https:\/\/falken-trade.com\/#website","url":"https:\/\/falken-trade.com\/","name":"Falken Trade - sklep z dodatkami funkcjonalnymi do \u017cywno\u015bci i pasz","description":"Dystrybutor dodatk\u00f3w \u017cywno\u015bciowych i dodatk\u00f3w do pasz","publisher":{"@id":"https:\/\/falken-trade.com\/#organization"},"alternateName":"sklep z dodatkami funkcjonalnymi do \u017cywno\u015bci i pasz","potentialAction":[{"@type":"SearchAction","target":{"@type":"EntryPoint","urlTemplate":"https:\/\/falken-trade.com\/?s={search_term_string}"},"query-input":{"@type":"PropertyValueSpecification","valueRequired":true,"valueName":"search_term_string"}}],"inLanguage":"de"},{"@type":"Organization","@id":"https:\/\/falken-trade.com\/#organization","name":"Falken Trade Polska","url":"https:\/\/falken-trade.com\/","logo":{"@type":"ImageObject","inLanguage":"de","@id":"https:\/\/falken-trade.com\/#\/schema\/logo\/image\/","url":"https:\/\/falken-trade.com\/wp-content\/uploads\/2021\/10\/Logo-new-z-podpisem-scaled.jpg","contentUrl":"https:\/\/falken-trade.com\/wp-content\/uploads\/2021\/10\/Logo-new-z-podpisem-scaled.jpg","width":2560,"height":941,"caption":"Falken Trade Polska"},"image":{"@id":"https:\/\/falken-trade.com\/#\/schema\/logo\/image\/"},"sameAs":["https:\/\/www.facebook.com\/falkentrade\/","https:\/\/www.linkedin.com\/company\/19018107\/admin\/"]}]}},"_links":{"self":[{"href":"https:\/\/falken-trade.com\/de\/wp-json\/wp\/v2\/pages\/4203"}],"collection":[{"href":"https:\/\/falken-trade.com\/de\/wp-json\/wp\/v2\/pages"}],"about":[{"href":"https:\/\/falken-trade.com\/de\/wp-json\/wp\/v2\/types\/page"}],"author":[{"embeddable":true,"href":"https:\/\/falken-trade.com\/de\/wp-json\/wp\/v2\/users\/2"}],"replies":[{"embeddable":true,"href":"https:\/\/falken-trade.com\/de\/wp-json\/wp\/v2\/comments?post=4203"}],"version-history":[{"count":8,"href":"https:\/\/falken-trade.com\/de\/wp-json\/wp\/v2\/pages\/4203\/revisions"}],"predecessor-version":[{"id":9113,"href":"https:\/\/falken-trade.com\/de\/wp-json\/wp\/v2\/pages\/4203\/revisions\/9113"}],"wp:attachment":[{"href":"https:\/\/falken-trade.com\/de\/wp-json\/wp\/v2\/media?parent=4203"}],"curies":[{"name":"wp","href":"https:\/\/api.w.org\/{rel}","templated":true}]}}