{"id":4197,"date":"2020-10-07T13:20:35","date_gmt":"2020-10-07T11:20:35","guid":{"rendered":"https:\/\/falken-trade.com\/?page_id=4197"},"modified":"2023-07-14T08:44:18","modified_gmt":"2023-07-14T06:44:18","slug":"kontakt","status":"publish","type":"page","link":"https:\/\/falken-trade.com\/de\/kontakt\/","title":{"rendered":"Kontakt"},"content":{"rendered":"<div id='av_section_1'  class='avia-section av-uwr6-e6f3ac8cdad3de5ce67c8f3f6d3594a1 main_color avia-section-default avia-no-border-styling  avia-builder-el-0  avia-builder-el-no-sibling  avia-bg-style-scroll container_wrap sidebar_right'  ><div class='container av-section-cont-open' ><main  role=\"main\" itemprop=\"mainContentOfPage\"  class='template-page content  av-content-small alpha units'><div class='post-entry post-entry-type-page post-entry-4197'><div class='entry-content-wrapper clearfix'>\n\n<style type=\"text\/css\" data-created_by=\"avia_inline_auto\" id=\"style-css-av-bo3k2-1ac4f219b5d55f489df77b14b4341f19\">\n.flex_column.av-bo3k2-1ac4f219b5d55f489df77b14b4341f19{\nborder-radius:0px 0px 0px 0px;\npadding:0px 0px 0px 0px;\n}\n<\/style>\n<div  class='flex_column av-bo3k2-1ac4f219b5d55f489df77b14b4341f19 av_one_full  avia-builder-el-1  el_before_av_one_third  avia-builder-el-first  first flex_column_div av-zero-column-padding  '     ><div  class='av_gmaps_sc_main_wrap av_gmaps_main_wrap '><div id='av_gmap_0' class='avia-google-map-container avia-google-map-sc av_gmaps_show_unconditionally av-no-fallback-img ' data-mapid='av_gmap_0'  style='height: 400px;'><a class=\"av_gmaps_browser_disabled av_text_confirm_link av_text_confirm_link_visible\" href=\"https:\/\/www.google.com\/maps\/search\/?api=1&#038;query=Rejewskiego%205%2010-683%20Olsztyn%20%20Polska\" target=\"_blank\" rel=\"noopener\">Aufgrund deiner Datenschutz-Einstellungen k\u00f6nnen wir Ihnen die Karte nicht anzeigen. Klicken Sie hier, um die Karte in einem neuen Fenster zu \u00f6ffnen.<\/a><\/div><\/div><\/div>\n<style type=\"text\/css\" data-created_by=\"avia_inline_auto\" id=\"style-css-av-1nay4i-948aa95c3ffe50a986c9af269ba9e71f\">\n.flex_column.av-1nay4i-948aa95c3ffe50a986c9af269ba9e71f{\nborder-radius:0px 0px 0px 0px;\npadding:0px 0px 0px 0px;\n}\n<\/style>\n<div  class='flex_column av-1nay4i-948aa95c3ffe50a986c9af269ba9e71f av_one_third  avia-builder-el-3  el_after_av_one_full  el_before_av_one_third  first flex_column_div av-zero-column-padding  column-top-margin'     ><section  class='av_textblock_section av-k984ij9x-9c6ddfd51480e2ea9cf3593c39d476ed '   itemscope=\"itemscope\" itemtype=\"https:\/\/schema.org\/CreativeWork\" ><div class='avia_textblock'  itemprop=\"text\" ><p><strong>Falken Trade Sp. z o.o.<br \/>\n<\/strong><\/p>\n<p>ul.\u00a0Rejewskiego 5<br \/>\n10-683 Olsztyn<br \/>\nPolska<\/p>\n<p>Tel: + 48 89 514 03 00<br \/>\nFax: + 48 89 514 03 10<\/p>\n<p>e-mail:\u00a0<a href=\"mailto:biuro@falken-trade.com\">biuro(AT)falken-trade.com<\/a><\/p>\n<p>NIP: PL 739-375-23-43<br \/>\nREGON: 280415340<br \/>\nKRS: 0000973988<\/p>\n<\/div><\/section><\/div>\n<style type=\"text\/css\" data-created_by=\"avia_inline_auto\" id=\"style-css-av-4ee9e-44212be783d40399304f28ef8ae159e2\">\n.flex_column.av-4ee9e-44212be783d40399304f28ef8ae159e2{\nborder-radius:0px 0px 0px 0px;\npadding:0px 0px 0px 0px;\n}\n<\/style>\n<div  class='flex_column av-4ee9e-44212be783d40399304f28ef8ae159e2 av_one_third  avia-builder-el-5  el_after_av_one_third  el_before_av_one_third  flex_column_div av-zero-column-padding  column-top-margin'     ><section  class='av_textblock_section av-k984ij9x-1-c7fb4efa2f3fafbb0ea18cb57fc9df74 '   itemscope=\"itemscope\" itemtype=\"https:\/\/schema.org\/CreativeWork\" ><div class='avia_textblock'  itemprop=\"text\" ><p><strong>Falken Trade GmbH<\/strong><\/p>\n<p>Albert-Einstein-Stra\u00dfe 46<br \/>\n23617 Stockelsdorf<br \/>\nGermany<\/p>\n<p>Tel: +49 (0) 451 31702 500<br \/>\nFax: +49 (0) 451 31702 510<\/p>\n<p>e-mail:\u00a0<a href=\"mailto:info@falken-trade.com\">info(AT)falken-trade.com<\/a><\/p>\n<p>UST-ID: DE 813 885 225<br \/>\nHRB: 8119 HL<\/p>\n<\/div><\/section><\/div>\n<style type=\"text\/css\" data-created_by=\"avia_inline_auto\" id=\"style-css-av-xv5re-b743e14c6032775aa446686bca5f7ca6\">\n.flex_column.av-xv5re-b743e14c6032775aa446686bca5f7ca6{\nborder-radius:0px 0px 0px 0px;\npadding:0px 0px 0px 0px;\n}\n<\/style>\n<div  class='flex_column av-xv5re-b743e14c6032775aa446686bca5f7ca6 av_one_third  avia-builder-el-7  el_after_av_one_third  avia-builder-el-last  flex_column_div av-zero-column-padding  column-top-margin'     ><form action=\"https:\/\/falken-trade.com\/de\/kontakt\/\" method=\"post\" data-fields-with-error=\"Fehler wurden in folgenden Feld(ern) gefunden:\" class=\"avia_ajax_form av-form-labels-hidden   avia-builder-el-8  avia-builder-el-no-sibling   \" data-avia-form-id=\"1\" data-avia-redirect='' ><fieldset><p class='  first_form  form_element form_element_half' id='element_avia_1_1'><label for=\"avia_1_1\">Name <abbr class=\"required\" title=\"ben\u00f6tigt\">*<\/abbr><\/label> <input name=\"avia_1_1\" class=\"text_input is_empty\" type=\"text\" id=\"avia_1_1\" value=\"\"  placeholder='Name*'\/><\/p><p class='  form_element form_element_half' id='element_avia_2_1'><label for=\"avia_2_1\">E-Mail <abbr class=\"required\" title=\"ben\u00f6tigt\">*<\/abbr><\/label> <input name=\"avia_2_1\" class=\"text_input is_email\" type=\"text\" id=\"avia_2_1\" value=\"\"  placeholder='E-Mail*'\/><\/p><p class='  first_form  form_element form_fullwidth' id='element_avia_3_1'><label for=\"avia_3_1\">Thema <abbr class=\"required\" title=\"ben\u00f6tigt\">*<\/abbr><\/label> <input name=\"avia_3_1\" class=\"text_input is_empty\" type=\"text\" id=\"avia_3_1\" value=\"\"  placeholder='Thema*'\/><\/p><p class='  first_form  form_element form_fullwidth av-last-visible-form-element' id='element_avia_4_1'><label for=\"avia_4_1\" class=\"textare_label hidden textare_label_avia_4_1\">Nachrichteninhalt <abbr class=\"required\" title=\"ben\u00f6tigt\">*<\/abbr><\/label><textarea  placeholder='Nachrichteninhalt*' name=\"avia_4_1\" class=\"text_area is_empty\" cols=\"40\" rows=\"7\" id=\"avia_4_1\" ><\/textarea><\/p><p class=\"hidden\"><input type=\"text\" name=\"avia_5_1\" class=\"hidden \" id=\"avia_5_1\" value=\"\" \/><\/p><p class=\"form_element \"><input type=\"hidden\" value=\"1\" name=\"avia_generated_form1\" \/><input type=\"submit\" value=\"Eine Nachricht schicken\" class=\"button\"  data-sending-label=\"Sende\"\/><\/p><\/fieldset><\/form><div id=\"ajaxresponse_1\" class=\"ajaxresponse ajaxresponse_1 hidden\"><\/div><\/div><\/div><\/div><\/main><!-- close content main element --><\/div><\/div><div id='after_section_1'  class='main_color av_default_container_wrap container_wrap sidebar_right'  ><div class='container av-section-cont-open' ><div class='template-page content  av-content-small alpha units'><div class='post-entry post-entry-type-page post-entry-4197'><div class='entry-content-wrapper clearfix'>\n","protected":false},"excerpt":{"rendered":"","protected":false},"author":2,"featured_media":0,"parent":0,"menu_order":0,"comment_status":"closed","ping_status":"closed","template":"","meta":{"footnotes":""},"class_list":["post-4197","page","type-page","status-publish","hentry"],"yoast_head":"<!-- This site is optimized with the Yoast SEO plugin v23.8 - https:\/\/yoast.com\/wordpress\/plugins\/seo\/ -->\n<title>Kontakt - Falken Trade - sklep z dodatkami funkcjonalnymi do \u017cywo\u015bci i pasz<\/title>\n<meta name=\"robots\" content=\"index, follow, max-snippet:-1, max-image-preview:large, max-video-preview:-1\" \/>\n<link rel=\"canonical\" href=\"https:\/\/falken-trade.com\/de\/kontakt\/\" \/>\n<meta property=\"og:locale\" content=\"de_DE\" \/>\n<meta property=\"og:type\" content=\"article\" \/>\n<meta property=\"og:title\" content=\"Kontakt - Falken Trade - sklep z dodatkami funkcjonalnymi do \u017cywo\u015bci i pasz\" \/>\n<meta property=\"og:url\" content=\"https:\/\/falken-trade.com\/de\/kontakt\/\" \/>\n<meta property=\"og:site_name\" content=\"Falken Trade - sklep z dodatkami funkcjonalnymi do \u017cywo\u015bci i pasz\" \/>\n<meta property=\"article:publisher\" content=\"https:\/\/www.facebook.com\/falkentrade\/\" \/>\n<meta property=\"article:modified_time\" content=\"2023-07-14T06:44:18+00:00\" \/>\n<meta name=\"twitter:card\" content=\"summary_large_image\" \/>\n<meta name=\"twitter:label1\" content=\"Gesch\u00e4tzte Lesezeit\" \/>\n\t<meta name=\"twitter:data1\" content=\"6\u00a0Minuten\" \/>\n<script type=\"application\/ld+json\" class=\"yoast-schema-graph\">{\"@context\":\"https:\/\/schema.org\",\"@graph\":[{\"@type\":\"WebPage\",\"@id\":\"https:\/\/falken-trade.com\/de\/kontakt\/\",\"url\":\"https:\/\/falken-trade.com\/de\/kontakt\/\",\"name\":\"Kontakt - Falken Trade - sklep z dodatkami funkcjonalnymi do \u017cywo\u015bci i pasz\",\"isPartOf\":{\"@id\":\"https:\/\/falken-trade.com\/#website\"},\"datePublished\":\"2020-10-07T11:20:35+00:00\",\"dateModified\":\"2023-07-14T06:44:18+00:00\",\"breadcrumb\":{\"@id\":\"https:\/\/falken-trade.com\/de\/kontakt\/#breadcrumb\"},\"inLanguage\":\"de\",\"potentialAction\":[{\"@type\":\"ReadAction\",\"target\":[\"https:\/\/falken-trade.com\/de\/kontakt\/\"]}]},{\"@type\":\"BreadcrumbList\",\"@id\":\"https:\/\/falken-trade.com\/de\/kontakt\/#breadcrumb\",\"itemListElement\":[{\"@type\":\"ListItem\",\"position\":1,\"name\":\"Strona g\u0142\u00f3wna\",\"item\":\"https:\/\/falken-trade.com\/de\/strona-glowna\/\"},{\"@type\":\"ListItem\",\"position\":2,\"name\":\"Kontakt\"}]},{\"@type\":\"WebSite\",\"@id\":\"https:\/\/falken-trade.com\/#website\",\"url\":\"https:\/\/falken-trade.com\/\",\"name\":\"Falken Trade - sklep z dodatkami funkcjonalnymi do \u017cywno\u015bci i pasz\",\"description\":\"Dystrybutor dodatk\u00f3w \u017cywno\u015bciowych i dodatk\u00f3w do pasz\",\"publisher\":{\"@id\":\"https:\/\/falken-trade.com\/#organization\"},\"alternateName\":\"sklep z dodatkami funkcjonalnymi do \u017cywno\u015bci i pasz\",\"potentialAction\":[{\"@type\":\"SearchAction\",\"target\":{\"@type\":\"EntryPoint\",\"urlTemplate\":\"https:\/\/falken-trade.com\/?s={search_term_string}\"},\"query-input\":{\"@type\":\"PropertyValueSpecification\",\"valueRequired\":true,\"valueName\":\"search_term_string\"}}],\"inLanguage\":\"de\"},{\"@type\":\"Organization\",\"@id\":\"https:\/\/falken-trade.com\/#organization\",\"name\":\"Falken Trade Polska\",\"url\":\"https:\/\/falken-trade.com\/\",\"logo\":{\"@type\":\"ImageObject\",\"inLanguage\":\"de\",\"@id\":\"https:\/\/falken-trade.com\/#\/schema\/logo\/image\/\",\"url\":\"https:\/\/falken-trade.com\/wp-content\/uploads\/2021\/10\/Logo-new-z-podpisem-scaled.jpg\",\"contentUrl\":\"https:\/\/falken-trade.com\/wp-content\/uploads\/2021\/10\/Logo-new-z-podpisem-scaled.jpg\",\"width\":2560,\"height\":941,\"caption\":\"Falken Trade Polska\"},\"image\":{\"@id\":\"https:\/\/falken-trade.com\/#\/schema\/logo\/image\/\"},\"sameAs\":[\"https:\/\/www.facebook.com\/falkentrade\/\",\"https:\/\/www.linkedin.com\/company\/19018107\/admin\/\"]}]}<\/script>\n<!-- \/ Yoast SEO plugin. -->","yoast_head_json":{"title":"Kontakt - Falken Trade - sklep z dodatkami funkcjonalnymi do \u017cywo\u015bci i pasz","robots":{"index":"index","follow":"follow","max-snippet":"max-snippet:-1","max-image-preview":"max-image-preview:large","max-video-preview":"max-video-preview:-1"},"canonical":"https:\/\/falken-trade.com\/de\/kontakt\/","og_locale":"de_DE","og_type":"article","og_title":"Kontakt - Falken Trade - sklep z dodatkami funkcjonalnymi do \u017cywo\u015bci i pasz","og_url":"https:\/\/falken-trade.com\/de\/kontakt\/","og_site_name":"Falken Trade - sklep z dodatkami funkcjonalnymi do \u017cywo\u015bci i pasz","article_publisher":"https:\/\/www.facebook.com\/falkentrade\/","article_modified_time":"2023-07-14T06:44:18+00:00","twitter_card":"summary_large_image","twitter_misc":{"Gesch\u00e4tzte Lesezeit":"6\u00a0Minuten"},"schema":{"@context":"https:\/\/schema.org","@graph":[{"@type":"WebPage","@id":"https:\/\/falken-trade.com\/de\/kontakt\/","url":"https:\/\/falken-trade.com\/de\/kontakt\/","name":"Kontakt - Falken Trade - sklep z dodatkami funkcjonalnymi do \u017cywo\u015bci i pasz","isPartOf":{"@id":"https:\/\/falken-trade.com\/#website"},"datePublished":"2020-10-07T11:20:35+00:00","dateModified":"2023-07-14T06:44:18+00:00","breadcrumb":{"@id":"https:\/\/falken-trade.com\/de\/kontakt\/#breadcrumb"},"inLanguage":"de","potentialAction":[{"@type":"ReadAction","target":["https:\/\/falken-trade.com\/de\/kontakt\/"]}]},{"@type":"BreadcrumbList","@id":"https:\/\/falken-trade.com\/de\/kontakt\/#breadcrumb","itemListElement":[{"@type":"ListItem","position":1,"name":"Strona g\u0142\u00f3wna","item":"https:\/\/falken-trade.com\/de\/strona-glowna\/"},{"@type":"ListItem","position":2,"name":"Kontakt"}]},{"@type":"WebSite","@id":"https:\/\/falken-trade.com\/#website","url":"https:\/\/falken-trade.com\/","name":"Falken Trade - sklep z dodatkami funkcjonalnymi do \u017cywno\u015bci i pasz","description":"Dystrybutor dodatk\u00f3w \u017cywno\u015bciowych i dodatk\u00f3w do pasz","publisher":{"@id":"https:\/\/falken-trade.com\/#organization"},"alternateName":"sklep z dodatkami funkcjonalnymi do \u017cywno\u015bci i pasz","potentialAction":[{"@type":"SearchAction","target":{"@type":"EntryPoint","urlTemplate":"https:\/\/falken-trade.com\/?s={search_term_string}"},"query-input":{"@type":"PropertyValueSpecification","valueRequired":true,"valueName":"search_term_string"}}],"inLanguage":"de"},{"@type":"Organization","@id":"https:\/\/falken-trade.com\/#organization","name":"Falken Trade Polska","url":"https:\/\/falken-trade.com\/","logo":{"@type":"ImageObject","inLanguage":"de","@id":"https:\/\/falken-trade.com\/#\/schema\/logo\/image\/","url":"https:\/\/falken-trade.com\/wp-content\/uploads\/2021\/10\/Logo-new-z-podpisem-scaled.jpg","contentUrl":"https:\/\/falken-trade.com\/wp-content\/uploads\/2021\/10\/Logo-new-z-podpisem-scaled.jpg","width":2560,"height":941,"caption":"Falken Trade Polska"},"image":{"@id":"https:\/\/falken-trade.com\/#\/schema\/logo\/image\/"},"sameAs":["https:\/\/www.facebook.com\/falkentrade\/","https:\/\/www.linkedin.com\/company\/19018107\/admin\/"]}]}},"_links":{"self":[{"href":"https:\/\/falken-trade.com\/de\/wp-json\/wp\/v2\/pages\/4197"}],"collection":[{"href":"https:\/\/falken-trade.com\/de\/wp-json\/wp\/v2\/pages"}],"about":[{"href":"https:\/\/falken-trade.com\/de\/wp-json\/wp\/v2\/types\/page"}],"author":[{"embeddable":true,"href":"https:\/\/falken-trade.com\/de\/wp-json\/wp\/v2\/users\/2"}],"replies":[{"embeddable":true,"href":"https:\/\/falken-trade.com\/de\/wp-json\/wp\/v2\/comments?post=4197"}],"version-history":[{"count":8,"href":"https:\/\/falken-trade.com\/de\/wp-json\/wp\/v2\/pages\/4197\/revisions"}],"predecessor-version":[{"id":5420,"href":"https:\/\/falken-trade.com\/de\/wp-json\/wp\/v2\/pages\/4197\/revisions\/5420"}],"wp:attachment":[{"href":"https:\/\/falken-trade.com\/de\/wp-json\/wp\/v2\/media?parent=4197"}],"curies":[{"name":"wp","href":"https:\/\/api.w.org\/{rel}","templated":true}]}}