{"id":4183,"date":"2020-10-07T13:06:45","date_gmt":"2020-10-07T11:06:45","guid":{"rendered":"https:\/\/falken-trade.com\/?page_id=4183"},"modified":"2021-10-08T09:45:31","modified_gmt":"2021-10-08T07:45:31","slug":"werdegang","status":"publish","type":"page","link":"https:\/\/falken-trade.com\/de\/werdegang\/","title":{"rendered":"Werdegang"},"content":{"rendered":"<div class='flex_column_table av-k9vrmyxd-88759ad78ebf1c8656bdf5f46eee2bab sc-av_one_half av-equal-height-column-flextable'>\n<style type=\"text\/css\" data-created_by=\"avia_inline_auto\" id=\"style-css-av-k9vrmyxd-88759ad78ebf1c8656bdf5f46eee2bab\">\n.flex_column.av-k9vrmyxd-88759ad78ebf1c8656bdf5f46eee2bab{\nborder-radius:0px 0px 0px 0px;\npadding:0px 0px 0px 0px;\n}\n<\/style>\n<div  class='flex_column av-k9vrmyxd-88759ad78ebf1c8656bdf5f46eee2bab av_one_half  avia-builder-el-0  el_before_av_one_half  avia-builder-el-first  first flex_column_table_cell av-equal-height-column av-align-middle av-zero-column-padding  '     ><section  class='av_textblock_section av-k9vrmlil-96f482d2db5ce95f98ae186ce5b5a469 '   itemscope=\"itemscope\" itemtype=\"https:\/\/schema.org\/CreativeWork\" ><div class='avia_textblock'  itemprop=\"text\" ><section class=\"av_textblock_section \">\n<div class=\"avia_textblock \">\n<p>Je\u015bli jeste\u015b zainteresowany prac\u0105 w\u00a0firmie Falken Trade prosimy prze\u015blij do\u00a0nas swoje CV ze\u00a0zdj\u0119ciem wraz z\u00a0listem motywacyjnym na:<\/p>\n<p><a href=\"mailto:hr@falken-trade.com\"><strong>hr@falken-trade.com<\/strong><\/a><\/p>\n<p>b\u0105d\u017a na\u00a0poni\u017cszy adres:<\/p>\n<p><strong>Falken Trade Polska Sp. z\u00a0o.o. Sp. K.<\/strong><br \/>\n<strong>ul.\u00a0Rejewskiego 5<\/strong><br \/>\n<strong>10-683 Olsztyn<\/strong><br \/>\n<strong>Polska<\/strong><\/p>\n<\/div>\n<\/section>\n<section class=\"av_textblock_section \">\n<div class=\"avia_textblock \">\n<p>Zapraszamy do\u00a0zapoznania si\u0119 z\u00a0aktualnymi ofertami pracy:<\/p>\n<p><a href=\"https:\/\/pracodawcy.pracuj.pl\/falken-trade-polska-sp-z-o-o-sp-k,2767\"><strong>pracuj.pl\/falken<\/strong><\/a><\/p>\n<p><strong>Do\u0142\u0105cz do\u00a0naszego zespo\u0142u !<\/strong><\/p>\n<\/div>\n<\/section>\n<\/div><\/section><\/div>\n<div class='av-flex-placeholder'><\/div>\n<style type=\"text\/css\" data-created_by=\"avia_inline_auto\" id=\"style-css-av-2rhu4n-e1210a2e5af90d6f106286ba887c1e8f\">\n.flex_column.av-2rhu4n-e1210a2e5af90d6f106286ba887c1e8f{\nborder-radius:0px 0px 0px 0px;\npadding:0px 0px 0px 0px;\n}\n<\/style>\n<div  class='flex_column av-2rhu4n-e1210a2e5af90d6f106286ba887c1e8f av_one_half  avia-builder-el-2  el_after_av_one_half  avia-builder-el-last  flex_column_table_cell av-equal-height-column av-align-middle av-zero-column-padding  '     ><style type=\"text\/css\" data-created_by=\"avia_inline_auto\" id=\"style-css-av-k9vrmvuo-262babbd29f0c382b1f5a98504672930\">\n.avia-image-container.av-k9vrmvuo-262babbd29f0c382b1f5a98504672930 img.avia_image{\nbox-shadow:none;\n}\n.avia-image-container.av-k9vrmvuo-262babbd29f0c382b1f5a98504672930 .av-image-caption-overlay-center{\ncolor:#ffffff;\n}\n<\/style>\n<div  class='avia-image-container av-k9vrmvuo-262babbd29f0c382b1f5a98504672930 av-styling- avia-align-center  avia-builder-el-3  avia-builder-el-no-sibling '   itemprop=\"image\" itemscope=\"itemscope\" itemtype=\"https:\/\/schema.org\/ImageObject\" ><div class=\"avia-image-container-inner\"><div class=\"avia-image-overlay-wrap\"><img fetchpriority=\"high\" fetchpriority=\"high\" decoding=\"async\" fetchpriority=\"high\" class='wp-image-5011 avia-img-lazy-loading-not-5011 avia_image ' src=\"https:\/\/falken-trade.com\/wp-content\/uploads\/2021\/10\/Zdjecie7-1030x687.jpg\" alt='' title='Zdjecie7'  height=\"687\" width=\"1030\"  itemprop=\"thumbnailUrl\" srcset=\"https:\/\/falken-trade.com\/wp-content\/uploads\/2021\/10\/Zdjecie7-1030x687.jpg 1030w, https:\/\/falken-trade.com\/wp-content\/uploads\/2021\/10\/Zdjecie7-300x200.jpg 300w, https:\/\/falken-trade.com\/wp-content\/uploads\/2021\/10\/Zdjecie7-768x512.jpg 768w, https:\/\/falken-trade.com\/wp-content\/uploads\/2021\/10\/Zdjecie7-1536x1024.jpg 1536w, https:\/\/falken-trade.com\/wp-content\/uploads\/2021\/10\/Zdjecie7-2048x1365.jpg 2048w, https:\/\/falken-trade.com\/wp-content\/uploads\/2021\/10\/Zdjecie7-1500x1000.jpg 1500w, https:\/\/falken-trade.com\/wp-content\/uploads\/2021\/10\/Zdjecie7-705x470.jpg 705w\" sizes=\"(max-width: 1030px) 100vw, 1030px\" \/><\/div><\/div><\/div><\/div><\/div><!--close column table wrapper. Autoclose: 1 -->\n","protected":false},"excerpt":{"rendered":"","protected":false},"author":2,"featured_media":0,"parent":0,"menu_order":0,"comment_status":"closed","ping_status":"closed","template":"","meta":{"footnotes":""},"class_list":["post-4183","page","type-page","status-publish","hentry"],"yoast_head":"<!-- This site is optimized with the Yoast SEO plugin v23.8 - https:\/\/yoast.com\/wordpress\/plugins\/seo\/ -->\n<title>Werdegang - Falken Trade - sklep z dodatkami funkcjonalnymi do \u017cywo\u015bci i pasz<\/title>\n<meta name=\"robots\" content=\"index, follow, max-snippet:-1, max-image-preview:large, max-video-preview:-1\" \/>\n<link rel=\"canonical\" href=\"https:\/\/falken-trade.com\/de\/werdegang\/\" \/>\n<meta property=\"og:locale\" content=\"de_DE\" \/>\n<meta property=\"og:type\" content=\"article\" \/>\n<meta property=\"og:title\" content=\"Werdegang - Falken Trade - sklep z dodatkami funkcjonalnymi do \u017cywo\u015bci i pasz\" \/>\n<meta property=\"og:url\" content=\"https:\/\/falken-trade.com\/de\/werdegang\/\" \/>\n<meta property=\"og:site_name\" content=\"Falken Trade - sklep z dodatkami funkcjonalnymi do \u017cywo\u015bci i pasz\" \/>\n<meta property=\"article:publisher\" content=\"https:\/\/www.facebook.com\/falkentrade\/\" \/>\n<meta property=\"article:modified_time\" content=\"2021-10-08T07:45:31+00:00\" \/>\n<meta name=\"twitter:card\" content=\"summary_large_image\" \/>\n<meta name=\"twitter:label1\" content=\"Gesch\u00e4tzte Lesezeit\" \/>\n\t<meta name=\"twitter:data1\" content=\"2\u00a0Minuten\" \/>\n<script type=\"application\/ld+json\" class=\"yoast-schema-graph\">{\"@context\":\"https:\/\/schema.org\",\"@graph\":[{\"@type\":\"WebPage\",\"@id\":\"https:\/\/falken-trade.com\/de\/werdegang\/\",\"url\":\"https:\/\/falken-trade.com\/de\/werdegang\/\",\"name\":\"Werdegang - Falken Trade - sklep z dodatkami funkcjonalnymi do \u017cywo\u015bci i pasz\",\"isPartOf\":{\"@id\":\"https:\/\/falken-trade.com\/#website\"},\"datePublished\":\"2020-10-07T11:06:45+00:00\",\"dateModified\":\"2021-10-08T07:45:31+00:00\",\"breadcrumb\":{\"@id\":\"https:\/\/falken-trade.com\/de\/werdegang\/#breadcrumb\"},\"inLanguage\":\"de\",\"potentialAction\":[{\"@type\":\"ReadAction\",\"target\":[\"https:\/\/falken-trade.com\/de\/werdegang\/\"]}]},{\"@type\":\"BreadcrumbList\",\"@id\":\"https:\/\/falken-trade.com\/de\/werdegang\/#breadcrumb\",\"itemListElement\":[{\"@type\":\"ListItem\",\"position\":1,\"name\":\"Strona g\u0142\u00f3wna\",\"item\":\"https:\/\/falken-trade.com\/de\/strona-glowna\/\"},{\"@type\":\"ListItem\",\"position\":2,\"name\":\"Werdegang\"}]},{\"@type\":\"WebSite\",\"@id\":\"https:\/\/falken-trade.com\/#website\",\"url\":\"https:\/\/falken-trade.com\/\",\"name\":\"Falken Trade - sklep z dodatkami funkcjonalnymi do \u017cywno\u015bci i pasz\",\"description\":\"Dystrybutor dodatk\u00f3w \u017cywno\u015bciowych i dodatk\u00f3w do pasz\",\"publisher\":{\"@id\":\"https:\/\/falken-trade.com\/#organization\"},\"alternateName\":\"sklep z dodatkami funkcjonalnymi do \u017cywno\u015bci i pasz\",\"potentialAction\":[{\"@type\":\"SearchAction\",\"target\":{\"@type\":\"EntryPoint\",\"urlTemplate\":\"https:\/\/falken-trade.com\/?s={search_term_string}\"},\"query-input\":{\"@type\":\"PropertyValueSpecification\",\"valueRequired\":true,\"valueName\":\"search_term_string\"}}],\"inLanguage\":\"de\"},{\"@type\":\"Organization\",\"@id\":\"https:\/\/falken-trade.com\/#organization\",\"name\":\"Falken Trade Polska\",\"url\":\"https:\/\/falken-trade.com\/\",\"logo\":{\"@type\":\"ImageObject\",\"inLanguage\":\"de\",\"@id\":\"https:\/\/falken-trade.com\/#\/schema\/logo\/image\/\",\"url\":\"https:\/\/falken-trade.com\/wp-content\/uploads\/2021\/10\/Logo-new-z-podpisem-scaled.jpg\",\"contentUrl\":\"https:\/\/falken-trade.com\/wp-content\/uploads\/2021\/10\/Logo-new-z-podpisem-scaled.jpg\",\"width\":2560,\"height\":941,\"caption\":\"Falken Trade Polska\"},\"image\":{\"@id\":\"https:\/\/falken-trade.com\/#\/schema\/logo\/image\/\"},\"sameAs\":[\"https:\/\/www.facebook.com\/falkentrade\/\",\"https:\/\/www.linkedin.com\/company\/19018107\/admin\/\"]}]}<\/script>\n<!-- \/ Yoast SEO plugin. -->","yoast_head_json":{"title":"Werdegang - Falken Trade - sklep z dodatkami funkcjonalnymi do \u017cywo\u015bci i pasz","robots":{"index":"index","follow":"follow","max-snippet":"max-snippet:-1","max-image-preview":"max-image-preview:large","max-video-preview":"max-video-preview:-1"},"canonical":"https:\/\/falken-trade.com\/de\/werdegang\/","og_locale":"de_DE","og_type":"article","og_title":"Werdegang - Falken Trade - sklep z dodatkami funkcjonalnymi do \u017cywo\u015bci i pasz","og_url":"https:\/\/falken-trade.com\/de\/werdegang\/","og_site_name":"Falken Trade - sklep z dodatkami funkcjonalnymi do \u017cywo\u015bci i pasz","article_publisher":"https:\/\/www.facebook.com\/falkentrade\/","article_modified_time":"2021-10-08T07:45:31+00:00","twitter_card":"summary_large_image","twitter_misc":{"Gesch\u00e4tzte Lesezeit":"2\u00a0Minuten"},"schema":{"@context":"https:\/\/schema.org","@graph":[{"@type":"WebPage","@id":"https:\/\/falken-trade.com\/de\/werdegang\/","url":"https:\/\/falken-trade.com\/de\/werdegang\/","name":"Werdegang - Falken Trade - sklep z dodatkami funkcjonalnymi do \u017cywo\u015bci i pasz","isPartOf":{"@id":"https:\/\/falken-trade.com\/#website"},"datePublished":"2020-10-07T11:06:45+00:00","dateModified":"2021-10-08T07:45:31+00:00","breadcrumb":{"@id":"https:\/\/falken-trade.com\/de\/werdegang\/#breadcrumb"},"inLanguage":"de","potentialAction":[{"@type":"ReadAction","target":["https:\/\/falken-trade.com\/de\/werdegang\/"]}]},{"@type":"BreadcrumbList","@id":"https:\/\/falken-trade.com\/de\/werdegang\/#breadcrumb","itemListElement":[{"@type":"ListItem","position":1,"name":"Strona g\u0142\u00f3wna","item":"https:\/\/falken-trade.com\/de\/strona-glowna\/"},{"@type":"ListItem","position":2,"name":"Werdegang"}]},{"@type":"WebSite","@id":"https:\/\/falken-trade.com\/#website","url":"https:\/\/falken-trade.com\/","name":"Falken Trade - sklep z dodatkami funkcjonalnymi do \u017cywno\u015bci i pasz","description":"Dystrybutor dodatk\u00f3w \u017cywno\u015bciowych i dodatk\u00f3w do pasz","publisher":{"@id":"https:\/\/falken-trade.com\/#organization"},"alternateName":"sklep z dodatkami funkcjonalnymi do \u017cywno\u015bci i pasz","potentialAction":[{"@type":"SearchAction","target":{"@type":"EntryPoint","urlTemplate":"https:\/\/falken-trade.com\/?s={search_term_string}"},"query-input":{"@type":"PropertyValueSpecification","valueRequired":true,"valueName":"search_term_string"}}],"inLanguage":"de"},{"@type":"Organization","@id":"https:\/\/falken-trade.com\/#organization","name":"Falken Trade Polska","url":"https:\/\/falken-trade.com\/","logo":{"@type":"ImageObject","inLanguage":"de","@id":"https:\/\/falken-trade.com\/#\/schema\/logo\/image\/","url":"https:\/\/falken-trade.com\/wp-content\/uploads\/2021\/10\/Logo-new-z-podpisem-scaled.jpg","contentUrl":"https:\/\/falken-trade.com\/wp-content\/uploads\/2021\/10\/Logo-new-z-podpisem-scaled.jpg","width":2560,"height":941,"caption":"Falken Trade Polska"},"image":{"@id":"https:\/\/falken-trade.com\/#\/schema\/logo\/image\/"},"sameAs":["https:\/\/www.facebook.com\/falkentrade\/","https:\/\/www.linkedin.com\/company\/19018107\/admin\/"]}]}},"_links":{"self":[{"href":"https:\/\/falken-trade.com\/de\/wp-json\/wp\/v2\/pages\/4183"}],"collection":[{"href":"https:\/\/falken-trade.com\/de\/wp-json\/wp\/v2\/pages"}],"about":[{"href":"https:\/\/falken-trade.com\/de\/wp-json\/wp\/v2\/types\/page"}],"author":[{"embeddable":true,"href":"https:\/\/falken-trade.com\/de\/wp-json\/wp\/v2\/users\/2"}],"replies":[{"embeddable":true,"href":"https:\/\/falken-trade.com\/de\/wp-json\/wp\/v2\/comments?post=4183"}],"version-history":[{"count":5,"href":"https:\/\/falken-trade.com\/de\/wp-json\/wp\/v2\/pages\/4183\/revisions"}],"predecessor-version":[{"id":5019,"href":"https:\/\/falken-trade.com\/de\/wp-json\/wp\/v2\/pages\/4183\/revisions\/5019"}],"wp:attachment":[{"href":"https:\/\/falken-trade.com\/de\/wp-json\/wp\/v2\/media?parent=4183"}],"curies":[{"name":"wp","href":"https:\/\/api.w.org\/{rel}","templated":true}]}}